{"id":5594,"date":"2023-11-24T13:42:40","date_gmt":"2023-11-24T12:42:40","guid":{"rendered":"https:\/\/www.falua.pt\/?page_id=5594"},"modified":"2026-02-05T18:06:39","modified_gmt":"2026-02-05T17:06:39","slug":"a-quinta-do-mourao","status":"publish","type":"page","link":"https:\/\/www.falua.pt\/fr\/a-quinta-do-mourao\/","title":{"rendered":"A Quinta do Mour\u00e3o"},"content":{"rendered":"\t\t<div data-elementor-type=\"wp-page\" data-elementor-id=\"5594\" class=\"elementor elementor-5594 elementor-5540\" data-elementor-post-type=\"page\">\n\t\t\t\t\t\t<section class=\"elementor-section elementor-top-section elementor-element elementor-element-c153fd3 firstsection img-bg-column-right elementor-reverse-mobile elementor-section-boxed elementor-section-height-default elementor-section-height-default\" data-id=\"c153fd3\" data-element_type=\"section\" data-e-type=\"section\">\n\t\t\t\t\t\t<div class=\"elementor-container elementor-column-gap-default\">\n\t\t\t\t\t<div class=\"elementor-column elementor-col-50 elementor-top-column elementor-element elementor-element-0485757 intro\" data-id=\"0485757\" data-element_type=\"column\" data-e-type=\"column\">\n\t\t\t<div class=\"elementor-widget-wrap elementor-element-populated\">\n\t\t\t\t\t\t<div class=\"elementor-element elementor-element-fb91167 header imgbox-titulo-subtitulo elementor-widget elementor-widget-image-box\" data-id=\"fb91167\" data-element_type=\"widget\" data-e-type=\"widget\" data-widget_type=\"image-box.default\">\n\t\t\t\t<div class=\"elementor-widget-container\">\n\t\t\t\t\t<div class=\"elementor-image-box-wrapper\"><div class=\"elementor-image-box-content\"><h1 class=\"elementor-image-box-title\">Quinta do Mour\u00e3o <\/h1><p class=\"elementor-image-box-description\">Le Douro r\u00e9v\u00e9l\u00e9 dans chaque bouteille <\/p><\/div><\/div>\t\t\t\t<\/div>\n\t\t\t\t<\/div>\n\t\t\t\t<div class=\"elementor-element elementor-element-edb9ec2 elementor-widget elementor-widget-text-editor\" data-id=\"edb9ec2\" data-element_type=\"widget\" data-e-type=\"widget\" data-widget_type=\"text-editor.default\">\n\t\t\t\t<div class=\"elementor-widget-container\">\n\t\t\t\t\t\t\t\t\t<p>Localiz\u00e9e dans la r\u00e9gion du Baixo Corgo, \u00e0 Lamego, depuis les ann\u00e9es 70, l&#8217;activit\u00e9 de la Quinta do Mour\u00e3o s&#8217;est \u00e9tendue \u00e0 d&#8217;autres propri\u00e9t\u00e9s, toutes situ\u00e9es dans des emplacements privil\u00e9gi\u00e9s, dans les sous-r\u00e9gions du Baixo et du Cima Corgo, un total de 50 hectares. La diversit\u00e9 des sols, des expositions et des altitudes enrichit ce projet en ouvrant un large \u00e9ventail de possibilit\u00e9s pour concr\u00e9tiser cette noble mission de r\u00e9v\u00e9ler le Douro par le biais de vins uniques.\u00a0<\/p>\t\t\t\t\t\t\t\t<\/div>\n\t\t\t\t<\/div>\n\t\t\t\t\t<\/div>\n\t\t<\/div>\n\t\t\t\t<div class=\"elementor-column elementor-col-50 elementor-top-column elementor-element elementor-element-91eadd0 firstsection-column-bg\" data-id=\"91eadd0\" data-element_type=\"column\" data-e-type=\"column\" data-settings=\"{&quot;background_background&quot;:&quot;classic&quot;,&quot;motion_fx_motion_fx_scrolling&quot;:&quot;yes&quot;,&quot;motion_fx_translateX_effect&quot;:&quot;yes&quot;,&quot;motion_fx_translateX_direction&quot;:&quot;negative&quot;,&quot;motion_fx_translateX_speed&quot;:{&quot;unit&quot;:&quot;px&quot;,&quot;size&quot;:1,&quot;sizes&quot;:[]},&quot;motion_fx_devices&quot;:[&quot;desktop&quot;,&quot;tablet&quot;],&quot;motion_fx_translateX_affectedRange&quot;:{&quot;unit&quot;:&quot;%&quot;,&quot;size&quot;:&quot;&quot;,&quot;sizes&quot;:{&quot;start&quot;:0,&quot;end&quot;:100}}}\">\n\t\t\t<div class=\"elementor-widget-wrap\">\n\t\t\t\t\t\t\t<\/div>\n\t\t<\/div>\n\t\t\t\t\t<\/div>\n\t\t<\/section>\n\t\t\t\t<section class=\"elementor-section elementor-top-section elementor-element elementor-element-1dc502b img-right-text-center elementor-section-boxed elementor-section-height-default elementor-section-height-default\" data-id=\"1dc502b\" data-element_type=\"section\" data-e-type=\"section\">\n\t\t\t\t\t\t<div class=\"elementor-container elementor-column-gap-default\">\n\t\t\t\t\t<div class=\"elementor-column elementor-col-100 elementor-top-column elementor-element elementor-element-aaecb5d\" data-id=\"aaecb5d\" data-element_type=\"column\" data-e-type=\"column\">\n\t\t\t<div class=\"elementor-widget-wrap elementor-element-populated\">\n\t\t\t\t\t\t<div class=\"elementor-element elementor-element-419adfe img-desktop-66 elementor-hidden-phone elementor-widget elementor-widget-image\" data-id=\"419adfe\" data-element_type=\"widget\" data-e-type=\"widget\" data-settings=\"{&quot;motion_fx_motion_fx_scrolling&quot;:&quot;yes&quot;,&quot;motion_fx_translateX_effect&quot;:&quot;yes&quot;,&quot;motion_fx_translateX_direction&quot;:&quot;negative&quot;,&quot;motion_fx_translateX_speed&quot;:{&quot;unit&quot;:&quot;px&quot;,&quot;size&quot;:1,&quot;sizes&quot;:[]},&quot;motion_fx_devices&quot;:[&quot;desktop&quot;,&quot;tablet&quot;],&quot;motion_fx_translateX_affectedRange&quot;:{&quot;unit&quot;:&quot;%&quot;,&quot;size&quot;:&quot;&quot;,&quot;sizes&quot;:{&quot;start&quot;:0,&quot;end&quot;:100}}}\" data-widget_type=\"image.default\">\n\t\t\t\t<div class=\"elementor-widget-container\">\n\t\t\t\t\t\t\t\t\t\t\t\t\t\t\t<img decoding=\"async\" src=\"https:\/\/www.falua.pt\/wp-content\/uploads\/elementor\/thumbs\/Adega_02-scaled-e1700823096896-qftuwd8kun1xmsr5d71d7esn16xpf8plglaos3tuo8.jpg\" title=\"Adega_02\" alt=\"Adega_02\" loading=\"lazy\" \/>\t\t\t\t\t\t\t\t\t\t\t\t\t\t\t<\/div>\n\t\t\t\t<\/div>\n\t\t\t\t<div class=\"elementor-element elementor-element-65245d1 imgbox-titulo-subtitulo small elementor-position-top elementor-widget elementor-widget-image-box\" data-id=\"65245d1\" data-element_type=\"widget\" data-e-type=\"widget\" data-settings=\"{&quot;motion_fx_motion_fx_scrolling&quot;:&quot;yes&quot;,&quot;motion_fx_translateX_effect&quot;:&quot;yes&quot;,&quot;motion_fx_translateX_speed&quot;:{&quot;unit&quot;:&quot;px&quot;,&quot;size&quot;:1,&quot;sizes&quot;:[]},&quot;motion_fx_translateX_affectedRange&quot;:{&quot;unit&quot;:&quot;%&quot;,&quot;size&quot;:&quot;&quot;,&quot;sizes&quot;:{&quot;start&quot;:0,&quot;end&quot;:50}},&quot;motion_fx_devices&quot;:[&quot;desktop&quot;,&quot;tablet&quot;]}\" data-widget_type=\"image-box.default\">\n\t\t\t\t<div class=\"elementor-widget-container\">\n\t\t\t\t\t<div class=\"elementor-image-box-wrapper\"><figure class=\"elementor-image-box-img\"><img decoding=\"async\" src=\"https:\/\/www.falua.pt\/wp-content\/uploads\/elementor\/thumbs\/Adega_01-scaled-e1700823409824-qftv4jg29s8okqvsn87ldujwysnlci5kx1hnzppmko.jpg\" title=\"Adega_01\" alt=\"Adega_01\" loading=\"lazy\" \/><\/figure><div class=\"elementor-image-box-content\"><h3 class=\"elementor-image-box-title\">La cave <\/h3><p class=\"elementor-image-box-description\">Une ode au temps qui passe <\/p><\/div><\/div>\t\t\t\t<\/div>\n\t\t\t\t<\/div>\n\t\t\t\t<div class=\"elementor-element elementor-element-888ec75 elementor-widget elementor-widget-text-editor\" data-id=\"888ec75\" data-element_type=\"widget\" data-e-type=\"widget\" data-widget_type=\"text-editor.default\">\n\t\t\t\t<div class=\"elementor-widget-container\">\n\t\t\t\t\t\t\t\t\t<p>Pour garantir la qualit\u00e9 des vins produits ici et dans le cadre de la modernisation du projet, une nouvelle cave a \u00e9t\u00e9 construite avec toutes les conditions n\u00e9cessaires \u00e0 la vinification, \u00e0 l&#8217;\u00e9levage et \u00e0 la mise en bouteille des vins de la propri\u00e9t\u00e9. Additionnellement, il existe une cave de vins de Porto vieux et tr\u00e8s vieux, l&#8217;endroit o\u00f9 les plus grands tr\u00e9sors sont conserv\u00e9s depuis plusieurs d\u00e9cennies. Dans ces onze tonneaux et dizaines de barriques sont stock\u00e9s des milliers de litres de Vin de Porto g\u00e9n\u00e9reux vieux, certains produits il y a plus de 100 ans.\u00a0<\/p>\t\t\t\t\t\t\t\t<\/div>\n\t\t\t\t<\/div>\n\t\t\t\t<div class=\"elementor-element elementor-element-07d50dd img-desktop-66 elementor-hidden-desktop elementor-hidden-tablet elementor-widget elementor-widget-image\" data-id=\"07d50dd\" data-element_type=\"widget\" data-e-type=\"widget\" data-widget_type=\"image.default\">\n\t\t\t\t<div class=\"elementor-widget-container\">\n\t\t\t\t\t\t\t\t\t\t\t\t\t\t\t<img fetchpriority=\"high\" decoding=\"async\" width=\"1707\" height=\"2560\" src=\"https:\/\/www.falua.pt\/wp-content\/uploads\/2023\/11\/Adega_02-scaled-e1700823096896.jpg\" class=\"attachment-full size-full wp-image-5490\" alt=\"\" \/>\t\t\t\t\t\t\t\t\t\t\t\t\t\t\t<\/div>\n\t\t\t\t<\/div>\n\t\t\t\t\t<\/div>\n\t\t<\/div>\n\t\t\t\t\t<\/div>\n\t\t<\/section>\n\t\t\t\t<section class=\"elementor-section elementor-top-section elementor-element elementor-element-2c9c3f7 img-full-text-center elementor-section-boxed elementor-section-height-default elementor-section-height-default\" data-id=\"2c9c3f7\" data-element_type=\"section\" data-e-type=\"section\">\n\t\t\t\t\t\t<div class=\"elementor-container elementor-column-gap-default\">\n\t\t\t\t\t<div class=\"elementor-column elementor-col-100 elementor-top-column elementor-element elementor-element-782cf58\" data-id=\"782cf58\" data-element_type=\"column\" data-e-type=\"column\">\n\t\t\t<div class=\"elementor-widget-wrap elementor-element-populated\">\n\t\t\t\t\t\t<div class=\"elementor-element elementor-element-8953bdb imgbox-titulo-subtitulo small img-full-text-center elementor-position-top elementor-widget elementor-widget-image-box\" data-id=\"8953bdb\" data-element_type=\"widget\" data-e-type=\"widget\" data-widget_type=\"image-box.default\">\n\t\t\t\t<div class=\"elementor-widget-container\">\n\t\t\t\t\t<div class=\"elementor-image-box-wrapper\"><figure class=\"elementor-image-box-img\"><a href=\"https:\/\/www.falua.pt\/enoturismo-almeirim\/\" tabindex=\"-1\"><img decoding=\"async\" width=\"2560\" height=\"1705\" src=\"https:\/\/www.falua.pt\/wp-content\/uploads\/2023\/11\/quintademourao_principal_QUINTA-MOURAO-257-scaled_esta.jpg\" class=\"attachment-full size-full wp-image-5580\" alt=\"\" srcset=\"https:\/\/www.falua.pt\/wp-content\/uploads\/2023\/11\/quintademourao_principal_QUINTA-MOURAO-257-scaled_esta.jpg 2560w, https:\/\/www.falua.pt\/wp-content\/uploads\/2023\/11\/quintademourao_principal_QUINTA-MOURAO-257-scaled_esta-300x200.jpg 300w, https:\/\/www.falua.pt\/wp-content\/uploads\/2023\/11\/quintademourao_principal_QUINTA-MOURAO-257-scaled_esta-1024x682.jpg 1024w, https:\/\/www.falua.pt\/wp-content\/uploads\/2023\/11\/quintademourao_principal_QUINTA-MOURAO-257-scaled_esta-768x512.jpg 768w, https:\/\/www.falua.pt\/wp-content\/uploads\/2023\/11\/quintademourao_principal_QUINTA-MOURAO-257-scaled_esta-1536x1023.jpg 1536w, https:\/\/www.falua.pt\/wp-content\/uploads\/2023\/11\/quintademourao_principal_QUINTA-MOURAO-257-scaled_esta-2048x1364.jpg 2048w\" sizes=\"(max-width: 2560px) 100vw, 2560px\" \/><\/a><\/figure><div class=\"elementor-image-box-content\"><h3 class=\"elementor-image-box-title\"><a href=\"https:\/\/www.falua.pt\/enoturismo-almeirim\/\"><br>\u0152notourisme <\/a><\/h3><p class=\"elementor-image-box-description\">Un voyage dans le temps <\/p><\/div><\/div>\t\t\t\t<\/div>\n\t\t\t\t<\/div>\n\t\t\t\t<div class=\"elementor-element elementor-element-531d774 elementor-widget elementor-widget-text-editor\" data-id=\"531d774\" data-element_type=\"widget\" data-e-type=\"widget\" data-widget_type=\"text-editor.default\">\n\t\t\t\t<div class=\"elementor-widget-container\">\n\t\t\t\t\t\t\t\t\t<p>\u00c0 la Quinta do Mour\u00e3o, vous pouvez vivre une exp\u00e9rience \u0153nologique unique, taill\u00e9e sur mesure, \u00e0 chaque visiteur. Sur la propri\u00e9t\u00e9, une vaste gamme de d\u00e9gustations que chacun peut personnaliser avec des vins de Porto allant de 10 \u00e0 100 ans, est disponible.<\/p>\t\t\t\t\t\t\t\t<\/div>\n\t\t\t\t<\/div>\n\t\t\t\t\t<\/div>\n\t\t<\/div>\n\t\t\t\t\t<\/div>\n\t\t<\/section>\n\t\t\t\t<section class=\"elementor-section elementor-top-section elementor-element elementor-element-30d2623 miniaturas-marcas elementor-section-boxed elementor-section-height-default elementor-section-height-default\" data-id=\"30d2623\" data-element_type=\"section\" data-e-type=\"section\">\n\t\t\t\t\t\t<div class=\"elementor-container elementor-column-gap-default\">\n\t\t\t\t\t<div class=\"elementor-column elementor-col-33 elementor-top-column elementor-element elementor-element-d6e4913\" data-id=\"d6e4913\" data-element_type=\"column\" data-e-type=\"column\">\n\t\t\t<div class=\"elementor-widget-wrap\">\n\t\t\t\t\t\t\t<\/div>\n\t\t<\/div>\n\t\t\t\t<div class=\"elementor-column elementor-col-33 elementor-top-column elementor-element elementor-element-a73a31e\" data-id=\"a73a31e\" data-element_type=\"column\" data-e-type=\"column\">\n\t\t\t<div class=\"elementor-widget-wrap elementor-element-populated\">\n\t\t\t\t\t\t<div class=\"elementor-element elementor-element-21b3d15 imgbox-titulo-subtitulo small elementor-position-top elementor-widget elementor-widget-image-box\" data-id=\"21b3d15\" data-element_type=\"widget\" data-e-type=\"widget\" data-widget_type=\"image-box.default\">\n\t\t\t\t<div class=\"elementor-widget-container\">\n\t\t\t\t\t<div class=\"elementor-image-box-wrapper\"><figure class=\"elementor-image-box-img\"><a href=\"\/fr\/marca\/quinta-do-mourao-fr\/\" rel=\"nofollow\" tabindex=\"-1\"><img decoding=\"async\" width=\"816\" height=\"816\" src=\"https:\/\/www.falua.pt\/wp-content\/uploads\/2023\/11\/Base_imagens_site_QM-34.png\" class=\"attachment-full size-full wp-image-5453\" alt=\"\" srcset=\"https:\/\/www.falua.pt\/wp-content\/uploads\/2023\/11\/Base_imagens_site_QM-34.png 816w, https:\/\/www.falua.pt\/wp-content\/uploads\/2023\/11\/Base_imagens_site_QM-34-300x300.png 300w, https:\/\/www.falua.pt\/wp-content\/uploads\/2023\/11\/Base_imagens_site_QM-34-150x150.png 150w, https:\/\/www.falua.pt\/wp-content\/uploads\/2023\/11\/Base_imagens_site_QM-34-768x768.png 768w\" sizes=\"(max-width: 816px) 100vw, 816px\" \/><\/a><\/figure><div class=\"elementor-image-box-content\"><h3 class=\"elementor-image-box-title\"><a href=\"\/fr\/marca\/quinta-do-mourao-fr\/\" rel=\"nofollow\">Quinta do Mour\u00e3o<\/a><\/h3><p class=\"elementor-image-box-description\">Le Douro r\u00e9v\u00e9l\u00e9 dans chaque bouteille<\/p><\/div><\/div>\t\t\t\t<\/div>\n\t\t\t\t<\/div>\n\t\t\t\t<div class=\"elementor-element elementor-element-be75f07 elementor-widget elementor-widget-text-editor\" data-id=\"be75f07\" data-element_type=\"widget\" data-e-type=\"widget\" data-widget_type=\"text-editor.default\">\n\t\t\t\t<div class=\"elementor-widget-container\">\n\t\t\t\t\t\t\t\t\t<p>Avec une viticulture enti\u00e8rement manuelle qui allie savoirs ancestraux et connaissances techniques actuelles, la qu\u00eate de la qualit\u00e9 est quotidienne. Dans la longue histoire de la Quinta do Mour\u00e3o, l&#8217;excellence a toujours \u00e9t\u00e9 une valeur qui a voyag\u00e9 au travers du temps et entre les diff\u00e9rentes g\u00e9n\u00e9rations d\u00e9di\u00e9es \u00e0 la production de grands vins de Porto et de vins DOC Douro reconnus nationalement et internationalement.<\/p>\t\t\t\t\t\t\t\t<\/div>\n\t\t\t\t<\/div>\n\t\t\t\t<div class=\"elementor-element elementor-element-ce15e83 elementor-widget elementor-widget-button\" data-id=\"ce15e83\" data-element_type=\"widget\" data-e-type=\"widget\" data-widget_type=\"button.default\">\n\t\t\t\t<div class=\"elementor-widget-container\">\n\t\t\t\t\t\t\t\t\t<div class=\"elementor-button-wrapper\">\n\t\t\t\t\t<a class=\"elementor-button elementor-button-link elementor-size-sm\" href=\"\/fr\/marca\/quinta-do-mourao-fr\/\">\n\t\t\t\t\t\t<span class=\"elementor-button-content-wrapper\">\n\t\t\t\t\t\t\t\t\t<span class=\"elementor-button-text\">D\u00c9COUVREZ LES VINS<\/span>\n\t\t\t\t\t<\/span>\n\t\t\t\t\t<\/a>\n\t\t\t\t<\/div>\n\t\t\t\t\t\t\t\t<\/div>\n\t\t\t\t<\/div>\n\t\t\t\t\t<\/div>\n\t\t<\/div>\n\t\t\t\t<div class=\"elementor-column elementor-col-33 elementor-top-column elementor-element elementor-element-d821b84\" data-id=\"d821b84\" data-element_type=\"column\" data-e-type=\"column\">\n\t\t\t<div class=\"elementor-widget-wrap\">\n\t\t\t\t\t\t\t<\/div>\n\t\t<\/div>\n\t\t\t\t\t<\/div>\n\t\t<\/section>\n\t\t\t\t<\/div>\n\t\t","protected":false},"excerpt":{"rendered":"<p>Quinta do Mour\u00e3o Le Douro r\u00e9v\u00e9l\u00e9 dans chaque bouteille Localiz\u00e9e dans la r\u00e9gion du Baixo Corgo, \u00e0 Lamego, depuis les ann\u00e9es 70, l&#8217;activit\u00e9 de la Quinta do Mour\u00e3o s&#8217;est \u00e9tendue \u00e0 d&#8217;autres propri\u00e9t\u00e9s, toutes situ\u00e9es dans des emplacements privil\u00e9gi\u00e9s, dans les sous-r\u00e9gions du Baixo et du Cima Corgo, un total de 50 hectares. La diversit\u00e9 [&hellip;]<\/p>\n","protected":false},"author":3,"featured_media":0,"parent":0,"menu_order":0,"comment_status":"closed","ping_status":"closed","template":"","meta":{"_acf_changed":false,"site-sidebar-layout":"no-sidebar","site-content-layout":"page-builder","ast-site-content-layout":"full-width-container","site-content-style":"default","site-sidebar-style":"default","ast-global-header-display":"","ast-banner-title-visibility":"","ast-main-header-display":"","ast-hfb-above-header-display":"","ast-hfb-below-header-display":"","ast-hfb-mobile-header-display":"","site-post-title":"disabled","ast-breadcrumbs-content":"","ast-featured-img":"disabled","footer-sml-layout":"","ast-disable-related-posts":"","theme-transparent-header-meta":"","adv-header-id-meta":"","stick-header-meta":"","header-above-stick-meta":"","header-main-stick-meta":"","header-below-stick-meta":"","astra-migrate-meta-layouts":"set","ast-page-background-enabled":"default","ast-page-background-meta":{"desktop":{"background-color":"","background-image":"","background-repeat":"repeat","background-position":"center center","background-size":"auto","background-attachment":"scroll","background-type":"","background-media":"","overlay-type":"","overlay-color":"","overlay-opacity":"","overlay-gradient":""},"tablet":{"background-color":"","background-image":"","background-repeat":"repeat","background-position":"center center","background-size":"auto","background-attachment":"scroll","background-type":"","background-media":"","overlay-type":"","overlay-color":"","overlay-opacity":"","overlay-gradient":""},"mobile":{"background-color":"","background-image":"","background-repeat":"repeat","background-position":"center center","background-size":"auto","background-attachment":"scroll","background-type":"","background-media":"","overlay-type":"","overlay-color":"","overlay-opacity":"","overlay-gradient":""}},"ast-content-background-meta":{"desktop":{"background-color":"var(--ast-global-color-5)","background-image":"","background-repeat":"repeat","background-position":"center center","background-size":"auto","background-attachment":"scroll","background-type":"","background-media":"","overlay-type":"","overlay-color":"","overlay-opacity":"","overlay-gradient":""},"tablet":{"background-color":"var(--ast-global-color-5)","background-image":"","background-repeat":"repeat","background-position":"center center","background-size":"auto","background-attachment":"scroll","background-type":"","background-media":"","overlay-type":"","overlay-color":"","overlay-opacity":"","overlay-gradient":""},"mobile":{"background-color":"var(--ast-global-color-5)","background-image":"","background-repeat":"repeat","background-position":"center center","background-size":"auto","background-attachment":"scroll","background-type":"","background-media":"","overlay-type":"","overlay-color":"","overlay-opacity":"","overlay-gradient":""}},"footnotes":""},"class_list":["post-5594","page","type-page","status-publish","hentry"],"acf":[],"_links":{"self":[{"href":"https:\/\/www.falua.pt\/fr\/wp-json\/wp\/v2\/pages\/5594","targetHints":{"allow":["GET"]}}],"collection":[{"href":"https:\/\/www.falua.pt\/fr\/wp-json\/wp\/v2\/pages"}],"about":[{"href":"https:\/\/www.falua.pt\/fr\/wp-json\/wp\/v2\/types\/page"}],"author":[{"embeddable":true,"href":"https:\/\/www.falua.pt\/fr\/wp-json\/wp\/v2\/users\/3"}],"replies":[{"embeddable":true,"href":"https:\/\/www.falua.pt\/fr\/wp-json\/wp\/v2\/comments?post=5594"}],"version-history":[{"count":19,"href":"https:\/\/www.falua.pt\/fr\/wp-json\/wp\/v2\/pages\/5594\/revisions"}],"predecessor-version":[{"id":7392,"href":"https:\/\/www.falua.pt\/fr\/wp-json\/wp\/v2\/pages\/5594\/revisions\/7392"}],"wp:attachment":[{"href":"https:\/\/www.falua.pt\/fr\/wp-json\/wp\/v2\/media?parent=5594"}],"curies":[{"name":"wp","href":"https:\/\/api.w.org\/{rel}","templated":true}]}}