{"id":5561,"date":"2023-11-24T11:37:44","date_gmt":"2023-11-24T10:37:44","guid":{"rendered":"https:\/\/www.falua.pt\/?page_id=5561"},"modified":"2024-03-22T18:20:14","modified_gmt":"2024-03-22T17:20:14","slug":"a-quinta-de-sao-jose","status":"publish","type":"page","link":"https:\/\/www.falua.pt\/fr\/a-quinta-de-sao-jose\/","title":{"rendered":"A Quinta de S\u00e3o Jos\u00e9"},"content":{"rendered":"\t\t<div data-elementor-type=\"wp-page\" data-elementor-id=\"5561\" class=\"elementor elementor-5561 elementor-5530\" data-elementor-post-type=\"page\">\n\t\t\t\t\t\t<section class=\"elementor-section elementor-top-section elementor-element elementor-element-c153fd3 firstsection img-bg-column-right elementor-reverse-mobile elementor-section-boxed elementor-section-height-default elementor-section-height-default\" data-id=\"c153fd3\" data-element_type=\"section\" data-e-type=\"section\">\n\t\t\t\t\t\t<div class=\"elementor-container elementor-column-gap-default\">\n\t\t\t\t\t<div class=\"elementor-column elementor-col-50 elementor-top-column elementor-element elementor-element-0485757 intro\" data-id=\"0485757\" data-element_type=\"column\" data-e-type=\"column\">\n\t\t\t<div class=\"elementor-widget-wrap elementor-element-populated\">\n\t\t\t\t\t\t<div class=\"elementor-element elementor-element-fb91167 header imgbox-titulo-subtitulo elementor-widget elementor-widget-image-box\" data-id=\"fb91167\" data-element_type=\"widget\" data-e-type=\"widget\" data-widget_type=\"image-box.default\">\n\t\t\t\t<div class=\"elementor-widget-container\">\n\t\t\t\t\t<div class=\"elementor-image-box-wrapper\"><div class=\"elementor-image-box-content\"><h1 class=\"elementor-image-box-title\">Quinta de S\u00e3o Jos\u00e9<\/h1><p class=\"elementor-image-box-description\">Excellence fa\u00e7onn\u00e9e par la puret\u00e9 d'un terroir unique<\/p><\/div><\/div>\t\t\t\t<\/div>\n\t\t\t\t<\/div>\n\t\t\t\t<div class=\"elementor-element elementor-element-edb9ec2 elementor-widget elementor-widget-text-editor\" data-id=\"edb9ec2\" data-element_type=\"widget\" data-e-type=\"widget\" data-widget_type=\"text-editor.default\">\n\t\t\t\t<div class=\"elementor-widget-container\">\n\t\t\t\t\t\t\t\t\t<p>Le long des rives du Douro et entre des terrasses ancestrales se trouve la Quinta de S. Jos\u00e9, situ\u00e9e \u00e0 Ervedosa, dans la municipalit\u00e9 de S\u00e3o Jo\u00e3o da Pesqueira, dans la sous-r\u00e9gion du Cima Corgo. Avec 15 hectares de vignes plant\u00e9es en terrasses, orient\u00e9es vers le nord, sur des sols de schiste bleu-gris, c\u2019est le lieu de cr\u00e9ation de certains des vins du Douro les plus passionnants, marqu\u00e9s par la puret\u00e9 d\u2019un terroir interpr\u00e9t\u00e9 en d\u00e9tail et largement reconnus nationalement et internationalement.<\/p>\t\t\t\t\t\t\t\t<\/div>\n\t\t\t\t<\/div>\n\t\t\t\t\t<\/div>\n\t\t<\/div>\n\t\t\t\t<div class=\"elementor-column elementor-col-50 elementor-top-column elementor-element elementor-element-91eadd0 firstsection-column-bg\" data-id=\"91eadd0\" data-element_type=\"column\" data-e-type=\"column\" data-settings=\"{&quot;background_background&quot;:&quot;classic&quot;,&quot;motion_fx_motion_fx_scrolling&quot;:&quot;yes&quot;,&quot;motion_fx_translateX_effect&quot;:&quot;yes&quot;,&quot;motion_fx_translateX_direction&quot;:&quot;negative&quot;,&quot;motion_fx_translateX_speed&quot;:{&quot;unit&quot;:&quot;px&quot;,&quot;size&quot;:1,&quot;sizes&quot;:[]},&quot;motion_fx_devices&quot;:[&quot;desktop&quot;,&quot;tablet&quot;],&quot;motion_fx_translateX_affectedRange&quot;:{&quot;unit&quot;:&quot;%&quot;,&quot;size&quot;:&quot;&quot;,&quot;sizes&quot;:{&quot;start&quot;:0,&quot;end&quot;:100}}}\">\n\t\t\t<div class=\"elementor-widget-wrap\">\n\t\t\t\t\t\t\t<\/div>\n\t\t<\/div>\n\t\t\t\t\t<\/div>\n\t\t<\/section>\n\t\t\t\t<section class=\"elementor-section elementor-top-section elementor-element elementor-element-1dc502b img-right-text-center elementor-section-boxed elementor-section-height-default elementor-section-height-default\" data-id=\"1dc502b\" data-element_type=\"section\" data-e-type=\"section\">\n\t\t\t\t\t\t<div class=\"elementor-container elementor-column-gap-default\">\n\t\t\t\t\t<div class=\"elementor-column elementor-col-100 elementor-top-column elementor-element elementor-element-aaecb5d\" data-id=\"aaecb5d\" data-element_type=\"column\" data-e-type=\"column\">\n\t\t\t<div class=\"elementor-widget-wrap elementor-element-populated\">\n\t\t\t\t\t\t<div class=\"elementor-element elementor-element-419adfe img-desktop-66 elementor-hidden-phone elementor-widget elementor-widget-image\" data-id=\"419adfe\" data-element_type=\"widget\" data-e-type=\"widget\" data-settings=\"{&quot;motion_fx_motion_fx_scrolling&quot;:&quot;yes&quot;,&quot;motion_fx_translateX_effect&quot;:&quot;yes&quot;,&quot;motion_fx_translateX_direction&quot;:&quot;negative&quot;,&quot;motion_fx_translateX_speed&quot;:{&quot;unit&quot;:&quot;px&quot;,&quot;size&quot;:1,&quot;sizes&quot;:[]},&quot;motion_fx_devices&quot;:[&quot;desktop&quot;,&quot;tablet&quot;],&quot;motion_fx_translateX_affectedRange&quot;:{&quot;unit&quot;:&quot;%&quot;,&quot;size&quot;:&quot;&quot;,&quot;sizes&quot;:{&quot;start&quot;:0,&quot;end&quot;:100}}}\" data-widget_type=\"image.default\">\n\t\t\t\t<div class=\"elementor-widget-container\">\n\t\t\t\t\t\t\t\t\t\t\t\t\t\t\t<img decoding=\"async\" src=\"https:\/\/www.falua.pt\/wp-content\/uploads\/elementor\/thumbs\/QUINTA-SANJOSE-062-scaled-qec8a60o53s3wwktehj2i1rrn6fpbxsj4mz2j3fngo.jpg\" title=\"QUINTA SAN JOSE\" alt=\"QUINTA SAN JOSE\" loading=\"lazy\" \/>\t\t\t\t\t\t\t\t\t\t\t\t\t\t\t<\/div>\n\t\t\t\t<\/div>\n\t\t\t\t<div class=\"elementor-element elementor-element-65245d1 imgbox-titulo-subtitulo small elementor-position-top elementor-widget elementor-widget-image-box\" data-id=\"65245d1\" data-element_type=\"widget\" data-e-type=\"widget\" data-settings=\"{&quot;motion_fx_motion_fx_scrolling&quot;:&quot;yes&quot;,&quot;motion_fx_translateX_effect&quot;:&quot;yes&quot;,&quot;motion_fx_translateX_speed&quot;:{&quot;unit&quot;:&quot;px&quot;,&quot;size&quot;:1,&quot;sizes&quot;:[]},&quot;motion_fx_translateX_affectedRange&quot;:{&quot;unit&quot;:&quot;%&quot;,&quot;size&quot;:&quot;&quot;,&quot;sizes&quot;:{&quot;start&quot;:0,&quot;end&quot;:50}},&quot;motion_fx_devices&quot;:[&quot;desktop&quot;,&quot;tablet&quot;]}\" data-widget_type=\"image-box.default\">\n\t\t\t\t<div class=\"elementor-widget-container\">\n\t\t\t\t\t<div class=\"elementor-image-box-wrapper\"><figure class=\"elementor-image-box-img\"><img fetchpriority=\"high\" decoding=\"async\" width=\"768\" height=\"429\" src=\"https:\/\/www.falua.pt\/wp-content\/uploads\/2023\/09\/2V3A8949-BD_douro_04-768x429.jpg\" class=\"attachment-medium_large size-medium_large wp-image-4968\" alt=\"\" srcset=\"https:\/\/www.falua.pt\/wp-content\/uploads\/2023\/09\/2V3A8949-BD_douro_04-768x429.jpg 768w, https:\/\/www.falua.pt\/wp-content\/uploads\/2023\/09\/2V3A8949-BD_douro_04-300x168.jpg 300w, https:\/\/www.falua.pt\/wp-content\/uploads\/2023\/09\/2V3A8949-BD_douro_04-1024x572.jpg 1024w, https:\/\/www.falua.pt\/wp-content\/uploads\/2023\/09\/2V3A8949-BD_douro_04-1536x858.jpg 1536w, https:\/\/www.falua.pt\/wp-content\/uploads\/2023\/09\/2V3A8949-BD_douro_04-2048x1144.jpg 2048w\" sizes=\"(max-width: 768px) 100vw, 768px\" \/><\/figure><div class=\"elementor-image-box-content\"><h3 class=\"elementor-image-box-title\">La ch\u00eat<\/h3><p class=\"elementor-image-box-description\">Le m\u00e9lange parfait de tradition et de modernit\u00e9<\/p><\/div><\/div>\t\t\t\t<\/div>\n\t\t\t\t<\/div>\n\t\t\t\t<div class=\"elementor-element elementor-element-888ec75 elementor-widget elementor-widget-text-editor\" data-id=\"888ec75\" data-element_type=\"widget\" data-e-type=\"widget\" data-widget_type=\"text-editor.default\">\n\t\t\t\t<div class=\"elementor-widget-container\">\n\t\t\t\t\t\t\t\t\t<p>L&#8217;endroit o\u00f9 l&#8217;anciennet\u00e9 des lagares se m\u00eale aux m\u00e9thodes de production les plus actuelles. Dans la cave, toutes les conditions sont r\u00e9unies pour que, gr\u00e2ce \u00e0 un m\u00e9lange de tradition et de modernit\u00e9, nous puissions cr\u00e9er des vins uniques, empreints du Douro dans chaque bouteille.<\/p>\t\t\t\t\t\t\t\t<\/div>\n\t\t\t\t<\/div>\n\t\t\t\t<div class=\"elementor-element elementor-element-07d50dd img-desktop-66 elementor-hidden-desktop elementor-hidden-tablet elementor-widget elementor-widget-image\" data-id=\"07d50dd\" data-element_type=\"widget\" data-e-type=\"widget\" data-widget_type=\"image.default\">\n\t\t\t\t<div class=\"elementor-widget-container\">\n\t\t\t\t\t\t\t\t\t\t\t\t\t\t\t<img decoding=\"async\" width=\"2560\" height=\"1708\" src=\"https:\/\/www.falua.pt\/wp-content\/uploads\/2023\/10\/QUINTA-SANJOSE-062-scaled.jpg\" class=\"attachment-full size-full wp-image-5346\" alt=\"\" srcset=\"https:\/\/www.falua.pt\/wp-content\/uploads\/2023\/10\/QUINTA-SANJOSE-062-scaled.jpg 2560w, https:\/\/www.falua.pt\/wp-content\/uploads\/2023\/10\/QUINTA-SANJOSE-062-300x200.jpg 300w, https:\/\/www.falua.pt\/wp-content\/uploads\/2023\/10\/QUINTA-SANJOSE-062-1024x683.jpg 1024w, https:\/\/www.falua.pt\/wp-content\/uploads\/2023\/10\/QUINTA-SANJOSE-062-768x512.jpg 768w, https:\/\/www.falua.pt\/wp-content\/uploads\/2023\/10\/QUINTA-SANJOSE-062-1536x1025.jpg 1536w, https:\/\/www.falua.pt\/wp-content\/uploads\/2023\/10\/QUINTA-SANJOSE-062-2048x1366.jpg 2048w\" sizes=\"(max-width: 2560px) 100vw, 2560px\" \/>\t\t\t\t\t\t\t\t\t\t\t\t\t\t\t<\/div>\n\t\t\t\t<\/div>\n\t\t\t\t\t<\/div>\n\t\t<\/div>\n\t\t\t\t\t<\/div>\n\t\t<\/section>\n\t\t\t\t<section class=\"elementor-section elementor-top-section elementor-element elementor-element-2c9c3f7 img-full-text-center elementor-section-boxed elementor-section-height-default elementor-section-height-default\" data-id=\"2c9c3f7\" data-element_type=\"section\" data-e-type=\"section\">\n\t\t\t\t\t\t<div class=\"elementor-container elementor-column-gap-default\">\n\t\t\t\t\t<div class=\"elementor-column elementor-col-100 elementor-top-column elementor-element elementor-element-782cf58\" data-id=\"782cf58\" data-element_type=\"column\" data-e-type=\"column\">\n\t\t\t<div class=\"elementor-widget-wrap elementor-element-populated\">\n\t\t\t\t\t\t<div class=\"elementor-element elementor-element-8953bdb imgbox-titulo-subtitulo small img-full-text-center elementor-position-top elementor-widget elementor-widget-image-box\" data-id=\"8953bdb\" data-element_type=\"widget\" data-e-type=\"widget\" data-widget_type=\"image-box.default\">\n\t\t\t\t<div class=\"elementor-widget-container\">\n\t\t\t\t\t<div class=\"elementor-image-box-wrapper\"><figure class=\"elementor-image-box-img\"><a href=\"\/enoturismo-almeirim\/\" tabindex=\"-1\"><img decoding=\"async\" width=\"2560\" height=\"1783\" src=\"https:\/\/www.falua.pt\/wp-content\/uploads\/2023\/09\/6L6A0043-BD_05-scaled.jpg\" class=\"attachment-full size-full wp-image-4971\" alt=\"\" srcset=\"https:\/\/www.falua.pt\/wp-content\/uploads\/2023\/09\/6L6A0043-BD_05-scaled.jpg 2560w, https:\/\/www.falua.pt\/wp-content\/uploads\/2023\/09\/6L6A0043-BD_05-300x209.jpg 300w, https:\/\/www.falua.pt\/wp-content\/uploads\/2023\/09\/6L6A0043-BD_05-1024x713.jpg 1024w, https:\/\/www.falua.pt\/wp-content\/uploads\/2023\/09\/6L6A0043-BD_05-768x535.jpg 768w, https:\/\/www.falua.pt\/wp-content\/uploads\/2023\/09\/6L6A0043-BD_05-1536x1070.jpg 1536w, https:\/\/www.falua.pt\/wp-content\/uploads\/2023\/09\/6L6A0043-BD_05-2048x1427.jpg 2048w\" sizes=\"(max-width: 2560px) 100vw, 2560px\" \/><\/a><\/figure><div class=\"elementor-image-box-content\"><h3 class=\"elementor-image-box-title\"><a href=\"\/enoturismo-almeirim\/\"><br>\u0152notourisme<\/a><\/h3><p class=\"elementor-image-box-description\">Le Douro r\u00e9v\u00e9l\u00e9 par ceux qui le connaissent le mieux<\/p><\/div><\/div>\t\t\t\t<\/div>\n\t\t\t\t<\/div>\n\t\t\t\t<div class=\"elementor-element elementor-element-531d774 elementor-widget elementor-widget-text-editor\" data-id=\"531d774\" data-element_type=\"widget\" data-e-type=\"widget\" data-widget_type=\"text-editor.default\">\n\t\t\t\t<div class=\"elementor-widget-container\">\n\t\t\t\t\t\t\t\t\t<p>D\u00e9couvrir la r\u00e9gion du Douro \u00e0 travers les yeux de ceux qui travaillent la terre et cultivent ses saveurs est une exp\u00e9rience inoubliable. La Quinta de S. Jos\u00e9 ouvre ses portes pour accueillir tous ceux qui veulent percer les secrets de cette r\u00e9gion unique. Avec des d\u00e9gustations de vins, des d\u00e9jeuners gastronomiques harmonis\u00e9s avec la cuisine locale et des visites de la cave et des vignobles, l&#8217;offre est aussi riche que le lieu \u00e0 visiter.<\/p>\t\t\t\t\t\t\t\t<\/div>\n\t\t\t\t<\/div>\n\t\t\t\t\t<\/div>\n\t\t<\/div>\n\t\t\t\t\t<\/div>\n\t\t<\/section>\n\t\t\t\t<section class=\"elementor-section elementor-top-section elementor-element elementor-element-30d2623 miniaturas-marcas elementor-section-boxed elementor-section-height-default elementor-section-height-default\" data-id=\"30d2623\" data-element_type=\"section\" data-e-type=\"section\">\n\t\t\t\t\t\t<div class=\"elementor-container elementor-column-gap-default\">\n\t\t\t\t\t<div class=\"elementor-column elementor-col-33 elementor-top-column elementor-element elementor-element-d6e4913\" data-id=\"d6e4913\" data-element_type=\"column\" data-e-type=\"column\">\n\t\t\t<div class=\"elementor-widget-wrap\">\n\t\t\t\t\t\t\t<\/div>\n\t\t<\/div>\n\t\t\t\t<div class=\"elementor-column elementor-col-33 elementor-top-column elementor-element elementor-element-42eca7c\" data-id=\"42eca7c\" data-element_type=\"column\" data-e-type=\"column\">\n\t\t\t<div class=\"elementor-widget-wrap elementor-element-populated\">\n\t\t\t\t\t\t<div class=\"elementor-element elementor-element-a7cefba imgbox-titulo-subtitulo small elementor-position-top elementor-widget elementor-widget-image-box\" data-id=\"a7cefba\" data-element_type=\"widget\" data-e-type=\"widget\" data-widget_type=\"image-box.default\">\n\t\t\t\t<div class=\"elementor-widget-container\">\n\t\t\t\t\t<div class=\"elementor-image-box-wrapper\"><figure class=\"elementor-image-box-img\"><a href=\"https:\/\/www.falua.pt\/fr\/marca\/quinta-de-sao-jose-fr\/\" tabindex=\"-1\"><img loading=\"lazy\" decoding=\"async\" width=\"816\" height=\"816\" src=\"https:\/\/www.falua.pt\/wp-content\/uploads\/2023\/09\/marca-quinta-de-sao-jose.jpg\" class=\"attachment-full size-full wp-image-4918\" alt=\"\" srcset=\"https:\/\/www.falua.pt\/wp-content\/uploads\/2023\/09\/marca-quinta-de-sao-jose.jpg 816w, https:\/\/www.falua.pt\/wp-content\/uploads\/2023\/09\/marca-quinta-de-sao-jose-300x300.jpg 300w, https:\/\/www.falua.pt\/wp-content\/uploads\/2023\/09\/marca-quinta-de-sao-jose-150x150.jpg 150w, https:\/\/www.falua.pt\/wp-content\/uploads\/2023\/09\/marca-quinta-de-sao-jose-768x768.jpg 768w\" sizes=\"(max-width: 816px) 100vw, 816px\" \/><\/a><\/figure><div class=\"elementor-image-box-content\"><h3 class=\"elementor-image-box-title\"><a href=\"https:\/\/www.falua.pt\/fr\/marca\/quinta-de-sao-jose-fr\/\">Quinta de S\u00e3o Jos\u00e9<\/a><\/h3><p class=\"elementor-image-box-description\">Puret\u00e9 d'un terroir interpr\u00e9t\u00e9 en d\u00e9tail<\/p><\/div><\/div>\t\t\t\t<\/div>\n\t\t\t\t<\/div>\n\t\t\t\t<div class=\"elementor-element elementor-element-5faab97 elementor-widget elementor-widget-text-editor\" data-id=\"5faab97\" data-element_type=\"widget\" data-e-type=\"widget\" data-widget_type=\"text-editor.default\">\n\t\t\t\t<div class=\"elementor-widget-container\">\n\t\t\t\t\t\t\t\t\t<p>Dans des vignobles plant\u00e9s en terrasses, expos\u00e9s au nord, sur des sols de schiste bleu-gris, naissent certains des vins du Douro les plus passionnants, marqu\u00e9s par la puret\u00e9 d\u2019un terroir interpr\u00e9t\u00e9 m\u00e9ticuleusement.<\/p>\t\t\t\t\t\t\t\t<\/div>\n\t\t\t\t<\/div>\n\t\t\t\t<div class=\"elementor-element elementor-element-d303877 elementor-widget elementor-widget-button\" data-id=\"d303877\" data-element_type=\"widget\" data-e-type=\"widget\" data-widget_type=\"button.default\">\n\t\t\t\t<div class=\"elementor-widget-container\">\n\t\t\t\t\t\t\t\t\t<div class=\"elementor-button-wrapper\">\n\t\t\t\t\t<a class=\"elementor-button elementor-button-link elementor-size-sm\" href=\"\/fr\/marca\/quinta-do-mourao-fr\/\">\n\t\t\t\t\t\t<span class=\"elementor-button-content-wrapper\">\n\t\t\t\t\t\t\t\t\t<span class=\"elementor-button-text\">D\u00c9COUVREZ LES VINS<\/span>\n\t\t\t\t\t<\/span>\n\t\t\t\t\t<\/a>\n\t\t\t\t<\/div>\n\t\t\t\t\t\t\t\t<\/div>\n\t\t\t\t<\/div>\n\t\t\t\t\t<\/div>\n\t\t<\/div>\n\t\t\t\t<div class=\"elementor-column elementor-col-33 elementor-top-column elementor-element elementor-element-d821b84\" data-id=\"d821b84\" data-element_type=\"column\" data-e-type=\"column\">\n\t\t\t<div class=\"elementor-widget-wrap\">\n\t\t\t\t\t\t\t<\/div>\n\t\t<\/div>\n\t\t\t\t\t<\/div>\n\t\t<\/section>\n\t\t\t\t<\/div>\n\t\t","protected":false},"excerpt":{"rendered":"<p>Quinta de S\u00e3o Jos\u00e9 Excellence fa\u00e7onn\u00e9e par la puret\u00e9 d&#8217;un terroir unique Le long des rives du Douro et entre des terrasses ancestrales se trouve la Quinta de S. Jos\u00e9, situ\u00e9e \u00e0 Ervedosa, dans la municipalit\u00e9 de S\u00e3o Jo\u00e3o da Pesqueira, dans la sous-r\u00e9gion du Cima Corgo. Avec 15 hectares de vignes plant\u00e9es en terrasses, [&hellip;]<\/p>\n","protected":false},"author":3,"featured_media":0,"parent":0,"menu_order":0,"comment_status":"closed","ping_status":"closed","template":"","meta":{"_acf_changed":false,"site-sidebar-layout":"no-sidebar","site-content-layout":"page-builder","ast-site-content-layout":"full-width-container","site-content-style":"default","site-sidebar-style":"default","ast-global-header-display":"","ast-banner-title-visibility":"","ast-main-header-display":"","ast-hfb-above-header-display":"","ast-hfb-below-header-display":"","ast-hfb-mobile-header-display":"","site-post-title":"disabled","ast-breadcrumbs-content":"","ast-featured-img":"disabled","footer-sml-layout":"","ast-disable-related-posts":"","theme-transparent-header-meta":"","adv-header-id-meta":"","stick-header-meta":"","header-above-stick-meta":"","header-main-stick-meta":"","header-below-stick-meta":"","astra-migrate-meta-layouts":"set","ast-page-background-enabled":"default","ast-page-background-meta":{"desktop":{"background-color":"","background-image":"","background-repeat":"repeat","background-position":"center center","background-size":"auto","background-attachment":"scroll","background-type":"","background-media":"","overlay-type":"","overlay-color":"","overlay-opacity":"","overlay-gradient":""},"tablet":{"background-color":"","background-image":"","background-repeat":"repeat","background-position":"center center","background-size":"auto","background-attachment":"scroll","background-type":"","background-media":"","overlay-type":"","overlay-color":"","overlay-opacity":"","overlay-gradient":""},"mobile":{"background-color":"","background-image":"","background-repeat":"repeat","background-position":"center center","background-size":"auto","background-attachment":"scroll","background-type":"","background-media":"","overlay-type":"","overlay-color":"","overlay-opacity":"","overlay-gradient":""}},"ast-content-background-meta":{"desktop":{"background-color":"var(--ast-global-color-5)","background-image":"","background-repeat":"repeat","background-position":"center center","background-size":"auto","background-attachment":"scroll","background-type":"","background-media":"","overlay-type":"","overlay-color":"","overlay-opacity":"","overlay-gradient":""},"tablet":{"background-color":"var(--ast-global-color-5)","background-image":"","background-repeat":"repeat","background-position":"center center","background-size":"auto","background-attachment":"scroll","background-type":"","background-media":"","overlay-type":"","overlay-color":"","overlay-opacity":"","overlay-gradient":""},"mobile":{"background-color":"var(--ast-global-color-5)","background-image":"","background-repeat":"repeat","background-position":"center center","background-size":"auto","background-attachment":"scroll","background-type":"","background-media":"","overlay-type":"","overlay-color":"","overlay-opacity":"","overlay-gradient":""}},"footnotes":""},"class_list":["post-5561","page","type-page","status-publish","hentry"],"acf":[],"_links":{"self":[{"href":"https:\/\/www.falua.pt\/fr\/wp-json\/wp\/v2\/pages\/5561","targetHints":{"allow":["GET"]}}],"collection":[{"href":"https:\/\/www.falua.pt\/fr\/wp-json\/wp\/v2\/pages"}],"about":[{"href":"https:\/\/www.falua.pt\/fr\/wp-json\/wp\/v2\/types\/page"}],"author":[{"embeddable":true,"href":"https:\/\/www.falua.pt\/fr\/wp-json\/wp\/v2\/users\/3"}],"replies":[{"embeddable":true,"href":"https:\/\/www.falua.pt\/fr\/wp-json\/wp\/v2\/comments?post=5561"}],"version-history":[{"count":13,"href":"https:\/\/www.falua.pt\/fr\/wp-json\/wp\/v2\/pages\/5561\/revisions"}],"predecessor-version":[{"id":6046,"href":"https:\/\/www.falua.pt\/fr\/wp-json\/wp\/v2\/pages\/5561\/revisions\/6046"}],"wp:attachment":[{"href":"https:\/\/www.falua.pt\/fr\/wp-json\/wp\/v2\/media?parent=5561"}],"curies":[{"name":"wp","href":"https:\/\/api.w.org\/{rel}","templated":true}]}}