{"id":1637,"date":"2021-03-30T15:50:57","date_gmt":"2021-03-30T15:50:57","guid":{"rendered":"https:\/\/www.falua.pt\/historia\/"},"modified":"2021-05-24T13:03:07","modified_gmt":"2021-05-24T12:03:07","slug":"histoire","status":"publish","type":"page","link":"https:\/\/www.falua.pt\/fr\/histoire\/","title":{"rendered":"L&#8217;histoire"},"content":{"rendered":"\t\t<div data-elementor-type=\"wp-page\" data-elementor-id=\"1637\" class=\"elementor elementor-1637 elementor-486\" data-elementor-post-type=\"page\">\n\t\t\t\t\t\t<section class=\"elementor-section elementor-top-section elementor-element elementor-element-9240fec firstsection elementor-reverse-mobile elementor-section-boxed elementor-section-height-default elementor-section-height-default\" data-id=\"9240fec\" data-element_type=\"section\" data-e-type=\"section\">\n\t\t\t\t\t\t<div class=\"elementor-container elementor-column-gap-default\">\n\t\t\t\t\t<div class=\"elementor-column elementor-col-33 elementor-top-column elementor-element elementor-element-647f362 intro\" data-id=\"647f362\" data-element_type=\"column\" data-e-type=\"column\">\n\t\t\t<div class=\"elementor-widget-wrap elementor-element-populated\">\n\t\t\t\t\t\t<div class=\"elementor-element elementor-element-6c35173 header imgbox-titulo-subtitulo elementor-widget elementor-widget-image-box\" data-id=\"6c35173\" data-element_type=\"widget\" data-e-type=\"widget\" data-widget_type=\"image-box.default\">\n\t\t\t\t<div class=\"elementor-widget-container\">\n\t\t\t\t\t<div class=\"elementor-image-box-wrapper\"><div class=\"elementor-image-box-content\"><h1 class=\"elementor-image-box-title\">L'HISTOIRE<\/h1><p class=\"elementor-image-box-description\">Falua est synonyme d\u2019un voyage \u00e0 travers le vin, en tant qu'ambassadrice du Portugal dans le monde.<\/p><\/div><\/div>\t\t\t\t<\/div>\n\t\t\t\t<\/div>\n\t\t\t\t<div class=\"elementor-element elementor-element-6885c0a elementor-widget elementor-widget-text-editor\" data-id=\"6885c0a\" data-element_type=\"widget\" data-e-type=\"widget\" data-widget_type=\"text-editor.default\">\n\t\t\t\t<div class=\"elementor-widget-container\">\n\t\t\t\t\t\t\t\t\t<p>Falua a \u00e9t\u00e9 fond\u00e9e en 1994 dans le but de s&#8217;affirmer comme une r\u00e9f\u00e9rence dans la production de vins de la r\u00e9gion du Tejo et qui s&#8217;est rapidement d\u00e9velopp\u00e9e dans d&#8217;autres r\u00e9gions.\u00a0<\/p><p>En 2017, VITAS Portugal &#8211; filiale du Groupe Roullier pr\u00e9sente dans notre pays depuis 1994 &#8211; a acquis Falua.<\/p><p>\u00a0L&#8217;int\u00e9r\u00eat du Groupe Roullier pour l&#8217;activit\u00e9 de Falua est n\u00e9 de l&#8217;id\u00e9e de cr\u00e9er une porte d&#8217;entr\u00e9e sur le march\u00e9 mondial du vin.\u00a0<\/p><p>Avec plus de 25 ans d&#8217;histoire sur les march\u00e9s nationaux et internationaux, Falua dispose d&#8217;un vaste portefeuille r\u00e9parti dans le monde entier.<\/p>\t\t\t\t\t\t\t\t<\/div>\n\t\t\t\t<\/div>\n\t\t\t\t\t<\/div>\n\t\t<\/div>\n\t\t\t\t<div class=\"elementor-column elementor-col-66 elementor-top-column elementor-element elementor-element-54a9fcb\" data-id=\"54a9fcb\" data-element_type=\"column\" data-e-type=\"column\" data-settings=\"{&quot;background_background&quot;:&quot;classic&quot;}\">\n\t\t\t<div class=\"elementor-widget-wrap elementor-element-populated\">\n\t\t\t\t\t\t<div class=\"elementor-element elementor-element-f717ca6 firstsection-img elementor-widget elementor-widget-image\" data-id=\"f717ca6\" data-element_type=\"widget\" data-e-type=\"widget\" data-widget_type=\"image.default\">\n\t\t\t\t<div class=\"elementor-widget-container\">\n\t\t\t\t\t\t\t\t\t\t\t\t\t\t\t<img fetchpriority=\"high\" decoding=\"async\" width=\"2016\" height=\"1344\" src=\"https:\/\/www.falua.pt\/wp-content\/uploads\/2021\/04\/1P1A1670-HD.jpg\" class=\"attachment-full size-full wp-image-1366\" alt=\"\" srcset=\"https:\/\/www.falua.pt\/wp-content\/uploads\/2021\/04\/1P1A1670-HD.jpg 2016w, https:\/\/www.falua.pt\/wp-content\/uploads\/2021\/04\/1P1A1670-HD-300x200.jpg 300w, https:\/\/www.falua.pt\/wp-content\/uploads\/2021\/04\/1P1A1670-HD-1024x683.jpg 1024w, https:\/\/www.falua.pt\/wp-content\/uploads\/2021\/04\/1P1A1670-HD-768x512.jpg 768w, https:\/\/www.falua.pt\/wp-content\/uploads\/2021\/04\/1P1A1670-HD-1536x1024.jpg 1536w\" sizes=\"(max-width: 2016px) 100vw, 2016px\" \/>\t\t\t\t\t\t\t\t\t\t\t\t\t\t\t<\/div>\n\t\t\t\t<\/div>\n\t\t\t\t\t<\/div>\n\t\t<\/div>\n\t\t\t\t\t<\/div>\n\t\t<\/section>\n\t\t\t\t<section class=\"elementor-section elementor-top-section elementor-element elementor-element-995f1e0 elementor-section-content-middle text-right-img-left elementor-section-boxed elementor-section-height-default elementor-section-height-default\" data-id=\"995f1e0\" data-element_type=\"section\" data-e-type=\"section\">\n\t\t\t\t\t\t<div class=\"elementor-container elementor-column-gap-default\">\n\t\t\t\t\t<div class=\"elementor-column elementor-col-50 elementor-top-column elementor-element elementor-element-e3fdd07\" data-id=\"e3fdd07\" data-element_type=\"column\" data-e-type=\"column\">\n\t\t\t<div class=\"elementor-widget-wrap elementor-element-populated\">\n\t\t\t\t\t\t<div class=\"elementor-element elementor-element-68538c4 elementor-widget elementor-widget-image\" data-id=\"68538c4\" data-element_type=\"widget\" data-e-type=\"widget\" data-settings=\"{&quot;motion_fx_motion_fx_scrolling&quot;:&quot;yes&quot;,&quot;motion_fx_translateY_effect&quot;:&quot;yes&quot;,&quot;motion_fx_translateY_speed&quot;:{&quot;unit&quot;:&quot;px&quot;,&quot;size&quot;:1,&quot;sizes&quot;:[]},&quot;motion_fx_translateY_affectedRange&quot;:{&quot;unit&quot;:&quot;%&quot;,&quot;size&quot;:&quot;&quot;,&quot;sizes&quot;:{&quot;start&quot;:15,&quot;end&quot;:90}},&quot;motion_fx_devices&quot;:[&quot;desktop&quot;,&quot;tablet&quot;]}\" data-widget_type=\"image.default\">\n\t\t\t\t<div class=\"elementor-widget-container\">\n\t\t\t\t\t\t\t\t\t\t\t\t\t\t\t<img decoding=\"async\" width=\"1024\" height=\"683\" src=\"https:\/\/www.falua.pt\/wp-content\/uploads\/2021\/03\/1P1A1499-HD.jpg\" class=\"attachment-large size-large wp-image-1250\" alt=\"\" \/>\t\t\t\t\t\t\t\t\t\t\t\t\t\t\t<\/div>\n\t\t\t\t<\/div>\n\t\t\t\t\t<\/div>\n\t\t<\/div>\n\t\t\t\t<div class=\"elementor-column elementor-col-50 elementor-top-column elementor-element elementor-element-88eb460\" data-id=\"88eb460\" data-element_type=\"column\" data-e-type=\"column\">\n\t\t\t<div class=\"elementor-widget-wrap elementor-element-populated\">\n\t\t\t\t\t\t<div class=\"elementor-element elementor-element-faeec3d imgbox-titulo-subtitulo small elementor-widget elementor-widget-image-box\" data-id=\"faeec3d\" data-element_type=\"widget\" data-e-type=\"widget\" data-widget_type=\"image-box.default\">\n\t\t\t\t<div class=\"elementor-widget-container\">\n\t\t\t\t\t<div class=\"elementor-image-box-wrapper\"><div class=\"elementor-image-box-content\"><h3 class=\"elementor-image-box-title\">DEPUIS LES ORIGINES<\/h3><p class=\"elementor-image-box-description\">Vivre le vin avec passion, sagesse, savoir et r\u00e9bellion<\/p><\/div><\/div>\t\t\t\t<\/div>\n\t\t\t\t<\/div>\n\t\t\t\t<div class=\"elementor-element elementor-element-d901315 elementor-widget elementor-widget-text-editor\" data-id=\"d901315\" data-element_type=\"widget\" data-e-type=\"widget\" data-widget_type=\"text-editor.default\">\n\t\t\t\t<div class=\"elementor-widget-container\">\n\t\t\t\t\t\t\t\t\t<p>Vivre le vin avec passion. Avec sagesse. Avec la connaissance et aussi avec une certaine r\u00e9bellion, afin que de nouvelles voies puissent \u00eatre trouv\u00e9es pour le d\u00e9veloppement d\u2019un savoir centenaire.<\/p><p>L&#8217;association de c\u00e9pages indig\u00e8nes et \u00e9trangers donne lieu \u00e0 des exp\u00e9riences enrichissantes, bas\u00e9es sur le caract\u00e8re du terroir et l\u2019accumulation du savoir-faire, en un lien \u00e9troit avec l&#8217;innovation et l&#8217;ambition.<\/p><p>Ce ne sont pas que des vins, mais des morceaux d&#8217;une histoire qui se r\u00e9v\u00e8le dans chaque bouteille.<\/p>\t\t\t\t\t\t\t\t<\/div>\n\t\t\t\t<\/div>\n\t\t\t\t\t<\/div>\n\t\t<\/div>\n\t\t\t\t\t<\/div>\n\t\t<\/section>\n\t\t\t\t<section class=\"elementor-section elementor-top-section elementor-element elementor-element-0ce2f5c img-right-text-center elementor-section-boxed elementor-section-height-default elementor-section-height-default\" data-id=\"0ce2f5c\" data-element_type=\"section\" data-e-type=\"section\">\n\t\t\t\t\t\t<div class=\"elementor-container elementor-column-gap-default\">\n\t\t\t\t\t<div class=\"elementor-column elementor-col-100 elementor-top-column elementor-element elementor-element-b8777a4\" data-id=\"b8777a4\" data-element_type=\"column\" data-e-type=\"column\">\n\t\t\t<div class=\"elementor-widget-wrap elementor-element-populated\">\n\t\t\t\t\t\t<div class=\"elementor-element elementor-element-1c7b7ce img-desktop-66 elementor-hidden-phone elementor-widget elementor-widget-image\" data-id=\"1c7b7ce\" data-element_type=\"widget\" data-e-type=\"widget\" data-settings=\"{&quot;motion_fx_motion_fx_scrolling&quot;:&quot;yes&quot;,&quot;motion_fx_translateX_effect&quot;:&quot;yes&quot;,&quot;motion_fx_translateX_speed&quot;:{&quot;unit&quot;:&quot;px&quot;,&quot;size&quot;:1,&quot;sizes&quot;:[]},&quot;motion_fx_translateX_affectedRange&quot;:{&quot;unit&quot;:&quot;%&quot;,&quot;size&quot;:&quot;&quot;,&quot;sizes&quot;:{&quot;start&quot;:0,&quot;end&quot;:100}},&quot;motion_fx_devices&quot;:[&quot;desktop&quot;,&quot;tablet&quot;,&quot;mobile&quot;]}\" data-widget_type=\"image.default\">\n\t\t\t\t<div class=\"elementor-widget-container\">\n\t\t\t\t\t\t\t\t\t\t\t\t\t\t\t<img decoding=\"async\" src=\"https:\/\/www.falua.pt\/wp-content\/uploads\/elementor\/thumbs\/sala-de-barricas-scaled-qec8a44zgwsxe59a36lbpb4fwdb6qc36gsac6ikars.jpg\" title=\"sala de barricas\" alt=\"sala de barricas\" loading=\"lazy\" \/>\t\t\t\t\t\t\t\t\t\t\t\t\t\t\t<\/div>\n\t\t\t\t<\/div>\n\t\t\t\t<div class=\"elementor-element elementor-element-dc0574d imgbox-titulo-subtitulo small elementor-position-top elementor-widget elementor-widget-image-box\" data-id=\"dc0574d\" data-element_type=\"widget\" data-e-type=\"widget\" data-settings=\"{&quot;motion_fx_motion_fx_scrolling&quot;:&quot;yes&quot;,&quot;motion_fx_translateX_effect&quot;:&quot;yes&quot;,&quot;motion_fx_translateX_direction&quot;:&quot;negative&quot;,&quot;motion_fx_translateX_speed&quot;:{&quot;unit&quot;:&quot;px&quot;,&quot;size&quot;:0.5,&quot;sizes&quot;:[]},&quot;motion_fx_translateX_affectedRange&quot;:{&quot;unit&quot;:&quot;%&quot;,&quot;size&quot;:&quot;&quot;,&quot;sizes&quot;:{&quot;start&quot;:0,&quot;end&quot;:50}},&quot;motion_fx_devices&quot;:[&quot;desktop&quot;,&quot;tablet&quot;]}\" data-widget_type=\"image-box.default\">\n\t\t\t\t<div class=\"elementor-widget-container\">\n\t\t\t\t\t<div class=\"elementor-image-box-wrapper\"><figure class=\"elementor-image-box-img\"><img decoding=\"async\" src=\"https:\/\/www.falua.pt\/wp-content\/uploads\/elementor\/thumbs\/Falua-35-qec8a375a2rn2jan8o6p4tczazftimzg4nmup8loy0.jpg\" title=\"Falua-35\" alt=\"Falua-35\" loading=\"lazy\" \/><\/figure><div class=\"elementor-image-box-content\"><h3 class=\"elementor-image-box-title\">LES PERSONNES<\/h3><p class=\"elementor-image-box-description\">M\u00e8re nature ne peut \u00eatre seule responsable de la qualit\u00e9 de nos vins<\/p><\/div><\/div>\t\t\t\t<\/div>\n\t\t\t\t<\/div>\n\t\t\t\t<div class=\"elementor-element elementor-element-76c8e22 elementor-widget elementor-widget-text-editor\" data-id=\"76c8e22\" data-element_type=\"widget\" data-e-type=\"widget\" data-widget_type=\"text-editor.default\">\n\t\t\t\t<div class=\"elementor-widget-container\">\n\t\t\t\t\t\t\t\t\t<p>Des mains avis\u00e9es traitent les vignes avec soin et comp\u00e9tence. En pr\u00e9paration, en taille, en parage, en cure tout au long de l&#8217;ann\u00e9e. Tout pour que le printemps voit appara\u00eetre les premi\u00e8res fleurs d\u2019o\u00f9 r\u00e9sultent les grappes qui nous donneront la mati\u00e8re premi\u00e8re pour que, la vendange venue, les sourires s\u2019affichent sur les visages exprimant la confiance dans la qualit\u00e9 du raisin.<\/p><p>Parce que ce n&#8217;est pas seulement Dame Nature qui peut s&#8217;occuper de nos vignes.\u00a0\u00a0<\/p><p>Dans la Cave, notre vie quotidienne est partag\u00e9e entre des \u00e9chantillons issus des barriques et notre salle de d\u00e9gustation, o\u00f9 sont recherch\u00e9es les meilleures combinaisons d&#8217;ar\u00f4mes et de saveurs pour les vins de Falua.<\/p>\t\t\t\t\t\t\t\t<\/div>\n\t\t\t\t<\/div>\n\t\t\t\t\t<\/div>\n\t\t<\/div>\n\t\t\t\t\t<\/div>\n\t\t<\/section>\n\t\t\t\t<section class=\"elementor-section elementor-top-section elementor-element elementor-element-65e2d8e elementor-section-boxed elementor-section-height-default elementor-section-height-default\" data-id=\"65e2d8e\" data-element_type=\"section\" data-e-type=\"section\">\n\t\t\t\t\t\t<div class=\"elementor-container elementor-column-gap-default\">\n\t\t\t\t\t<div class=\"elementor-column elementor-col-100 elementor-top-column elementor-element elementor-element-2f3c9da\" data-id=\"2f3c9da\" data-element_type=\"column\" data-e-type=\"column\">\n\t\t\t<div class=\"elementor-widget-wrap elementor-element-populated\">\n\t\t\t\t\t\t<div class=\"elementor-element elementor-element-4fef295 next-page imgbox-titulo-subtitulo small elementor-position-top elementor-widget elementor-widget-image-box\" data-id=\"4fef295\" data-element_type=\"widget\" data-e-type=\"widget\" data-settings=\"{&quot;motion_fx_motion_fx_scrolling&quot;:&quot;yes&quot;,&quot;motion_fx_translateY_effect&quot;:&quot;yes&quot;,&quot;motion_fx_translateY_speed&quot;:{&quot;unit&quot;:&quot;px&quot;,&quot;size&quot;:1,&quot;sizes&quot;:[]},&quot;motion_fx_translateY_affectedRange&quot;:{&quot;unit&quot;:&quot;%&quot;,&quot;size&quot;:&quot;&quot;,&quot;sizes&quot;:{&quot;start&quot;:0,&quot;end&quot;:75}},&quot;motion_fx_devices&quot;:[&quot;desktop&quot;,&quot;tablet&quot;]}\" data-widget_type=\"image-box.default\">\n\t\t\t\t<div class=\"elementor-widget-container\">\n\t\t\t\t\t<div class=\"elementor-image-box-wrapper\"><figure class=\"elementor-image-box-img\"><a href=\"\/fr\/philosophie\/\" tabindex=\"-1\"><img decoding=\"async\" width=\"200\" height=\"300\" src=\"https:\/\/www.falua.pt\/wp-content\/uploads\/2021\/04\/Falua-Vindimas-16-Setembro-2020-138_01-200x300.jpg\" class=\"attachment-medium size-medium wp-image-1350\" alt=\"\" srcset=\"https:\/\/www.falua.pt\/wp-content\/uploads\/2021\/04\/Falua-Vindimas-16-Setembro-2020-138_01-200x300.jpg 200w, https:\/\/www.falua.pt\/wp-content\/uploads\/2021\/04\/Falua-Vindimas-16-Setembro-2020-138_01-682x1024.jpg 682w, https:\/\/www.falua.pt\/wp-content\/uploads\/2021\/04\/Falua-Vindimas-16-Setembro-2020-138_01-768x1152.jpg 768w, https:\/\/www.falua.pt\/wp-content\/uploads\/2021\/04\/Falua-Vindimas-16-Setembro-2020-138_01-1024x1536.jpg 1024w, https:\/\/www.falua.pt\/wp-content\/uploads\/2021\/04\/Falua-Vindimas-16-Setembro-2020-138_01-1365x2048.jpg 1365w, https:\/\/www.falua.pt\/wp-content\/uploads\/2021\/04\/Falua-Vindimas-16-Setembro-2020-138_01-scaled.jpg 1706w\" sizes=\"(max-width: 200px) 100vw, 200px\" \/><\/a><\/figure><div class=\"elementor-image-box-content\"><h3 class=\"elementor-image-box-title\"><a href=\"\/fr\/philosophie\/\">Philosophie<\/a><\/h3><p class=\"elementor-image-box-description\"><a href=\"\/fr\/philosophie\/\">Continuez la d\u00e9couverte<\/a><\/p><\/div><\/div>\t\t\t\t<\/div>\n\t\t\t\t<\/div>\n\t\t\t\t\t<\/div>\n\t\t<\/div>\n\t\t\t\t\t<\/div>\n\t\t<\/section>\n\t\t\t\t<\/div>\n\t\t","protected":false},"excerpt":{"rendered":"<p>L&#8217;HISTOIRE Falua est synonyme d\u2019un voyage \u00e0 travers le vin, en tant qu&#8217;ambassadrice du Portugal dans le monde. Falua a \u00e9t\u00e9 fond\u00e9e en 1994 dans le but de s&#8217;affirmer comme une r\u00e9f\u00e9rence dans la production de vins de la r\u00e9gion du Tejo et qui s&#8217;est rapidement d\u00e9velopp\u00e9e dans d&#8217;autres r\u00e9gions.\u00a0 En 2017, VITAS Portugal &#8211; [&hellip;]<\/p>\n","protected":false},"author":1,"featured_media":0,"parent":0,"menu_order":0,"comment_status":"closed","ping_status":"closed","template":"","meta":{"_acf_changed":false,"site-sidebar-layout":"no-sidebar","site-content-layout":"page-builder","ast-site-content-layout":"default","site-content-style":"default","site-sidebar-style":"default","ast-global-header-display":"","ast-banner-title-visibility":"","ast-main-header-display":"","ast-hfb-above-header-display":"","ast-hfb-below-header-display":"","ast-hfb-mobile-header-display":"","site-post-title":"disabled","ast-breadcrumbs-content":"","ast-featured-img":"disabled","footer-sml-layout":"","ast-disable-related-posts":"","theme-transparent-header-meta":"default","adv-header-id-meta":"","stick-header-meta":"","header-above-stick-meta":"","header-main-stick-meta":"","header-below-stick-meta":"","astra-migrate-meta-layouts":"default","ast-page-background-enabled":"default","ast-page-background-meta":{"desktop":{"background-color":"","background-image":"","background-repeat":"repeat","background-position":"center center","background-size":"auto","background-attachment":"scroll","background-type":"","background-media":"","overlay-type":"","overlay-color":"","overlay-opacity":"","overlay-gradient":""},"tablet":{"background-color":"","background-image":"","background-repeat":"repeat","background-position":"center center","background-size":"auto","background-attachment":"scroll","background-type":"","background-media":"","overlay-type":"","overlay-color":"","overlay-opacity":"","overlay-gradient":""},"mobile":{"background-color":"","background-image":"","background-repeat":"repeat","background-position":"center center","background-size":"auto","background-attachment":"scroll","background-type":"","background-media":"","overlay-type":"","overlay-color":"","overlay-opacity":"","overlay-gradient":""}},"ast-content-background-meta":{"desktop":{"background-color":"var(--ast-global-color-5)","background-image":"","background-repeat":"repeat","background-position":"center center","background-size":"auto","background-attachment":"scroll","background-type":"","background-media":"","overlay-type":"","overlay-color":"","overlay-opacity":"","overlay-gradient":""},"tablet":{"background-color":"var(--ast-global-color-5)","background-image":"","background-repeat":"repeat","background-position":"center center","background-size":"auto","background-attachment":"scroll","background-type":"","background-media":"","overlay-type":"","overlay-color":"","overlay-opacity":"","overlay-gradient":""},"mobile":{"background-color":"var(--ast-global-color-5)","background-image":"","background-repeat":"repeat","background-position":"center center","background-size":"auto","background-attachment":"scroll","background-type":"","background-media":"","overlay-type":"","overlay-color":"","overlay-opacity":"","overlay-gradient":""}},"footnotes":""},"class_list":["post-1637","page","type-page","status-publish","hentry"],"acf":[],"_links":{"self":[{"href":"https:\/\/www.falua.pt\/fr\/wp-json\/wp\/v2\/pages\/1637","targetHints":{"allow":["GET"]}}],"collection":[{"href":"https:\/\/www.falua.pt\/fr\/wp-json\/wp\/v2\/pages"}],"about":[{"href":"https:\/\/www.falua.pt\/fr\/wp-json\/wp\/v2\/types\/page"}],"author":[{"embeddable":true,"href":"https:\/\/www.falua.pt\/fr\/wp-json\/wp\/v2\/users\/1"}],"replies":[{"embeddable":true,"href":"https:\/\/www.falua.pt\/fr\/wp-json\/wp\/v2\/comments?post=1637"}],"version-history":[{"count":18,"href":"https:\/\/www.falua.pt\/fr\/wp-json\/wp\/v2\/pages\/1637\/revisions"}],"predecessor-version":[{"id":3038,"href":"https:\/\/www.falua.pt\/fr\/wp-json\/wp\/v2\/pages\/1637\/revisions\/3038"}],"wp:attachment":[{"href":"https:\/\/www.falua.pt\/fr\/wp-json\/wp\/v2\/media?parent=1637"}],"curies":[{"name":"wp","href":"https:\/\/api.w.org\/{rel}","templated":true}]}}