{"id":1635,"date":"2021-03-30T16:39:45","date_gmt":"2021-03-30T16:39:45","guid":{"rendered":"https:\/\/www.falua.pt\/filosofia\/"},"modified":"2021-05-21T15:49:53","modified_gmt":"2021-05-21T14:49:53","slug":"philosophie","status":"publish","type":"page","link":"https:\/\/www.falua.pt\/fr\/philosophie\/","title":{"rendered":"Notre Philosophie"},"content":{"rendered":"\t\t<div data-elementor-type=\"wp-page\" data-elementor-id=\"1635\" class=\"elementor elementor-1635 elementor-520\" data-elementor-post-type=\"page\">\n\t\t\t\t\t\t<section class=\"elementor-section elementor-top-section elementor-element elementor-element-9240fec firstsection elementor-reverse-mobile elementor-section-boxed elementor-section-height-default elementor-section-height-default\" data-id=\"9240fec\" data-element_type=\"section\" data-e-type=\"section\">\n\t\t\t\t\t\t<div class=\"elementor-container elementor-column-gap-default\">\n\t\t\t\t\t<div class=\"elementor-column elementor-col-33 elementor-top-column elementor-element elementor-element-647f362 intro\" data-id=\"647f362\" data-element_type=\"column\" data-e-type=\"column\">\n\t\t\t<div class=\"elementor-widget-wrap elementor-element-populated\">\n\t\t\t\t\t\t<div class=\"elementor-element elementor-element-6c35173 header imgbox-titulo-subtitulo elementor-widget elementor-widget-image-box\" data-id=\"6c35173\" data-element_type=\"widget\" data-e-type=\"widget\" data-widget_type=\"image-box.default\">\n\t\t\t\t<div class=\"elementor-widget-container\">\n\t\t\t\t\t<div class=\"elementor-image-box-wrapper\"><div class=\"elementor-image-box-content\"><h1 class=\"elementor-image-box-title\">NOTRE PHILOSOPHIE<\/h1><p class=\"elementor-image-box-description\">Des projets qui c\u00e9l\u00e8brent la qualit\u00e9 et la diff\u00e9renciation.<\/p><\/div><\/div>\t\t\t\t<\/div>\n\t\t\t\t<\/div>\n\t\t\t\t<div class=\"elementor-element elementor-element-6885c0a elementor-widget elementor-widget-text-editor\" data-id=\"6885c0a\" data-element_type=\"widget\" data-e-type=\"widget\" data-widget_type=\"text-editor.default\">\n\t\t\t\t<div class=\"elementor-widget-container\">\n\t\t\t\t\t\t\t\t\t<p>Le d\u00e9fi \u00e9mergent auquel le secteur vitivinicole est confront\u00e9 dans le cadre du d\u00e9veloppement durable est le moteur de l&#8217;innovation pour des entreprises comme Falua, qui consacre son attention \u00e0 la gestion et au d\u00e9veloppement agricoles orient\u00e9s vers l&#8217;utilisation consciente des ressources naturelles, dans une relation \u00e9troite du respect de la nature.<\/p><p><br \/>Orient\u00e9 dans trois aspects &#8211; environnemental, \u00e9conomique et social \u2013 le d\u00e9veloppement durable est un engagement de Falua, la production de raisin faisant l&#8217;objet d&#8217;une intervention minimale dans l&#8217;utilisation de traitements phytosanitaires. Dans sa Mission, Falua veut s&#8217;affirmer comme une r\u00e9f\u00e9rence pour les vins portugais dans le monde entier, en mettant en avant le caract\u00e8re historique des diff\u00e9rents terroirs et en d\u00e9veloppant des projets \u0153nologiques qui c\u00e9l\u00e8brent la qualit\u00e9 et la diff\u00e9renciation.<\/p>\t\t\t\t\t\t\t\t<\/div>\n\t\t\t\t<\/div>\n\t\t\t\t\t<\/div>\n\t\t<\/div>\n\t\t\t\t<div class=\"elementor-column elementor-col-66 elementor-top-column elementor-element elementor-element-54a9fcb\" data-id=\"54a9fcb\" data-element_type=\"column\" data-e-type=\"column\" data-settings=\"{&quot;background_background&quot;:&quot;classic&quot;}\">\n\t\t\t<div class=\"elementor-widget-wrap elementor-element-populated\">\n\t\t\t\t\t\t<div class=\"elementor-element elementor-element-f717ca6 firstsection-img elementor-widget elementor-widget-image\" data-id=\"f717ca6\" data-element_type=\"widget\" data-e-type=\"widget\" data-widget_type=\"image.default\">\n\t\t\t\t<div class=\"elementor-widget-container\">\n\t\t\t\t\t\t\t\t\t\t\t\t\t\t\t<img decoding=\"async\" src=\"https:\/\/www.falua.pt\/wp-content\/uploads\/elementor\/thumbs\/Falua-Vindimas-16-Setembro-2020-138_01-scaled-qec8a375klpdv9dhj3o3us5empq08mfpb80a56ls2g.jpg\" title=\"Falua Vindimas 16 Setembro 2020 (138)_01\" alt=\"Falua Vindimas 16 Setembro 2020 (138)_01\" loading=\"lazy\" \/>\t\t\t\t\t\t\t\t\t\t\t\t\t\t\t<\/div>\n\t\t\t\t<\/div>\n\t\t\t\t\t<\/div>\n\t\t<\/div>\n\t\t\t\t\t<\/div>\n\t\t<\/section>\n\t\t\t\t<section class=\"elementor-section elementor-top-section elementor-element elementor-element-995f1e0 elementor-section-content-middle text-right-img-left elementor-section-boxed elementor-section-height-default elementor-section-height-default\" data-id=\"995f1e0\" data-element_type=\"section\" data-e-type=\"section\">\n\t\t\t\t\t\t<div class=\"elementor-container elementor-column-gap-default\">\n\t\t\t\t\t<div class=\"elementor-column elementor-col-50 elementor-top-column elementor-element elementor-element-e3fdd07\" data-id=\"e3fdd07\" data-element_type=\"column\" data-e-type=\"column\">\n\t\t\t<div class=\"elementor-widget-wrap elementor-element-populated\">\n\t\t\t\t\t\t<div class=\"elementor-element elementor-element-68538c4 elementor-widget elementor-widget-image\" data-id=\"68538c4\" data-element_type=\"widget\" data-e-type=\"widget\" data-settings=\"{&quot;motion_fx_motion_fx_scrolling&quot;:&quot;yes&quot;,&quot;motion_fx_translateY_effect&quot;:&quot;yes&quot;,&quot;motion_fx_translateY_speed&quot;:{&quot;unit&quot;:&quot;px&quot;,&quot;size&quot;:1,&quot;sizes&quot;:[]},&quot;motion_fx_translateY_affectedRange&quot;:{&quot;unit&quot;:&quot;%&quot;,&quot;size&quot;:&quot;&quot;,&quot;sizes&quot;:{&quot;start&quot;:15,&quot;end&quot;:90}},&quot;motion_fx_devices&quot;:[&quot;desktop&quot;,&quot;tablet&quot;]}\" data-widget_type=\"image.default\">\n\t\t\t\t<div class=\"elementor-widget-container\">\n\t\t\t\t\t\t\t\t\t\t\t\t\t\t\t<img fetchpriority=\"high\" decoding=\"async\" width=\"1024\" height=\"768\" src=\"https:\/\/www.falua.pt\/wp-content\/uploads\/2021\/04\/2015-10_CMI_Drone-videosaintmalo-0039-1024x768.jpg\" class=\"attachment-large size-large wp-image-1362\" alt=\"\" srcset=\"https:\/\/www.falua.pt\/wp-content\/uploads\/2021\/04\/2015-10_CMI_Drone-videosaintmalo-0039-1024x768.jpg 1024w, https:\/\/www.falua.pt\/wp-content\/uploads\/2021\/04\/2015-10_CMI_Drone-videosaintmalo-0039-300x225.jpg 300w, https:\/\/www.falua.pt\/wp-content\/uploads\/2021\/04\/2015-10_CMI_Drone-videosaintmalo-0039-768x576.jpg 768w, https:\/\/www.falua.pt\/wp-content\/uploads\/2021\/04\/2015-10_CMI_Drone-videosaintmalo-0039-1536x1152.jpg 1536w, https:\/\/www.falua.pt\/wp-content\/uploads\/2021\/04\/2015-10_CMI_Drone-videosaintmalo-0039-2048x1536.jpg 2048w\" sizes=\"(max-width: 1024px) 100vw, 1024px\" \/>\t\t\t\t\t\t\t\t\t\t\t\t\t\t\t<\/div>\n\t\t\t\t<\/div>\n\t\t\t\t\t<\/div>\n\t\t<\/div>\n\t\t\t\t<div class=\"elementor-column elementor-col-50 elementor-top-column elementor-element elementor-element-88eb460\" data-id=\"88eb460\" data-element_type=\"column\" data-e-type=\"column\">\n\t\t\t<div class=\"elementor-widget-wrap elementor-element-populated\">\n\t\t\t\t\t\t<div class=\"elementor-element elementor-element-faeec3d imgbox-titulo-subtitulo small elementor-widget elementor-widget-image-box\" data-id=\"faeec3d\" data-element_type=\"widget\" data-e-type=\"widget\" data-widget_type=\"image-box.default\">\n\t\t\t\t<div class=\"elementor-widget-container\">\n\t\t\t\t\t<div class=\"elementor-image-box-wrapper\"><div class=\"elementor-image-box-content\"><h3 class=\"elementor-image-box-title\">Grupo Roullier<\/h3><p class=\"elementor-image-box-description\">Le Groupe Roullier est n\u00e9 \u00e0 Saint-Malo - Bretagne - France, en 1959.<\/p><\/div><\/div>\t\t\t\t<\/div>\n\t\t\t\t<\/div>\n\t\t\t\t<div class=\"elementor-element elementor-element-d901315 elementor-widget elementor-widget-text-editor\" data-id=\"d901315\" data-element_type=\"widget\" data-e-type=\"widget\" data-widget_type=\"text-editor.default\">\n\t\t\t\t<div class=\"elementor-widget-container\">\n\t\t\t\t\t\t\t\t\t<p>Les \u00e9quipes du Groupe Roullier r\u00e9pondent aux besoins r\u00e9els issus du terroir, pour une agriculture moderne et durable.<\/p><p>Entreprise leader en Nutrition V\u00e9g\u00e9tale et Animale depuis plus de 60 ans, le Groupe Roullier d\u00e9veloppe en permanence son savoir-faire et ses comp\u00e9tences. La Nutrition V\u00e9g\u00e9tale repr\u00e9sentant plus des deux tiers de son chiffre d&#8217;affaires, le Groupe dispose d&#8217;un portefeuille d&#8217;activit\u00e9s diversifi\u00e9es, comprenant de nombreux produits et services pour l&#8217;industrie, ainsi qu&#8217;un hub dans l&#8217;Agro-alimentaire.<\/p><p>Sp\u00e9cialistes dans nos domaines d&#8217;activit\u00e9 respectifs, nos diff\u00e9rentes branches se caract\u00e9risent par un capital industriel solide, ainsi que par leur capacit\u00e9 \u00e0 innover.<\/p><div><div>Notre devise est : \u00ab Pour que la Terre et les Hommes produisent le meilleur \u00bb.<\/div><div>Cr\u00e9\u00e9e en 1994, Vitas Portugal est la filiale du Groupe Roullier dans notre pays.<\/div><\/div><div>\u00a0<\/div>\t\t\t\t\t\t\t\t<\/div>\n\t\t\t\t<\/div>\n\t\t\t\t\t<\/div>\n\t\t<\/div>\n\t\t\t\t\t<\/div>\n\t\t<\/section>\n\t\t\t\t<section class=\"elementor-section elementor-top-section elementor-element elementor-element-65e2d8e elementor-section-boxed elementor-section-height-default elementor-section-height-default\" data-id=\"65e2d8e\" data-element_type=\"section\" data-e-type=\"section\">\n\t\t\t\t\t\t<div class=\"elementor-container elementor-column-gap-default\">\n\t\t\t\t\t<div class=\"elementor-column elementor-col-100 elementor-top-column elementor-element elementor-element-2f3c9da\" data-id=\"2f3c9da\" data-element_type=\"column\" data-e-type=\"column\">\n\t\t\t<div class=\"elementor-widget-wrap elementor-element-populated\">\n\t\t\t\t\t\t<div class=\"elementor-element elementor-element-4fef295 next-page imgbox-titulo-subtitulo small elementor-position-top elementor-widget elementor-widget-image-box\" data-id=\"4fef295\" data-element_type=\"widget\" data-e-type=\"widget\" data-settings=\"{&quot;motion_fx_motion_fx_scrolling&quot;:&quot;yes&quot;,&quot;motion_fx_translateY_effect&quot;:&quot;yes&quot;,&quot;motion_fx_translateY_speed&quot;:{&quot;unit&quot;:&quot;px&quot;,&quot;size&quot;:1,&quot;sizes&quot;:[]},&quot;motion_fx_translateY_affectedRange&quot;:{&quot;unit&quot;:&quot;%&quot;,&quot;size&quot;:&quot;&quot;,&quot;sizes&quot;:{&quot;start&quot;:0,&quot;end&quot;:75}},&quot;motion_fx_devices&quot;:[&quot;desktop&quot;,&quot;tablet&quot;]}\" data-widget_type=\"image-box.default\">\n\t\t\t\t<div class=\"elementor-widget-container\">\n\t\t\t\t\t<div class=\"elementor-image-box-wrapper\"><figure class=\"elementor-image-box-img\"><a href=\"\/fr\/regions\/\" tabindex=\"-1\"><img decoding=\"async\" width=\"300\" height=\"200\" src=\"https:\/\/www.falua.pt\/wp-content\/uploads\/2021\/04\/1P1A1670-HD-300x200.jpg\" class=\"attachment-medium size-medium wp-image-1366\" alt=\"\" srcset=\"https:\/\/www.falua.pt\/wp-content\/uploads\/2021\/04\/1P1A1670-HD-300x200.jpg 300w, https:\/\/www.falua.pt\/wp-content\/uploads\/2021\/04\/1P1A1670-HD-1024x683.jpg 1024w, https:\/\/www.falua.pt\/wp-content\/uploads\/2021\/04\/1P1A1670-HD-768x512.jpg 768w, https:\/\/www.falua.pt\/wp-content\/uploads\/2021\/04\/1P1A1670-HD-1536x1024.jpg 1536w, https:\/\/www.falua.pt\/wp-content\/uploads\/2021\/04\/1P1A1670-HD.jpg 2016w\" sizes=\"(max-width: 300px) 100vw, 300px\" \/><\/a><\/figure><div class=\"elementor-image-box-content\"><h3 class=\"elementor-image-box-title\"><a href=\"\/fr\/regions\/\">R\u00c9GIONS<\/a><\/h3><p class=\"elementor-image-box-description\">Continuez la d\u00e9couverte<\/p><\/div><\/div>\t\t\t\t<\/div>\n\t\t\t\t<\/div>\n\t\t\t\t\t<\/div>\n\t\t<\/div>\n\t\t\t\t\t<\/div>\n\t\t<\/section>\n\t\t\t\t<\/div>\n\t\t","protected":false},"excerpt":{"rendered":"<p>NOTRE PHILOSOPHIE Des projets qui c\u00e9l\u00e8brent la qualit\u00e9 et la diff\u00e9renciation. Le d\u00e9fi \u00e9mergent auquel le secteur vitivinicole est confront\u00e9 dans le cadre du d\u00e9veloppement durable est le moteur de l&#8217;innovation pour des entreprises comme Falua, qui consacre son attention \u00e0 la gestion et au d\u00e9veloppement agricoles orient\u00e9s vers l&#8217;utilisation consciente des ressources naturelles, dans [&hellip;]<\/p>\n","protected":false},"author":1,"featured_media":0,"parent":0,"menu_order":0,"comment_status":"closed","ping_status":"closed","template":"","meta":{"_acf_changed":false,"site-sidebar-layout":"no-sidebar","site-content-layout":"page-builder","ast-site-content-layout":"default","site-content-style":"default","site-sidebar-style":"default","ast-global-header-display":"","ast-banner-title-visibility":"","ast-main-header-display":"","ast-hfb-above-header-display":"","ast-hfb-below-header-display":"","ast-hfb-mobile-header-display":"","site-post-title":"disabled","ast-breadcrumbs-content":"","ast-featured-img":"disabled","footer-sml-layout":"","ast-disable-related-posts":"","theme-transparent-header-meta":"default","adv-header-id-meta":"","stick-header-meta":"","header-above-stick-meta":"","header-main-stick-meta":"","header-below-stick-meta":"","astra-migrate-meta-layouts":"default","ast-page-background-enabled":"default","ast-page-background-meta":{"desktop":{"background-color":"","background-image":"","background-repeat":"repeat","background-position":"center center","background-size":"auto","background-attachment":"scroll","background-type":"","background-media":"","overlay-type":"","overlay-color":"","overlay-opacity":"","overlay-gradient":""},"tablet":{"background-color":"","background-image":"","background-repeat":"repeat","background-position":"center center","background-size":"auto","background-attachment":"scroll","background-type":"","background-media":"","overlay-type":"","overlay-color":"","overlay-opacity":"","overlay-gradient":""},"mobile":{"background-color":"","background-image":"","background-repeat":"repeat","background-position":"center center","background-size":"auto","background-attachment":"scroll","background-type":"","background-media":"","overlay-type":"","overlay-color":"","overlay-opacity":"","overlay-gradient":""}},"ast-content-background-meta":{"desktop":{"background-color":"var(--ast-global-color-5)","background-image":"","background-repeat":"repeat","background-position":"center center","background-size":"auto","background-attachment":"scroll","background-type":"","background-media":"","overlay-type":"","overlay-color":"","overlay-opacity":"","overlay-gradient":""},"tablet":{"background-color":"var(--ast-global-color-5)","background-image":"","background-repeat":"repeat","background-position":"center center","background-size":"auto","background-attachment":"scroll","background-type":"","background-media":"","overlay-type":"","overlay-color":"","overlay-opacity":"","overlay-gradient":""},"mobile":{"background-color":"var(--ast-global-color-5)","background-image":"","background-repeat":"repeat","background-position":"center center","background-size":"auto","background-attachment":"scroll","background-type":"","background-media":"","overlay-type":"","overlay-color":"","overlay-opacity":"","overlay-gradient":""}},"footnotes":""},"class_list":["post-1635","page","type-page","status-publish","hentry"],"acf":[],"_links":{"self":[{"href":"https:\/\/www.falua.pt\/fr\/wp-json\/wp\/v2\/pages\/1635","targetHints":{"allow":["GET"]}}],"collection":[{"href":"https:\/\/www.falua.pt\/fr\/wp-json\/wp\/v2\/pages"}],"about":[{"href":"https:\/\/www.falua.pt\/fr\/wp-json\/wp\/v2\/types\/page"}],"author":[{"embeddable":true,"href":"https:\/\/www.falua.pt\/fr\/wp-json\/wp\/v2\/users\/1"}],"replies":[{"embeddable":true,"href":"https:\/\/www.falua.pt\/fr\/wp-json\/wp\/v2\/comments?post=1635"}],"version-history":[{"count":9,"href":"https:\/\/www.falua.pt\/fr\/wp-json\/wp\/v2\/pages\/1635\/revisions"}],"predecessor-version":[{"id":2983,"href":"https:\/\/www.falua.pt\/fr\/wp-json\/wp\/v2\/pages\/1635\/revisions\/2983"}],"wp:attachment":[{"href":"https:\/\/www.falua.pt\/fr\/wp-json\/wp\/v2\/media?parent=1635"}],"curies":[{"name":"wp","href":"https:\/\/api.w.org\/{rel}","templated":true}]}}