{"id":1598,"date":"2021-03-30T10:53:02","date_gmt":"2021-03-30T10:53:02","guid":{"rendered":"https:\/\/www.falua.pt\/regioes\/"},"modified":"2023-09-27T09:12:27","modified_gmt":"2023-09-27T08:12:27","slug":"regions","status":"publish","type":"page","link":"https:\/\/www.falua.pt\/fr\/regions\/","title":{"rendered":"R\u00e9gions"},"content":{"rendered":"\t\t<div data-elementor-type=\"wp-page\" data-elementor-id=\"1598\" class=\"elementor elementor-1598 elementor-404\" data-elementor-post-type=\"page\">\n\t\t\t\t\t\t<section class=\"elementor-section elementor-top-section elementor-element elementor-element-4fbc61f firstsection img-bg-column-right elementor-reverse-mobile elementor-section-boxed elementor-section-height-default elementor-section-height-default\" data-id=\"4fbc61f\" data-element_type=\"section\" data-e-type=\"section\">\n\t\t\t\t\t\t<div class=\"elementor-container elementor-column-gap-default\">\n\t\t\t\t\t<div class=\"elementor-column elementor-col-50 elementor-top-column elementor-element elementor-element-f042be3 intro\" data-id=\"f042be3\" data-element_type=\"column\" data-e-type=\"column\">\n\t\t\t<div class=\"elementor-widget-wrap elementor-element-populated\">\n\t\t\t\t\t\t<div class=\"elementor-element elementor-element-3b81270 header imgbox-titulo-subtitulo elementor-widget elementor-widget-image-box\" data-id=\"3b81270\" data-element_type=\"widget\" data-e-type=\"widget\" data-widget_type=\"image-box.default\">\n\t\t\t\t<div class=\"elementor-widget-container\">\n\t\t\t\t\t<div class=\"elementor-image-box-wrapper\"><div class=\"elementor-image-box-content\"><h1 class=\"elementor-image-box-title\">R\u00e9gions<\/h1><p class=\"elementor-image-box-description\">Multi-r\u00e9gions<\/p><\/div><\/div>\t\t\t\t<\/div>\n\t\t\t\t<\/div>\n\t\t\t\t<div class=\"elementor-element elementor-element-a0b2d57 elementor-widget elementor-widget-text-editor\" data-id=\"a0b2d57\" data-element_type=\"widget\" data-e-type=\"widget\" data-widget_type=\"text-editor.default\">\n\t\t\t\t<div class=\"elementor-widget-container\">\n\t\t\t\t\t\t\t\t\t<p>Historiquement, le portefeuille de marques Falua provient de diff\u00e9rentes r\u00e9gions.<br \/>Actuellement, Falua poss\u00e8de ses propres vignobles et centres de vinification dans les r\u00e9gions du Tejo et du Vinho Verde.<\/p>\t\t\t\t\t\t\t\t<\/div>\n\t\t\t\t<\/div>\n\t\t\t\t\t<\/div>\n\t\t<\/div>\n\t\t\t\t<div class=\"elementor-column elementor-col-50 elementor-top-column elementor-element elementor-element-bec2a6e firstsection-column-bg\" data-id=\"bec2a6e\" data-element_type=\"column\" data-e-type=\"column\" data-settings=\"{&quot;background_background&quot;:&quot;classic&quot;,&quot;motion_fx_motion_fx_scrolling&quot;:&quot;yes&quot;,&quot;motion_fx_translateX_effect&quot;:&quot;yes&quot;,&quot;motion_fx_translateX_direction&quot;:&quot;negative&quot;,&quot;motion_fx_translateX_speed&quot;:{&quot;unit&quot;:&quot;px&quot;,&quot;size&quot;:1,&quot;sizes&quot;:[]},&quot;motion_fx_devices&quot;:[&quot;desktop&quot;,&quot;tablet&quot;],&quot;motion_fx_translateX_affectedRange&quot;:{&quot;unit&quot;:&quot;%&quot;,&quot;size&quot;:&quot;&quot;,&quot;sizes&quot;:{&quot;start&quot;:0,&quot;end&quot;:100}}}\">\n\t\t\t<div class=\"elementor-widget-wrap\">\n\t\t\t\t\t\t\t<\/div>\n\t\t<\/div>\n\t\t\t\t\t<\/div>\n\t\t<\/section>\n\t\t\t\t<section class=\"elementor-section elementor-top-section elementor-element elementor-element-8b4b78a miniaturas-regioes elementor-section-boxed elementor-section-height-default elementor-section-height-default\" data-id=\"8b4b78a\" data-element_type=\"section\" data-e-type=\"section\">\n\t\t\t\t\t\t<div class=\"elementor-container elementor-column-gap-default\">\n\t\t\t\t\t<div class=\"elementor-column elementor-col-33 elementor-top-column elementor-element elementor-element-7fe1b91\" data-id=\"7fe1b91\" data-element_type=\"column\" data-e-type=\"column\">\n\t\t\t<div class=\"elementor-widget-wrap elementor-element-populated\">\n\t\t\t\t\t\t<div class=\"elementor-element elementor-element-153e65c imgbox-titulo-subtitulo small elementor-position-top elementor-widget elementor-widget-image-box\" data-id=\"153e65c\" data-element_type=\"widget\" data-e-type=\"widget\" data-widget_type=\"image-box.default\">\n\t\t\t\t<div class=\"elementor-widget-container\">\n\t\t\t\t\t<div class=\"elementor-image-box-wrapper\"><figure class=\"elementor-image-box-img\"><a href=\"\/fr\/tejo\/\" tabindex=\"-1\"><img fetchpriority=\"high\" decoding=\"async\" width=\"1040\" height=\"1040\" src=\"https:\/\/www.falua.pt\/wp-content\/uploads\/2021\/04\/Group-13-1.jpg\" class=\"attachment-full size-full wp-image-1546\" alt=\"\" srcset=\"https:\/\/www.falua.pt\/wp-content\/uploads\/2021\/04\/Group-13-1.jpg 1040w, https:\/\/www.falua.pt\/wp-content\/uploads\/2021\/04\/Group-13-1-300x300.jpg 300w, https:\/\/www.falua.pt\/wp-content\/uploads\/2021\/04\/Group-13-1-1024x1024.jpg 1024w, https:\/\/www.falua.pt\/wp-content\/uploads\/2021\/04\/Group-13-1-150x150.jpg 150w, https:\/\/www.falua.pt\/wp-content\/uploads\/2021\/04\/Group-13-1-768x768.jpg 768w\" sizes=\"(max-width: 1040px) 100vw, 1040px\" \/><\/a><\/figure><div class=\"elementor-image-box-content\"><h3 class=\"elementor-image-box-title\"><a href=\"\/fr\/tejo\/\">Tejo<\/a><\/h3><p class=\"elementor-image-box-description\"><span>Un terroir unique<\/span><\/p><\/div><\/div>\t\t\t\t<\/div>\n\t\t\t\t<\/div>\n\t\t\t\t<div class=\"elementor-element elementor-element-e0def31 elementor-widget elementor-widget-text-editor\" data-id=\"e0def31\" data-element_type=\"widget\" data-e-type=\"widget\" data-widget_type=\"text-editor.default\">\n\t\t\t\t<div class=\"elementor-widget-container\">\n\t\t\t\t\t\t\t\t\t<p>On peut dire d&#8217;un vignoble qu&#8217;il est luxuriant, qu&#8217;il est r\u00e9cent, ancien, qu&#8217;il a un terroir, qu&#8217;il donne aux vins des caract\u00e9ristiques uniques ou bien cela peut se r\u00e9sumer \u00e0 : Falua poss\u00e8de l&#8217;un des plus beaux vignobles du Portugal.<\/p><p>La plupart des vignobles de Falua sont situ\u00e9s \u00e0 Charneca, les autres \u00e0 Campo \/ Lez\u00edria.<\/p>\t\t\t\t\t\t\t\t<\/div>\n\t\t\t\t<\/div>\n\t\t\t\t<div class=\"elementor-element elementor-element-6e78313 elementor-widget elementor-widget-button\" data-id=\"6e78313\" data-element_type=\"widget\" data-e-type=\"widget\" data-widget_type=\"button.default\">\n\t\t\t\t<div class=\"elementor-widget-container\">\n\t\t\t\t\t\t\t\t\t<div class=\"elementor-button-wrapper\">\n\t\t\t\t\t<a class=\"elementor-button elementor-button-link elementor-size-sm\" href=\"\/fr\/tejo\/\">\n\t\t\t\t\t\t<span class=\"elementor-button-content-wrapper\">\n\t\t\t\t\t\t\t\t\t<span class=\"elementor-button-text\">D\u00c9COUVREZ LA R\u00c9GION<\/span>\n\t\t\t\t\t<\/span>\n\t\t\t\t\t<\/a>\n\t\t\t\t<\/div>\n\t\t\t\t\t\t\t\t<\/div>\n\t\t\t\t<\/div>\n\t\t\t\t\t<\/div>\n\t\t<\/div>\n\t\t\t\t<div class=\"elementor-column elementor-col-33 elementor-top-column elementor-element elementor-element-93cade3\" data-id=\"93cade3\" data-element_type=\"column\" data-e-type=\"column\" data-settings=\"{&quot;motion_fx_motion_fx_scrolling&quot;:&quot;yes&quot;,&quot;motion_fx_translateY_effect&quot;:&quot;yes&quot;,&quot;motion_fx_translateY_affectedRange&quot;:{&quot;unit&quot;:&quot;%&quot;,&quot;size&quot;:&quot;&quot;,&quot;sizes&quot;:{&quot;start&quot;:50,&quot;end&quot;:100}},&quot;motion_fx_devices&quot;:[&quot;desktop&quot;,&quot;tablet&quot;],&quot;motion_fx_translateY_speed&quot;:{&quot;unit&quot;:&quot;px&quot;,&quot;size&quot;:4,&quot;sizes&quot;:[]}}\">\n\t\t\t<div class=\"elementor-widget-wrap elementor-element-populated\">\n\t\t\t\t\t\t<div class=\"elementor-element elementor-element-d0e8f05 imgbox-titulo-subtitulo small elementor-position-top elementor-widget elementor-widget-image-box\" data-id=\"d0e8f05\" data-element_type=\"widget\" data-e-type=\"widget\" data-widget_type=\"image-box.default\">\n\t\t\t\t<div class=\"elementor-widget-container\">\n\t\t\t\t\t<div class=\"elementor-image-box-wrapper\"><figure class=\"elementor-image-box-img\"><a href=\"\/fr\/vinhos-verdes\/\" tabindex=\"-1\"><img decoding=\"async\" width=\"1040\" height=\"1040\" src=\"https:\/\/www.falua.pt\/wp-content\/uploads\/2021\/07\/regiaovinhosverdes.jpg\" class=\"attachment-full size-full wp-image-3411\" alt=\"\" srcset=\"https:\/\/www.falua.pt\/wp-content\/uploads\/2021\/07\/regiaovinhosverdes.jpg 1040w, https:\/\/www.falua.pt\/wp-content\/uploads\/2021\/07\/regiaovinhosverdes-300x300.jpg 300w, https:\/\/www.falua.pt\/wp-content\/uploads\/2021\/07\/regiaovinhosverdes-1024x1024.jpg 1024w, https:\/\/www.falua.pt\/wp-content\/uploads\/2021\/07\/regiaovinhosverdes-150x150.jpg 150w, https:\/\/www.falua.pt\/wp-content\/uploads\/2021\/07\/regiaovinhosverdes-768x768.jpg 768w\" sizes=\"(max-width: 1040px) 100vw, 1040px\" \/><\/a><\/figure><div class=\"elementor-image-box-content\"><h3 class=\"elementor-image-box-title\"><a href=\"\/fr\/vinhos-verdes\/\">Vinhos Verdes<\/a><\/h3><p class=\"elementor-image-box-description\">Les racines dans l'hospitalit\u00e9<\/p><\/div><\/div>\t\t\t\t<\/div>\n\t\t\t\t<\/div>\n\t\t\t\t<div class=\"elementor-element elementor-element-73fcda6 elementor-widget elementor-widget-text-editor\" data-id=\"73fcda6\" data-element_type=\"widget\" data-e-type=\"widget\" data-widget_type=\"text-editor.default\">\n\t\t\t\t<div class=\"elementor-widget-container\">\n\t\t\t\t\t\t\t\t\t<p>L\u2019histoire nous montre que l&#8217;origine de cette \u00abQuinta\u00bb remonte au XIIe si\u00e8cle, une p\u00e9riode de l&#8217;histoire o\u00f9 la m\u00e8re de D. Afonso Henriques (roi du Portugal) &#8211; D. Teresa &#8211; a fait don des terrains \u00e0 l&#8217;Ordre des h\u00f4pitaux.<\/p><p>Au Moyen \u00c2ge, les h\u00f4pitaux ont \u00e9t\u00e9 con\u00e7us pour accueillir et offrir l&#8217;hospitalit\u00e9 aux voyageurs.<\/p><p>Quinta do Hospital est une propri\u00e9t\u00e9 enti\u00e8rement fortifi\u00e9e situ\u00e9e \u00e0 Mon\u00e7\u00e3o et Melga\u00e7o, sous-r\u00e9gion de la r\u00e9gion de Vinhos Verdes.<\/p>\t\t\t\t\t\t\t\t<\/div>\n\t\t\t\t<\/div>\n\t\t\t\t<div class=\"elementor-element elementor-element-6d9ebf9 elementor-widget elementor-widget-button\" data-id=\"6d9ebf9\" data-element_type=\"widget\" data-e-type=\"widget\" data-widget_type=\"button.default\">\n\t\t\t\t<div class=\"elementor-widget-container\">\n\t\t\t\t\t\t\t\t\t<div class=\"elementor-button-wrapper\">\n\t\t\t\t\t<a class=\"elementor-button elementor-button-link elementor-size-sm\" href=\"\/fr\/vinhos-verdes\/\">\n\t\t\t\t\t\t<span class=\"elementor-button-content-wrapper\">\n\t\t\t\t\t\t\t\t\t<span class=\"elementor-button-text\">D\u00c9COUVREZ LA R\u00c9GION<\/span>\n\t\t\t\t\t<\/span>\n\t\t\t\t\t<\/a>\n\t\t\t\t<\/div>\n\t\t\t\t\t\t\t\t<\/div>\n\t\t\t\t<\/div>\n\t\t\t\t\t<\/div>\n\t\t<\/div>\n\t\t\t\t<div class=\"elementor-column elementor-col-33 elementor-top-column elementor-element elementor-element-7f6fe38\" data-id=\"7f6fe38\" data-element_type=\"column\" data-e-type=\"column\" data-settings=\"{&quot;motion_fx_motion_fx_scrolling&quot;:&quot;yes&quot;,&quot;motion_fx_translateY_effect&quot;:&quot;yes&quot;,&quot;motion_fx_translateY_affectedRange&quot;:{&quot;unit&quot;:&quot;%&quot;,&quot;size&quot;:&quot;&quot;,&quot;sizes&quot;:{&quot;start&quot;:50,&quot;end&quot;:100}},&quot;motion_fx_devices&quot;:[&quot;desktop&quot;,&quot;tablet&quot;],&quot;motion_fx_translateY_speed&quot;:{&quot;unit&quot;:&quot;px&quot;,&quot;size&quot;:2,&quot;sizes&quot;:[]}}\">\n\t\t\t<div class=\"elementor-widget-wrap elementor-element-populated\">\n\t\t\t\t\t\t<div class=\"elementor-element elementor-element-8370fb3 imgbox-titulo-subtitulo small elementor-position-top elementor-widget elementor-widget-image-box\" data-id=\"8370fb3\" data-element_type=\"widget\" data-e-type=\"widget\" data-widget_type=\"image-box.default\">\n\t\t\t\t<div class=\"elementor-widget-container\">\n\t\t\t\t\t<div class=\"elementor-image-box-wrapper\"><figure class=\"elementor-image-box-img\"><a href=\"\/fr\/douro\/\" tabindex=\"-1\"><img decoding=\"async\" width=\"1040\" height=\"1040\" src=\"https:\/\/www.falua.pt\/wp-content\/uploads\/2023\/09\/Site_imagem_destaque-nas-regioes.png\" class=\"attachment-full size-full wp-image-4936\" alt=\"\" srcset=\"https:\/\/www.falua.pt\/wp-content\/uploads\/2023\/09\/Site_imagem_destaque-nas-regioes.png 1040w, https:\/\/www.falua.pt\/wp-content\/uploads\/2023\/09\/Site_imagem_destaque-nas-regioes-300x300.png 300w, https:\/\/www.falua.pt\/wp-content\/uploads\/2023\/09\/Site_imagem_destaque-nas-regioes-1024x1024.png 1024w, https:\/\/www.falua.pt\/wp-content\/uploads\/2023\/09\/Site_imagem_destaque-nas-regioes-150x150.png 150w, https:\/\/www.falua.pt\/wp-content\/uploads\/2023\/09\/Site_imagem_destaque-nas-regioes-768x768.png 768w\" sizes=\"(max-width: 1040px) 100vw, 1040px\" \/><\/a><\/figure><div class=\"elementor-image-box-content\"><h3 class=\"elementor-image-box-title\"><a href=\"\/fr\/douro\/\">Douro<\/a><\/h3><p class=\"elementor-image-box-description\">Un po\u00e8me g\u00e9ologique<\/p><\/div><\/div>\t\t\t\t<\/div>\n\t\t\t\t<\/div>\n\t\t\t\t<div class=\"elementor-element elementor-element-f208ea1 elementor-widget elementor-widget-text-editor\" data-id=\"f208ea1\" data-element_type=\"widget\" data-e-type=\"widget\" data-widget_type=\"text-editor.default\">\n\t\t\t\t<div class=\"elementor-widget-container\">\n\t\t\t\t\t\t\t\t\t<p>La monumentalit\u00e9 du paysage du Haut-Douro Vinhateiro a une valeur universelle reconnue. En 2001, il a \u00e9t\u00e9 inscrit sur la liste du patrimoine mondial de l\u2019UNESCO.<\/p><p><br \/><span class=\"ui-provider ec bow box boy boz bpa bpb bpc bpd bpe bpf bpg bph bpi bpj bpk bpl bpm bpn bpo bpp bpq bpr bps bpt bpu bpv bpw bpx bpy bpz bqa bqb bqc bqd\" dir=\"ltr\">Avec sa viticulture de montagne exigeante o\u00f9 les vignobles recouvrent les pentes, cr\u00e9ant un immense escalier de terrasses et de plateaux, c&#8217;est une r\u00e9gion unique o\u00f9 l&#8217;on produit des vins d&#8217;une qualit\u00e9 exceptionnelle.<\/span><\/p>\t\t\t\t\t\t\t\t<\/div>\n\t\t\t\t<\/div>\n\t\t\t\t<div class=\"elementor-element elementor-element-8d2fb6c elementor-widget elementor-widget-button\" data-id=\"8d2fb6c\" data-element_type=\"widget\" data-e-type=\"widget\" data-widget_type=\"button.default\">\n\t\t\t\t<div class=\"elementor-widget-container\">\n\t\t\t\t\t\t\t\t\t<div class=\"elementor-button-wrapper\">\n\t\t\t\t\t<a class=\"elementor-button elementor-button-link elementor-size-sm\" href=\"\/fr\/douro\/\">\n\t\t\t\t\t\t<span class=\"elementor-button-content-wrapper\">\n\t\t\t\t\t\t\t\t\t<span class=\"elementor-button-text\">D\u00c9COUVREZ LA R\u00c9GION<\/span>\n\t\t\t\t\t<\/span>\n\t\t\t\t\t<\/a>\n\t\t\t\t<\/div>\n\t\t\t\t\t\t\t\t<\/div>\n\t\t\t\t<\/div>\n\t\t\t\t\t<\/div>\n\t\t<\/div>\n\t\t\t\t\t<\/div>\n\t\t<\/section>\n\t\t\t\t<\/div>\n\t\t","protected":false},"excerpt":{"rendered":"<p>R\u00e9gions Multi-r\u00e9gions Historiquement, le portefeuille de marques Falua provient de diff\u00e9rentes r\u00e9gions.Actuellement, Falua poss\u00e8de ses propres vignobles et centres de vinification dans les r\u00e9gions du Tejo et du Vinho Verde. Tejo Un terroir unique On peut dire d&#8217;un vignoble qu&#8217;il est luxuriant, qu&#8217;il est r\u00e9cent, ancien, qu&#8217;il a un terroir, qu&#8217;il donne aux vins des [&hellip;]<\/p>\n","protected":false},"author":1,"featured_media":0,"parent":0,"menu_order":0,"comment_status":"closed","ping_status":"closed","template":"","meta":{"_acf_changed":false,"site-sidebar-layout":"no-sidebar","site-content-layout":"page-builder","ast-site-content-layout":"default","site-content-style":"default","site-sidebar-style":"default","ast-global-header-display":"","ast-banner-title-visibility":"","ast-main-header-display":"","ast-hfb-above-header-display":"","ast-hfb-below-header-display":"","ast-hfb-mobile-header-display":"","site-post-title":"disabled","ast-breadcrumbs-content":"","ast-featured-img":"disabled","footer-sml-layout":"","ast-disable-related-posts":"","theme-transparent-header-meta":"","adv-header-id-meta":"","stick-header-meta":"","header-above-stick-meta":"","header-main-stick-meta":"","header-below-stick-meta":"","astra-migrate-meta-layouts":"default","ast-page-background-enabled":"default","ast-page-background-meta":{"desktop":{"background-color":"","background-image":"","background-repeat":"repeat","background-position":"center center","background-size":"auto","background-attachment":"scroll","background-type":"","background-media":"","overlay-type":"","overlay-color":"","overlay-opacity":"","overlay-gradient":""},"tablet":{"background-color":"","background-image":"","background-repeat":"repeat","background-position":"center center","background-size":"auto","background-attachment":"scroll","background-type":"","background-media":"","overlay-type":"","overlay-color":"","overlay-opacity":"","overlay-gradient":""},"mobile":{"background-color":"","background-image":"","background-repeat":"repeat","background-position":"center center","background-size":"auto","background-attachment":"scroll","background-type":"","background-media":"","overlay-type":"","overlay-color":"","overlay-opacity":"","overlay-gradient":""}},"ast-content-background-meta":{"desktop":{"background-color":"var(--ast-global-color-5)","background-image":"","background-repeat":"repeat","background-position":"center center","background-size":"auto","background-attachment":"scroll","background-type":"","background-media":"","overlay-type":"","overlay-color":"","overlay-opacity":"","overlay-gradient":""},"tablet":{"background-color":"var(--ast-global-color-5)","background-image":"","background-repeat":"repeat","background-position":"center center","background-size":"auto","background-attachment":"scroll","background-type":"","background-media":"","overlay-type":"","overlay-color":"","overlay-opacity":"","overlay-gradient":""},"mobile":{"background-color":"var(--ast-global-color-5)","background-image":"","background-repeat":"repeat","background-position":"center center","background-size":"auto","background-attachment":"scroll","background-type":"","background-media":"","overlay-type":"","overlay-color":"","overlay-opacity":"","overlay-gradient":""}},"footnotes":""},"class_list":["post-1598","page","type-page","status-publish","hentry"],"acf":[],"_links":{"self":[{"href":"https:\/\/www.falua.pt\/fr\/wp-json\/wp\/v2\/pages\/1598","targetHints":{"allow":["GET"]}}],"collection":[{"href":"https:\/\/www.falua.pt\/fr\/wp-json\/wp\/v2\/pages"}],"about":[{"href":"https:\/\/www.falua.pt\/fr\/wp-json\/wp\/v2\/types\/page"}],"author":[{"embeddable":true,"href":"https:\/\/www.falua.pt\/fr\/wp-json\/wp\/v2\/users\/1"}],"replies":[{"embeddable":true,"href":"https:\/\/www.falua.pt\/fr\/wp-json\/wp\/v2\/comments?post=1598"}],"version-history":[{"count":39,"href":"https:\/\/www.falua.pt\/fr\/wp-json\/wp\/v2\/pages\/1598\/revisions"}],"predecessor-version":[{"id":5082,"href":"https:\/\/www.falua.pt\/fr\/wp-json\/wp\/v2\/pages\/1598\/revisions\/5082"}],"wp:attachment":[{"href":"https:\/\/www.falua.pt\/fr\/wp-json\/wp\/v2\/media?parent=1598"}],"curies":[{"name":"wp","href":"https:\/\/api.w.org\/{rel}","templated":true}]}}