{"id":1581,"date":"2021-03-30T18:41:25","date_gmt":"2021-03-30T18:41:25","guid":{"rendered":"https:\/\/www.falua.pt\/contactos-almeirim\/"},"modified":"2024-04-04T16:26:43","modified_gmt":"2024-04-04T15:26:43","slug":"contacts-almeirim","status":"publish","type":"page","link":"https:\/\/www.falua.pt\/fr\/contacts-almeirim\/","title":{"rendered":"Contacts &#8211; Almeirim"},"content":{"rendered":"\t\t<div data-elementor-type=\"wp-page\" data-elementor-id=\"1581\" class=\"elementor elementor-1581 elementor-635\" data-elementor-post-type=\"page\">\n\t\t\t\t\t\t<section class=\"elementor-section elementor-top-section elementor-element elementor-element-995f1e0 elementor-section-content-middle contactos-info elementor-reverse-mobile elementor-section-boxed elementor-section-height-default elementor-section-height-default\" data-id=\"995f1e0\" data-element_type=\"section\" data-e-type=\"section\">\n\t\t\t\t\t\t<div class=\"elementor-container elementor-column-gap-default\">\n\t\t\t\t\t<div class=\"elementor-column elementor-col-50 elementor-top-column elementor-element elementor-element-e3fdd07\" data-id=\"e3fdd07\" data-element_type=\"column\" data-e-type=\"column\">\n\t\t\t<div class=\"elementor-widget-wrap elementor-element-populated\">\n\t\t\t\t\t\t<div class=\"elementor-element elementor-element-9da1f34 elementor-widget elementor-widget-google_maps\" data-id=\"9da1f34\" data-element_type=\"widget\" data-e-type=\"widget\" data-widget_type=\"google_maps.default\">\n\t\t\t\t<div class=\"elementor-widget-container\">\n\t\t\t\t\t\t\t<div class=\"elementor-custom-embed\">\n\t\t\t<iframe loading=\"lazy\"\n\t\t\t\t\tsrc=\"https:\/\/maps.google.com\/maps?q=FALUA%20-%20Sociedade%20de%20Vinhos%20S.A%2C%20Almeirim&#038;t=m&#038;z=10&#038;output=embed&#038;iwloc=near\"\n\t\t\t\t\ttitle=\"FALUA - Sociedade de Vinhos S.A, Almeirim\"\n\t\t\t\t\taria-label=\"FALUA - Sociedade de Vinhos S.A, Almeirim\"\n\t\t\t><\/iframe>\n\t\t<\/div>\n\t\t\t\t\t\t<\/div>\n\t\t\t\t<\/div>\n\t\t\t\t\t<\/div>\n\t\t<\/div>\n\t\t\t\t<div class=\"elementor-column elementor-col-50 elementor-top-column elementor-element elementor-element-88eb460 contactos-info-txt\" data-id=\"88eb460\" data-element_type=\"column\" data-e-type=\"column\">\n\t\t\t<div class=\"elementor-widget-wrap elementor-element-populated\">\n\t\t\t\t\t\t<div class=\"elementor-element elementor-element-6c35173 imgbox-titulo-subtitulo elementor-widget elementor-widget-image-box\" data-id=\"6c35173\" data-element_type=\"widget\" data-e-type=\"widget\" data-widget_type=\"image-box.default\">\n\t\t\t\t<div class=\"elementor-widget-container\">\n\t\t\t\t\t<div class=\"elementor-image-box-wrapper\"><div class=\"elementor-image-box-content\"><h1 class=\"elementor-image-box-title\">Almeirim<\/h1><p class=\"elementor-image-box-description\">Quartier g\u00e9n\u00e9ral et op\u00e9rations sur le Tejo<\/p><\/div><\/div>\t\t\t\t<\/div>\n\t\t\t\t<\/div>\n\t\t\t\t<div class=\"elementor-element elementor-element-3a0a019 morada elementor-widget elementor-widget-text-editor\" data-id=\"3a0a019\" data-element_type=\"widget\" data-e-type=\"widget\" data-widget_type=\"text-editor.default\">\n\t\t\t\t<div class=\"elementor-widget-container\">\n\t\t\t\t\t\t\t\t\t<p>FALUA &#8211; Sociedade de Vinhos S.A<\/p>\n<p>2080-221 Almeirim<\/p>\n\t\t\t\t\t\t\t\t<\/div>\n\t\t\t\t<\/div>\n\t\t\t\t<div class=\"elementor-element elementor-element-777c053 imgbox-titulo-p elementor-widget elementor-widget-image-box\" data-id=\"777c053\" data-element_type=\"widget\" data-e-type=\"widget\" data-widget_type=\"image-box.default\">\n\t\t\t\t<div class=\"elementor-widget-container\">\n\t\t\t\t\t<div class=\"elementor-image-box-wrapper\"><div class=\"elementor-image-box-content\"><p class=\"elementor-image-box-title\">contacts<\/p><p class=\"elementor-image-box-description\"><a href=\"tel:+351243594 2802\">+351 243 594 280<\/a><br>\n<font size=\"1,5\">Co\u00fbt d'un appel local en accord avec votre tarifaire.<\/font>\n<br><a href=\"mailto:falua@falua@@pt\">falua@falua.pt<\/a><\/p><\/div><\/div>\t\t\t\t<\/div>\n\t\t\t\t<\/div>\n\t\t\t\t<div class=\"elementor-element elementor-element-4388e87 imgbox-titulo-p elementor-widget elementor-widget-image-box\" data-id=\"4388e87\" data-element_type=\"widget\" data-e-type=\"widget\" data-widget_type=\"image-box.default\">\n\t\t\t\t<div class=\"elementor-widget-container\">\n\t\t\t\t\t<div class=\"elementor-image-box-wrapper\"><div class=\"elementor-image-box-content\"><p class=\"elementor-image-box-title\">COORDONN\u00c9ES GPS<\/p><p class=\"elementor-image-box-description\">39.19271650011803, -8.620498715637995\n<\/p><\/div><\/div>\t\t\t\t<\/div>\n\t\t\t\t<\/div>\n\t\t\t\t<div class=\"elementor-element elementor-element-b03fbbc elementor-widget elementor-widget-button\" data-id=\"b03fbbc\" data-element_type=\"widget\" data-e-type=\"widget\" data-widget_type=\"button.default\">\n\t\t\t\t<div class=\"elementor-widget-container\">\n\t\t\t\t\t\t\t\t\t<div class=\"elementor-button-wrapper\">\n\t\t\t\t\t<a class=\"elementor-button elementor-button-link elementor-size-sm\" href=\"https:\/\/goo.gl\/maps\/Qr1fwWmRx6ucYWzXA\" target=\"_blank\" rel=\"nofollow noopener\">\n\t\t\t\t\t\t<span class=\"elementor-button-content-wrapper\">\n\t\t\t\t\t\t\t\t\t<span class=\"elementor-button-text\">obtenir des directions<\/span>\n\t\t\t\t\t<\/span>\n\t\t\t\t\t<\/a>\n\t\t\t\t<\/div>\n\t\t\t\t\t\t\t\t<\/div>\n\t\t\t\t<\/div>\n\t\t\t\t\t<\/div>\n\t\t<\/div>\n\t\t\t\t\t<\/div>\n\t\t<\/section>\n\t\t\t\t<section class=\"elementor-section elementor-top-section elementor-element elementor-element-44ea0ee small-row elementor-section-boxed elementor-section-height-default elementor-section-height-default\" data-id=\"44ea0ee\" data-element_type=\"section\" data-e-type=\"section\">\n\t\t\t\t\t\t<div class=\"elementor-container elementor-column-gap-default\">\n\t\t\t\t\t<div class=\"elementor-column elementor-col-100 elementor-top-column elementor-element elementor-element-b6a3fed\" data-id=\"b6a3fed\" data-element_type=\"column\" data-e-type=\"column\">\n\t\t\t<div class=\"elementor-widget-wrap elementor-element-populated\">\n\t\t\t\t\t\t<div class=\"elementor-element elementor-element-0f1077f imgbox-titulo-subtitulo elementor-widget elementor-widget-image-box\" data-id=\"0f1077f\" data-element_type=\"widget\" data-e-type=\"widget\" data-widget_type=\"image-box.default\">\n\t\t\t\t<div class=\"elementor-widget-container\">\n\t\t\t\t\t<div class=\"elementor-image-box-wrapper\"><div class=\"elementor-image-box-content\"><h3 class=\"elementor-image-box-title\"><span style=\"font-size: 2.42857rem\">FORMULAIRE DE CONTACT<\/span><\/h3><p class=\"elementor-image-box-description\">Avez-vous besoin d\u2019aide? Rentrez en contact avec nous<\/p><\/div><\/div>\t\t\t\t<\/div>\n\t\t\t\t<\/div>\n\t\t\t\t<div class=\"elementor-element elementor-element-050a50f elementor-widget elementor-widget-shortcode\" data-id=\"050a50f\" data-element_type=\"widget\" data-e-type=\"widget\" data-widget_type=\"shortcode.default\">\n\t\t\t\t<div class=\"elementor-widget-container\">\n\t\t\t\t\t\t\t<div class=\"elementor-shortcode\">\n<div class=\"wpcf7 no-js\" id=\"wpcf7-f6246-o1\" lang=\"en-US\" dir=\"ltr\" data-wpcf7-id=\"6246\">\n<div class=\"screen-reader-response\"><p role=\"status\" aria-live=\"polite\" aria-atomic=\"true\"><\/p> <ul><\/ul><\/div>\n<form action=\"\/fr\/wp-json\/wp\/v2\/pages\/1581#wpcf7-f6246-o1\" method=\"post\" class=\"wpcf7-form init\" aria-label=\"Contact form\" novalidate=\"novalidate\" data-status=\"init\">\n<fieldset class=\"hidden-fields-container\"><input type=\"hidden\" name=\"_wpcf7\" value=\"6246\" \/><input type=\"hidden\" name=\"_wpcf7_version\" value=\"6.1.5\" \/><input type=\"hidden\" name=\"_wpcf7_locale\" value=\"en_US\" \/><input type=\"hidden\" name=\"_wpcf7_unit_tag\" value=\"wpcf7-f6246-o1\" \/><input type=\"hidden\" name=\"_wpcf7_container_post\" value=\"0\" \/><input type=\"hidden\" name=\"_wpcf7_posted_data_hash\" value=\"\" \/>\n<\/fieldset>\n<p><br \/>\n<label for=\"your-name\">Nom <abbr class=\"required\" title=\"mandatory\">*<\/abbr><\/label><span class=\"wpcf7-form-control-wrap\" data-name=\"your-name\"><input size=\"40\" maxlength=\"400\" class=\"wpcf7-form-control wpcf7-text wpcf7-validates-as-required\" id=\"your-name\" aria-required=\"true\" aria-invalid=\"false\" placeholder=\"Nom\" value=\"\" type=\"text\" name=\"your-name\" \/><\/span>\n<\/p>\n<p><br \/>\n<label for=\"your-email\">Email <abbr class=\"required\" title=\"mandatory\">*<\/abbr><\/label><span class=\"wpcf7-form-control-wrap\" data-name=\"your-email\"><input size=\"40\" maxlength=\"400\" class=\"wpcf7-form-control wpcf7-email wpcf7-validates-as-required wpcf7-text wpcf7-validates-as-email\" id=\"your-email\" aria-required=\"true\" aria-invalid=\"false\" placeholder=\"Email\" value=\"\" type=\"email\" name=\"your-email\" \/><\/span>\n<\/p>\n<p><br \/>\n<label for=\"your-tel\">Num\u00e9ro de T\u00e9l\u00e9phone<\/label><span class=\"wpcf7-form-control-wrap\" data-name=\"your-tel\"><input size=\"40\" maxlength=\"20\" minlength=\"9\" class=\"wpcf7-form-control wpcf7-tel wpcf7-text wpcf7-validates-as-tel\" id=\"your-tel\" aria-invalid=\"false\" placeholder=\"Num\u00e9ro de T\u00e9l\u00e9phone\" value=\"\" type=\"tel\" name=\"your-tel\" \/><\/span>\n<\/p>\n<p><br \/>\n<label for=\"your-message\">Message <abbr class=\"required\" title=\"mandatory\">*<\/abbr><\/label><span class=\"wpcf7-form-control-wrap\" data-name=\"your-message\"><textarea cols=\"40\" rows=\"10\" maxlength=\"2000\" class=\"wpcf7-form-control wpcf7-textarea wpcf7-validates-as-required\" id=\"your-message\" aria-required=\"true\" aria-invalid=\"false\" placeholder=\"Message\" name=\"your-message\"><\/textarea><\/span>\n<\/p>\n<p><span class=\"wpcf7-form-control-wrap\" data-name=\"acceptance-01\"><span class=\"wpcf7-form-control wpcf7-acceptance\"><span class=\"wpcf7-list-item\"><label><input type=\"checkbox\" name=\"acceptance-01\" value=\"1\" aria-invalid=\"false\" \/><span class=\"wpcf7-list-item-label\">Lire et accepter la <a href=\"https:\/\/www.vitas.pt\/politica-privacidade\/\" target=\"_blank\" rel=\"noopener\">Politique de Confidentialit\u00e9<\/a> et les <a href=\"https:\/\/www.vitas.pt\/termos-de-uso\/\" target=\"_blank\" rel=\"noopener\">Conditions D'utilisation<\/a>.<\/span><\/label><\/span><\/span><\/span>\n<\/p>\n<p><span id=\"wpcf7-6a092b88b2217-wrapper\" class=\"wpcf7-form-control-wrap email-wrap\" style=\"display:none !important; visibility:hidden !important;\"><label for=\"wpcf7-6a092b88b2217-field\" class=\"hp-message\">Please leave this field empty.<\/label><input id=\"wpcf7-6a092b88b2217-field\"  class=\"wpcf7-form-control wpcf7-text\" type=\"text\" name=\"email\" value=\"\" size=\"40\" tabindex=\"-1\" autocomplete=\"new-password\" \/><\/span>\n<\/p>\n<p><input class=\"wpcf7-form-control wpcf7-submit has-spinner\" type=\"submit\" value=\"Soumettre\" \/>\n<\/p><div class=\"wpcf7-response-output\" aria-hidden=\"true\"><\/div>\n<\/form>\n<\/div>\n<\/div>\n\t\t\t\t\t\t<\/div>\n\t\t\t\t<\/div>\n\t\t\t\t\t<\/div>\n\t\t<\/div>\n\t\t\t\t\t<\/div>\n\t\t<\/section>\n\t\t\t\t<\/div>\n\t\t","protected":false},"excerpt":{"rendered":"<p>Almeirim Quartier g\u00e9n\u00e9ral et op\u00e9rations sur le Tejo FALUA &#8211; Sociedade de Vinhos S.A 2080-221 Almeirim contacts +351 243 594 280 Co\u00fbt d&#8217;un appel local en accord avec votre tarifaire. falua@falua.pt COORDONN\u00c9ES GPS 39.19271650011803, -8.620498715637995 obtenir des directions FORMULAIRE DE CONTACT Avez-vous besoin d\u2019aide? Rentrez en contact avec nous<\/p>\n","protected":false},"author":1,"featured_media":0,"parent":0,"menu_order":0,"comment_status":"closed","ping_status":"closed","template":"","meta":{"_acf_changed":false,"site-sidebar-layout":"no-sidebar","site-content-layout":"page-builder","ast-site-content-layout":"default","site-content-style":"default","site-sidebar-style":"default","ast-global-header-display":"","ast-banner-title-visibility":"","ast-main-header-display":"","ast-hfb-above-header-display":"","ast-hfb-below-header-display":"","ast-hfb-mobile-header-display":"","site-post-title":"disabled","ast-breadcrumbs-content":"","ast-featured-img":"disabled","footer-sml-layout":"","ast-disable-related-posts":"","theme-transparent-header-meta":"default","adv-header-id-meta":"","stick-header-meta":"","header-above-stick-meta":"","header-main-stick-meta":"","header-below-stick-meta":"","astra-migrate-meta-layouts":"default","ast-page-background-enabled":"default","ast-page-background-meta":{"desktop":{"background-color":"","background-image":"","background-repeat":"repeat","background-position":"center center","background-size":"auto","background-attachment":"scroll","background-type":"","background-media":"","overlay-type":"","overlay-color":"","overlay-opacity":"","overlay-gradient":""},"tablet":{"background-color":"","background-image":"","background-repeat":"repeat","background-position":"center center","background-size":"auto","background-attachment":"scroll","background-type":"","background-media":"","overlay-type":"","overlay-color":"","overlay-opacity":"","overlay-gradient":""},"mobile":{"background-color":"","background-image":"","background-repeat":"repeat","background-position":"center center","background-size":"auto","background-attachment":"scroll","background-type":"","background-media":"","overlay-type":"","overlay-color":"","overlay-opacity":"","overlay-gradient":""}},"ast-content-background-meta":{"desktop":{"background-color":"var(--ast-global-color-5)","background-image":"","background-repeat":"repeat","background-position":"center center","background-size":"auto","background-attachment":"scroll","background-type":"","background-media":"","overlay-type":"","overlay-color":"","overlay-opacity":"","overlay-gradient":""},"tablet":{"background-color":"var(--ast-global-color-5)","background-image":"","background-repeat":"repeat","background-position":"center center","background-size":"auto","background-attachment":"scroll","background-type":"","background-media":"","overlay-type":"","overlay-color":"","overlay-opacity":"","overlay-gradient":""},"mobile":{"background-color":"var(--ast-global-color-5)","background-image":"","background-repeat":"repeat","background-position":"center center","background-size":"auto","background-attachment":"scroll","background-type":"","background-media":"","overlay-type":"","overlay-color":"","overlay-opacity":"","overlay-gradient":""}},"footnotes":""},"class_list":["post-1581","page","type-page","status-publish","hentry"],"acf":[],"_links":{"self":[{"href":"https:\/\/www.falua.pt\/fr\/wp-json\/wp\/v2\/pages\/1581","targetHints":{"allow":["GET"]}}],"collection":[{"href":"https:\/\/www.falua.pt\/fr\/wp-json\/wp\/v2\/pages"}],"about":[{"href":"https:\/\/www.falua.pt\/fr\/wp-json\/wp\/v2\/types\/page"}],"author":[{"embeddable":true,"href":"https:\/\/www.falua.pt\/fr\/wp-json\/wp\/v2\/users\/1"}],"replies":[{"embeddable":true,"href":"https:\/\/www.falua.pt\/fr\/wp-json\/wp\/v2\/comments?post=1581"}],"version-history":[{"count":42,"href":"https:\/\/www.falua.pt\/fr\/wp-json\/wp\/v2\/pages\/1581\/revisions"}],"predecessor-version":[{"id":6249,"href":"https:\/\/www.falua.pt\/fr\/wp-json\/wp\/v2\/pages\/1581\/revisions\/6249"}],"wp:attachment":[{"href":"https:\/\/www.falua.pt\/fr\/wp-json\/wp\/v2\/media?parent=1581"}],"curies":[{"name":"wp","href":"https:\/\/api.w.org\/{rel}","templated":true}]}}