{"id":5557,"date":"2023-11-24T11:36:39","date_gmt":"2023-11-24T10:36:39","guid":{"rendered":"https:\/\/www.falua.pt\/?page_id=5557"},"modified":"2024-09-13T15:16:44","modified_gmt":"2024-09-13T14:16:44","slug":"a-quinta-de-sao-jose","status":"publish","type":"page","link":"https:\/\/www.falua.pt\/en\/a-quinta-de-sao-jose\/","title":{"rendered":"A Quinta de S\u00e3o Jos\u00e9"},"content":{"rendered":"\t\t<div data-elementor-type=\"wp-page\" data-elementor-id=\"5557\" class=\"elementor elementor-5557 elementor-5530\" data-elementor-post-type=\"page\">\n\t\t\t\t\t\t<section class=\"elementor-section elementor-top-section elementor-element elementor-element-c153fd3 firstsection img-bg-column-right elementor-reverse-mobile elementor-section-boxed elementor-section-height-default elementor-section-height-default\" data-id=\"c153fd3\" data-element_type=\"section\" data-e-type=\"section\">\n\t\t\t\t\t\t<div class=\"elementor-container elementor-column-gap-default\">\n\t\t\t\t\t<div class=\"elementor-column elementor-col-50 elementor-top-column elementor-element elementor-element-0485757 intro\" data-id=\"0485757\" data-element_type=\"column\" data-e-type=\"column\">\n\t\t\t<div class=\"elementor-widget-wrap elementor-element-populated\">\n\t\t\t\t\t\t<div class=\"elementor-element elementor-element-fb91167 header imgbox-titulo-subtitulo elementor-widget elementor-widget-image-box\" data-id=\"fb91167\" data-element_type=\"widget\" data-e-type=\"widget\" data-widget_type=\"image-box.default\">\n\t\t\t\t<div class=\"elementor-widget-container\">\n\t\t\t\t\t<div class=\"elementor-image-box-wrapper\"><div class=\"elementor-image-box-content\"><h1 class=\"elementor-image-box-title\">Quinta de S\u00e3o Jos\u00e9<\/h1><p class=\"elementor-image-box-description\">Excellence crafted by the purity of a unique terroir<\/p><\/div><\/div>\t\t\t\t<\/div>\n\t\t\t\t<\/div>\n\t\t\t\t<div class=\"elementor-element elementor-element-edb9ec2 elementor-widget elementor-widget-text-editor\" data-id=\"edb9ec2\" data-element_type=\"widget\" data-e-type=\"widget\" data-widget_type=\"text-editor.default\">\n\t\t\t\t<div class=\"elementor-widget-container\">\n\t\t\t\t\t\t\t\t\t<p>Situated on the banks of the Douro River, among ancient terraces, is Quinta de S\u00e3o Jos\u00e9, located in Ervedosa, S\u00e3o Jo\u00e3o da Pesqueira municipality, in the Cima Corgo sub-region. With 15 hectares of vineyards planted in terraces, facing north, on bluish-gray schist soils, it is the stage for the creation of some of the most exciting Douro wines, marked by the purity of a meticulously interpreted terroir, with high national and international recognition.<\/p>\t\t\t\t\t\t\t\t<\/div>\n\t\t\t\t<\/div>\n\t\t\t\t\t<\/div>\n\t\t<\/div>\n\t\t\t\t<div class=\"elementor-column elementor-col-50 elementor-top-column elementor-element elementor-element-91eadd0 firstsection-column-bg\" data-id=\"91eadd0\" data-element_type=\"column\" data-e-type=\"column\" data-settings=\"{&quot;background_background&quot;:&quot;classic&quot;,&quot;motion_fx_motion_fx_scrolling&quot;:&quot;yes&quot;,&quot;motion_fx_translateX_effect&quot;:&quot;yes&quot;,&quot;motion_fx_translateX_direction&quot;:&quot;negative&quot;,&quot;motion_fx_translateX_speed&quot;:{&quot;unit&quot;:&quot;px&quot;,&quot;size&quot;:1,&quot;sizes&quot;:[]},&quot;motion_fx_devices&quot;:[&quot;desktop&quot;,&quot;tablet&quot;],&quot;motion_fx_translateX_affectedRange&quot;:{&quot;unit&quot;:&quot;%&quot;,&quot;size&quot;:&quot;&quot;,&quot;sizes&quot;:{&quot;start&quot;:0,&quot;end&quot;:100}}}\">\n\t\t\t<div class=\"elementor-widget-wrap\">\n\t\t\t\t\t\t\t<\/div>\n\t\t<\/div>\n\t\t\t\t\t<\/div>\n\t\t<\/section>\n\t\t\t\t<section class=\"elementor-section elementor-top-section elementor-element elementor-element-1dc502b img-right-text-center elementor-section-boxed elementor-section-height-default elementor-section-height-default\" data-id=\"1dc502b\" data-element_type=\"section\" data-e-type=\"section\">\n\t\t\t\t\t\t<div class=\"elementor-container elementor-column-gap-default\">\n\t\t\t\t\t<div class=\"elementor-column elementor-col-100 elementor-top-column elementor-element elementor-element-aaecb5d\" data-id=\"aaecb5d\" data-element_type=\"column\" data-e-type=\"column\">\n\t\t\t<div class=\"elementor-widget-wrap elementor-element-populated\">\n\t\t\t\t\t\t<div class=\"elementor-element elementor-element-419adfe img-desktop-66 elementor-hidden-phone elementor-widget elementor-widget-image\" data-id=\"419adfe\" data-element_type=\"widget\" data-e-type=\"widget\" data-settings=\"{&quot;motion_fx_motion_fx_scrolling&quot;:&quot;yes&quot;,&quot;motion_fx_translateX_effect&quot;:&quot;yes&quot;,&quot;motion_fx_translateX_direction&quot;:&quot;negative&quot;,&quot;motion_fx_translateX_speed&quot;:{&quot;unit&quot;:&quot;px&quot;,&quot;size&quot;:1,&quot;sizes&quot;:[]},&quot;motion_fx_devices&quot;:[&quot;desktop&quot;,&quot;tablet&quot;],&quot;motion_fx_translateX_affectedRange&quot;:{&quot;unit&quot;:&quot;%&quot;,&quot;size&quot;:&quot;&quot;,&quot;sizes&quot;:{&quot;start&quot;:0,&quot;end&quot;:100}}}\" data-widget_type=\"image.default\">\n\t\t\t\t<div class=\"elementor-widget-container\">\n\t\t\t\t\t\t\t\t\t\t\t\t\t\t\t<img decoding=\"async\" src=\"https:\/\/www.falua.pt\/wp-content\/uploads\/elementor\/thumbs\/QUINTA-SANJOSE-062-scaled-qec8a60o53s3wwktehj2i1rrn6fpbxsj4mz2j3fngo.jpg\" title=\"QUINTA SAN JOSE\" alt=\"QUINTA SAN JOSE\" loading=\"lazy\" \/>\t\t\t\t\t\t\t\t\t\t\t\t\t\t\t<\/div>\n\t\t\t\t<\/div>\n\t\t\t\t<div class=\"elementor-element elementor-element-65245d1 imgbox-titulo-subtitulo small elementor-position-top elementor-widget elementor-widget-image-box\" data-id=\"65245d1\" data-element_type=\"widget\" data-e-type=\"widget\" data-settings=\"{&quot;motion_fx_motion_fx_scrolling&quot;:&quot;yes&quot;,&quot;motion_fx_translateX_effect&quot;:&quot;yes&quot;,&quot;motion_fx_translateX_speed&quot;:{&quot;unit&quot;:&quot;px&quot;,&quot;size&quot;:1,&quot;sizes&quot;:[]},&quot;motion_fx_translateX_affectedRange&quot;:{&quot;unit&quot;:&quot;%&quot;,&quot;size&quot;:&quot;&quot;,&quot;sizes&quot;:{&quot;start&quot;:0,&quot;end&quot;:50}},&quot;motion_fx_devices&quot;:[&quot;desktop&quot;,&quot;tablet&quot;]}\" data-widget_type=\"image-box.default\">\n\t\t\t\t<div class=\"elementor-widget-container\">\n\t\t\t\t\t<div class=\"elementor-image-box-wrapper\"><figure class=\"elementor-image-box-img\"><img fetchpriority=\"high\" decoding=\"async\" width=\"768\" height=\"429\" src=\"https:\/\/www.falua.pt\/wp-content\/uploads\/2023\/09\/2V3A8949-BD_douro_04-768x429.jpg\" class=\"attachment-medium_large size-medium_large wp-image-4967\" alt=\"\" srcset=\"https:\/\/www.falua.pt\/wp-content\/uploads\/2023\/09\/2V3A8949-BD_douro_04-768x429.jpg 768w, https:\/\/www.falua.pt\/wp-content\/uploads\/2023\/09\/2V3A8949-BD_douro_04-300x168.jpg 300w, https:\/\/www.falua.pt\/wp-content\/uploads\/2023\/09\/2V3A8949-BD_douro_04-1024x572.jpg 1024w, https:\/\/www.falua.pt\/wp-content\/uploads\/2023\/09\/2V3A8949-BD_douro_04-1536x858.jpg 1536w, https:\/\/www.falua.pt\/wp-content\/uploads\/2023\/09\/2V3A8949-BD_douro_04-2048x1144.jpg 2048w\" sizes=\"(max-width: 768px) 100vw, 768px\" \/><\/figure><div class=\"elementor-image-box-content\"><h3 class=\"elementor-image-box-title\">The Winery<\/h3><p class=\"elementor-image-box-description\">The perfect blend of tradition and modernity<\/p><\/div><\/div>\t\t\t\t<\/div>\n\t\t\t\t<\/div>\n\t\t\t\t<div class=\"elementor-element elementor-element-888ec75 elementor-widget elementor-widget-text-editor\" data-id=\"888ec75\" data-element_type=\"widget\" data-e-type=\"widget\" data-widget_type=\"text-editor.default\">\n\t\t\t\t<div class=\"elementor-widget-container\">\n\t\t\t\t\t\t\t\t\t<p>The place where the tradition of lagares intersects with the latest production methods. The winery provides all the conditions to create unique wines, blending tradition and modernity, carrying the essence of the Douro in every bottle.<\/p>\t\t\t\t\t\t\t\t<\/div>\n\t\t\t\t<\/div>\n\t\t\t\t<div class=\"elementor-element elementor-element-07d50dd img-desktop-66 elementor-hidden-desktop elementor-hidden-tablet elementor-widget elementor-widget-image\" data-id=\"07d50dd\" data-element_type=\"widget\" data-e-type=\"widget\" data-widget_type=\"image.default\">\n\t\t\t\t<div class=\"elementor-widget-container\">\n\t\t\t\t\t\t\t\t\t\t\t\t\t\t\t<img decoding=\"async\" width=\"2560\" height=\"1708\" src=\"https:\/\/www.falua.pt\/wp-content\/uploads\/2023\/10\/QUINTA-SANJOSE-062-scaled.jpg\" class=\"attachment-full size-full wp-image-5345\" alt=\"\" srcset=\"https:\/\/www.falua.pt\/wp-content\/uploads\/2023\/10\/QUINTA-SANJOSE-062-scaled.jpg 2560w, https:\/\/www.falua.pt\/wp-content\/uploads\/2023\/10\/QUINTA-SANJOSE-062-300x200.jpg 300w, https:\/\/www.falua.pt\/wp-content\/uploads\/2023\/10\/QUINTA-SANJOSE-062-1024x683.jpg 1024w, https:\/\/www.falua.pt\/wp-content\/uploads\/2023\/10\/QUINTA-SANJOSE-062-768x512.jpg 768w, https:\/\/www.falua.pt\/wp-content\/uploads\/2023\/10\/QUINTA-SANJOSE-062-1536x1025.jpg 1536w, https:\/\/www.falua.pt\/wp-content\/uploads\/2023\/10\/QUINTA-SANJOSE-062-2048x1366.jpg 2048w\" sizes=\"(max-width: 2560px) 100vw, 2560px\" \/>\t\t\t\t\t\t\t\t\t\t\t\t\t\t\t<\/div>\n\t\t\t\t<\/div>\n\t\t\t\t\t<\/div>\n\t\t<\/div>\n\t\t\t\t\t<\/div>\n\t\t<\/section>\n\t\t\t\t<section class=\"elementor-section elementor-top-section elementor-element elementor-element-2c9c3f7 img-full-text-center elementor-section-boxed elementor-section-height-default elementor-section-height-default\" data-id=\"2c9c3f7\" data-element_type=\"section\" data-e-type=\"section\">\n\t\t\t\t\t\t<div class=\"elementor-container elementor-column-gap-default\">\n\t\t\t\t\t<div class=\"elementor-column elementor-col-100 elementor-top-column elementor-element elementor-element-782cf58\" data-id=\"782cf58\" data-element_type=\"column\" data-e-type=\"column\">\n\t\t\t<div class=\"elementor-widget-wrap elementor-element-populated\">\n\t\t\t\t\t\t<div class=\"elementor-element elementor-element-8953bdb imgbox-titulo-subtitulo small img-full-text-center elementor-position-top elementor-widget elementor-widget-image-box\" data-id=\"8953bdb\" data-element_type=\"widget\" data-e-type=\"widget\" data-widget_type=\"image-box.default\">\n\t\t\t\t<div class=\"elementor-widget-container\">\n\t\t\t\t\t<div class=\"elementor-image-box-wrapper\"><figure class=\"elementor-image-box-img\"><a href=\"https:\/\/www.falua.pt\/en\/enoturismo-quinta-de-s-jose\/\" tabindex=\"-1\"><img decoding=\"async\" width=\"2560\" height=\"1783\" src=\"https:\/\/www.falua.pt\/wp-content\/uploads\/2023\/09\/6L6A0043-BD_05-scaled.jpg\" class=\"attachment-full size-full wp-image-4970\" alt=\"\" srcset=\"https:\/\/www.falua.pt\/wp-content\/uploads\/2023\/09\/6L6A0043-BD_05-scaled.jpg 2560w, https:\/\/www.falua.pt\/wp-content\/uploads\/2023\/09\/6L6A0043-BD_05-300x209.jpg 300w, https:\/\/www.falua.pt\/wp-content\/uploads\/2023\/09\/6L6A0043-BD_05-1024x713.jpg 1024w, https:\/\/www.falua.pt\/wp-content\/uploads\/2023\/09\/6L6A0043-BD_05-768x535.jpg 768w, https:\/\/www.falua.pt\/wp-content\/uploads\/2023\/09\/6L6A0043-BD_05-1536x1070.jpg 1536w, https:\/\/www.falua.pt\/wp-content\/uploads\/2023\/09\/6L6A0043-BD_05-2048x1427.jpg 2048w\" sizes=\"(max-width: 2560px) 100vw, 2560px\" \/><\/a><\/figure><div class=\"elementor-image-box-content\"><h3 class=\"elementor-image-box-title\"><a href=\"https:\/\/www.falua.pt\/en\/enoturismo-quinta-de-s-jose\/\"><br>Wine Tourism<\/a><\/h3><p class=\"elementor-image-box-description\">The Douro revealed by those who know it best<\/p><\/div><\/div>\t\t\t\t<\/div>\n\t\t\t\t<\/div>\n\t\t\t\t<div class=\"elementor-element elementor-element-531d774 elementor-widget elementor-widget-text-editor\" data-id=\"531d774\" data-element_type=\"widget\" data-e-type=\"widget\" data-widget_type=\"text-editor.default\">\n\t\t\t\t<div class=\"elementor-widget-container\">\n\t\t\t\t\t\t\t\t\t<p>Discover the Douro region through the eyes of those who work its lands and cultivate its flavors\u2014a truly unforgettable experience. Quinta de S\u00e3o Jos\u00e9 welcomes all who wish to uncover the secrets of this unique region. With wine tastings, wine-pairing lunches featuring local cuisine, and tours of the winery and vineyards, the offerings are as rich as the place itself.<\/p>\t\t\t\t\t\t\t\t<\/div>\n\t\t\t\t<\/div>\n\t\t\t\t<div class=\"elementor-element elementor-element-d4369b8 elementor-widget elementor-widget-button\" data-id=\"d4369b8\" data-element_type=\"widget\" data-e-type=\"widget\" data-widget_type=\"button.default\">\n\t\t\t\t<div class=\"elementor-widget-container\">\n\t\t\t\t\t\t\t\t\t<div class=\"elementor-button-wrapper\">\n\t\t\t\t\t<a class=\"elementor-button elementor-button-link elementor-size-sm\" href=\"https:\/\/www.falua.pt\/en\/enoturismo-quinta-de-s-jose\/\">\n\t\t\t\t\t\t<span class=\"elementor-button-content-wrapper\">\n\t\t\t\t\t\t\t\t\t<span class=\"elementor-button-text\">discover programs<\/span>\n\t\t\t\t\t<\/span>\n\t\t\t\t\t<\/a>\n\t\t\t\t<\/div>\n\t\t\t\t\t\t\t\t<\/div>\n\t\t\t\t<\/div>\n\t\t\t\t\t<\/div>\n\t\t<\/div>\n\t\t\t\t\t<\/div>\n\t\t<\/section>\n\t\t\t\t<section class=\"elementor-section elementor-top-section elementor-element elementor-element-30d2623 miniaturas-marcas elementor-section-boxed elementor-section-height-default elementor-section-height-default\" data-id=\"30d2623\" data-element_type=\"section\" data-e-type=\"section\">\n\t\t\t\t\t\t<div class=\"elementor-container elementor-column-gap-default\">\n\t\t\t\t\t<div class=\"elementor-column elementor-col-33 elementor-top-column elementor-element elementor-element-d6e4913\" data-id=\"d6e4913\" data-element_type=\"column\" data-e-type=\"column\">\n\t\t\t<div class=\"elementor-widget-wrap\">\n\t\t\t\t\t\t\t<\/div>\n\t\t<\/div>\n\t\t\t\t<div class=\"elementor-column elementor-col-33 elementor-top-column elementor-element elementor-element-42eca7c\" data-id=\"42eca7c\" data-element_type=\"column\" data-e-type=\"column\">\n\t\t\t<div class=\"elementor-widget-wrap elementor-element-populated\">\n\t\t\t\t\t\t<div class=\"elementor-element elementor-element-a7cefba imgbox-titulo-subtitulo small elementor-position-top elementor-widget elementor-widget-image-box\" data-id=\"a7cefba\" data-element_type=\"widget\" data-e-type=\"widget\" data-widget_type=\"image-box.default\">\n\t\t\t\t<div class=\"elementor-widget-container\">\n\t\t\t\t\t<div class=\"elementor-image-box-wrapper\"><figure class=\"elementor-image-box-img\"><a href=\"\/en\/marca\/quinta-de-sao-jose-en\/\" tabindex=\"-1\"><img loading=\"lazy\" decoding=\"async\" width=\"816\" height=\"816\" src=\"https:\/\/www.falua.pt\/wp-content\/uploads\/2023\/09\/marca-quinta-de-sao-jose.jpg\" class=\"attachment-full size-full wp-image-4919\" alt=\"\" srcset=\"https:\/\/www.falua.pt\/wp-content\/uploads\/2023\/09\/marca-quinta-de-sao-jose.jpg 816w, https:\/\/www.falua.pt\/wp-content\/uploads\/2023\/09\/marca-quinta-de-sao-jose-300x300.jpg 300w, https:\/\/www.falua.pt\/wp-content\/uploads\/2023\/09\/marca-quinta-de-sao-jose-150x150.jpg 150w, https:\/\/www.falua.pt\/wp-content\/uploads\/2023\/09\/marca-quinta-de-sao-jose-768x768.jpg 768w\" sizes=\"(max-width: 816px) 100vw, 816px\" \/><\/a><\/figure><div class=\"elementor-image-box-content\"><h3 class=\"elementor-image-box-title\"><a href=\"\/en\/marca\/quinta-de-sao-jose-en\/\">Quinta de S\u00e3o Jos\u00e9<\/a><\/h3><p class=\"elementor-image-box-description\">Purity of a terroir interpreted in detail<\/p><\/div><\/div>\t\t\t\t<\/div>\n\t\t\t\t<\/div>\n\t\t\t\t<div class=\"elementor-element elementor-element-5faab97 elementor-widget elementor-widget-text-editor\" data-id=\"5faab97\" data-element_type=\"widget\" data-e-type=\"widget\" data-widget_type=\"text-editor.default\">\n\t\t\t\t<div class=\"elementor-widget-container\">\n\t\t\t\t\t\t\t\t\t<p>In vineyards planted on terraces, facing north, on bluish-gray schist soils, some of the most exciting Douro wines are born, marked by the purity of meticulously interpreted terroir.<\/p>\t\t\t\t\t\t\t\t<\/div>\n\t\t\t\t<\/div>\n\t\t\t\t<div class=\"elementor-element elementor-element-30f87dd elementor-widget elementor-widget-button\" data-id=\"30f87dd\" data-element_type=\"widget\" data-e-type=\"widget\" data-widget_type=\"button.default\">\n\t\t\t\t<div class=\"elementor-widget-container\">\n\t\t\t\t\t\t\t\t\t<div class=\"elementor-button-wrapper\">\n\t\t\t\t\t<a class=\"elementor-button elementor-button-link elementor-size-sm\" href=\"\/en\/marca\/quinta-de-sao-jose-en\/\">\n\t\t\t\t\t\t<span class=\"elementor-button-content-wrapper\">\n\t\t\t\t\t\t\t\t\t<span class=\"elementor-button-text\">discover the wines<\/span>\n\t\t\t\t\t<\/span>\n\t\t\t\t\t<\/a>\n\t\t\t\t<\/div>\n\t\t\t\t\t\t\t\t<\/div>\n\t\t\t\t<\/div>\n\t\t\t\t\t<\/div>\n\t\t<\/div>\n\t\t\t\t<div class=\"elementor-column elementor-col-33 elementor-top-column elementor-element elementor-element-d821b84\" data-id=\"d821b84\" data-element_type=\"column\" data-e-type=\"column\">\n\t\t\t<div class=\"elementor-widget-wrap\">\n\t\t\t\t\t\t\t<\/div>\n\t\t<\/div>\n\t\t\t\t\t<\/div>\n\t\t<\/section>\n\t\t\t\t<\/div>\n\t\t","protected":false},"excerpt":{"rendered":"<p>Quinta de S\u00e3o Jos\u00e9 Excellence crafted by the purity of a unique terroir Situated on the banks of the Douro River, among ancient terraces, is Quinta de S\u00e3o Jos\u00e9, located in Ervedosa, S\u00e3o Jo\u00e3o da Pesqueira municipality, in the Cima Corgo sub-region. With 15 hectares of vineyards planted in terraces, facing north, on bluish-gray schist [&hellip;]<\/p>\n","protected":false},"author":3,"featured_media":0,"parent":0,"menu_order":0,"comment_status":"closed","ping_status":"closed","template":"","meta":{"_acf_changed":false,"site-sidebar-layout":"no-sidebar","site-content-layout":"page-builder","ast-site-content-layout":"full-width-container","site-content-style":"default","site-sidebar-style":"default","ast-global-header-display":"","ast-banner-title-visibility":"","ast-main-header-display":"","ast-hfb-above-header-display":"","ast-hfb-below-header-display":"","ast-hfb-mobile-header-display":"","site-post-title":"disabled","ast-breadcrumbs-content":"","ast-featured-img":"disabled","footer-sml-layout":"","ast-disable-related-posts":"","theme-transparent-header-meta":"","adv-header-id-meta":"","stick-header-meta":"","header-above-stick-meta":"","header-main-stick-meta":"","header-below-stick-meta":"","astra-migrate-meta-layouts":"set","ast-page-background-enabled":"default","ast-page-background-meta":{"desktop":{"background-color":"","background-image":"","background-repeat":"repeat","background-position":"center center","background-size":"auto","background-attachment":"scroll","background-type":"","background-media":"","overlay-type":"","overlay-color":"","overlay-opacity":"","overlay-gradient":""},"tablet":{"background-color":"","background-image":"","background-repeat":"repeat","background-position":"center center","background-size":"auto","background-attachment":"scroll","background-type":"","background-media":"","overlay-type":"","overlay-color":"","overlay-opacity":"","overlay-gradient":""},"mobile":{"background-color":"","background-image":"","background-repeat":"repeat","background-position":"center center","background-size":"auto","background-attachment":"scroll","background-type":"","background-media":"","overlay-type":"","overlay-color":"","overlay-opacity":"","overlay-gradient":""}},"ast-content-background-meta":{"desktop":{"background-color":"var(--ast-global-color-5)","background-image":"","background-repeat":"repeat","background-position":"center center","background-size":"auto","background-attachment":"scroll","background-type":"","background-media":"","overlay-type":"","overlay-color":"","overlay-opacity":"","overlay-gradient":""},"tablet":{"background-color":"var(--ast-global-color-5)","background-image":"","background-repeat":"repeat","background-position":"center center","background-size":"auto","background-attachment":"scroll","background-type":"","background-media":"","overlay-type":"","overlay-color":"","overlay-opacity":"","overlay-gradient":""},"mobile":{"background-color":"var(--ast-global-color-5)","background-image":"","background-repeat":"repeat","background-position":"center center","background-size":"auto","background-attachment":"scroll","background-type":"","background-media":"","overlay-type":"","overlay-color":"","overlay-opacity":"","overlay-gradient":""}},"footnotes":""},"class_list":["post-5557","page","type-page","status-publish","hentry"],"acf":[],"_links":{"self":[{"href":"https:\/\/www.falua.pt\/en\/wp-json\/wp\/v2\/pages\/5557","targetHints":{"allow":["GET"]}}],"collection":[{"href":"https:\/\/www.falua.pt\/en\/wp-json\/wp\/v2\/pages"}],"about":[{"href":"https:\/\/www.falua.pt\/en\/wp-json\/wp\/v2\/types\/page"}],"author":[{"embeddable":true,"href":"https:\/\/www.falua.pt\/en\/wp-json\/wp\/v2\/users\/3"}],"replies":[{"embeddable":true,"href":"https:\/\/www.falua.pt\/en\/wp-json\/wp\/v2\/comments?post=5557"}],"version-history":[{"count":22,"href":"https:\/\/www.falua.pt\/en\/wp-json\/wp\/v2\/pages\/5557\/revisions"}],"predecessor-version":[{"id":6580,"href":"https:\/\/www.falua.pt\/en\/wp-json\/wp\/v2\/pages\/5557\/revisions\/6580"}],"wp:attachment":[{"href":"https:\/\/www.falua.pt\/en\/wp-json\/wp\/v2\/media?parent=5557"}],"curies":[{"name":"wp","href":"https:\/\/api.w.org\/{rel}","templated":true}]}}