{"id":1599,"date":"2021-03-30T10:53:02","date_gmt":"2021-03-30T10:53:02","guid":{"rendered":"https:\/\/www.falua.pt\/regioes\/"},"modified":"2023-09-27T09:11:07","modified_gmt":"2023-09-27T08:11:07","slug":"regions","status":"publish","type":"page","link":"https:\/\/www.falua.pt\/en\/regions\/","title":{"rendered":"Regions"},"content":{"rendered":"\t\t<div data-elementor-type=\"wp-page\" data-elementor-id=\"1599\" class=\"elementor elementor-1599 elementor-404\" data-elementor-post-type=\"page\">\n\t\t\t\t\t\t<section class=\"elementor-section elementor-top-section elementor-element elementor-element-4fbc61f firstsection img-bg-column-right elementor-reverse-mobile elementor-section-boxed elementor-section-height-default elementor-section-height-default\" data-id=\"4fbc61f\" data-element_type=\"section\" data-e-type=\"section\">\n\t\t\t\t\t\t<div class=\"elementor-container elementor-column-gap-default\">\n\t\t\t\t\t<div class=\"elementor-column elementor-col-50 elementor-top-column elementor-element elementor-element-f042be3 intro\" data-id=\"f042be3\" data-element_type=\"column\" data-e-type=\"column\">\n\t\t\t<div class=\"elementor-widget-wrap elementor-element-populated\">\n\t\t\t\t\t\t<div class=\"elementor-element elementor-element-3b81270 header imgbox-titulo-subtitulo elementor-widget elementor-widget-image-box\" data-id=\"3b81270\" data-element_type=\"widget\" data-e-type=\"widget\" data-widget_type=\"image-box.default\">\n\t\t\t\t<div class=\"elementor-widget-container\">\n\t\t\t\t\t<div class=\"elementor-image-box-wrapper\"><div class=\"elementor-image-box-content\"><h1 class=\"elementor-image-box-title\">Regions<\/h1><p class=\"elementor-image-box-description\">Multi-Regions<\/p><\/div><\/div>\t\t\t\t<\/div>\n\t\t\t\t<\/div>\n\t\t\t\t<div class=\"elementor-element elementor-element-a0b2d57 elementor-widget elementor-widget-text-editor\" data-id=\"a0b2d57\" data-element_type=\"widget\" data-e-type=\"widget\" data-widget_type=\"text-editor.default\">\n\t\t\t\t<div class=\"elementor-widget-container\">\n\t\t\t\t\t\t\t\t\t<p>Historically, Falua\u2019s portfolio originates in different Regions.<\/p><p><br \/>Currently Falua has its own vineyards and wineries in the Tejo and Vinho Verde Regions.<\/p>\t\t\t\t\t\t\t\t<\/div>\n\t\t\t\t<\/div>\n\t\t\t\t\t<\/div>\n\t\t<\/div>\n\t\t\t\t<div class=\"elementor-column elementor-col-50 elementor-top-column elementor-element elementor-element-bec2a6e firstsection-column-bg\" data-id=\"bec2a6e\" data-element_type=\"column\" data-e-type=\"column\" data-settings=\"{&quot;background_background&quot;:&quot;classic&quot;,&quot;motion_fx_motion_fx_scrolling&quot;:&quot;yes&quot;,&quot;motion_fx_translateX_effect&quot;:&quot;yes&quot;,&quot;motion_fx_translateX_direction&quot;:&quot;negative&quot;,&quot;motion_fx_translateX_speed&quot;:{&quot;unit&quot;:&quot;px&quot;,&quot;size&quot;:1,&quot;sizes&quot;:[]},&quot;motion_fx_devices&quot;:[&quot;desktop&quot;,&quot;tablet&quot;],&quot;motion_fx_translateX_affectedRange&quot;:{&quot;unit&quot;:&quot;%&quot;,&quot;size&quot;:&quot;&quot;,&quot;sizes&quot;:{&quot;start&quot;:0,&quot;end&quot;:100}}}\">\n\t\t\t<div class=\"elementor-widget-wrap\">\n\t\t\t\t\t\t\t<\/div>\n\t\t<\/div>\n\t\t\t\t\t<\/div>\n\t\t<\/section>\n\t\t\t\t<section class=\"elementor-section elementor-top-section elementor-element elementor-element-8b4b78a miniaturas-regioes elementor-section-boxed elementor-section-height-default elementor-section-height-default\" data-id=\"8b4b78a\" data-element_type=\"section\" data-e-type=\"section\">\n\t\t\t\t\t\t<div class=\"elementor-container elementor-column-gap-default\">\n\t\t\t\t\t<div class=\"elementor-column elementor-col-33 elementor-top-column elementor-element elementor-element-7fe1b91\" data-id=\"7fe1b91\" data-element_type=\"column\" data-e-type=\"column\">\n\t\t\t<div class=\"elementor-widget-wrap elementor-element-populated\">\n\t\t\t\t\t\t<div class=\"elementor-element elementor-element-153e65c imgbox-titulo-subtitulo small elementor-position-top elementor-widget elementor-widget-image-box\" data-id=\"153e65c\" data-element_type=\"widget\" data-e-type=\"widget\" data-widget_type=\"image-box.default\">\n\t\t\t\t<div class=\"elementor-widget-container\">\n\t\t\t\t\t<div class=\"elementor-image-box-wrapper\"><figure class=\"elementor-image-box-img\"><a href=\"\/en\/tejo\/\" tabindex=\"-1\"><img fetchpriority=\"high\" decoding=\"async\" width=\"1040\" height=\"1040\" src=\"https:\/\/www.falua.pt\/wp-content\/uploads\/2021\/04\/Group-13-1.jpg\" class=\"attachment-full size-full wp-image-1545\" alt=\"\" srcset=\"https:\/\/www.falua.pt\/wp-content\/uploads\/2021\/04\/Group-13-1.jpg 1040w, https:\/\/www.falua.pt\/wp-content\/uploads\/2021\/04\/Group-13-1-300x300.jpg 300w, https:\/\/www.falua.pt\/wp-content\/uploads\/2021\/04\/Group-13-1-1024x1024.jpg 1024w, https:\/\/www.falua.pt\/wp-content\/uploads\/2021\/04\/Group-13-1-150x150.jpg 150w, https:\/\/www.falua.pt\/wp-content\/uploads\/2021\/04\/Group-13-1-768x768.jpg 768w\" sizes=\"(max-width: 1040px) 100vw, 1040px\" \/><\/a><\/figure><div class=\"elementor-image-box-content\"><h3 class=\"elementor-image-box-title\"><a href=\"\/en\/tejo\/\">Tejo<\/a><\/h3><p class=\"elementor-image-box-description\">A unique terroir<\/p><\/div><\/div>\t\t\t\t<\/div>\n\t\t\t\t<\/div>\n\t\t\t\t<div class=\"elementor-element elementor-element-e0def31 elementor-widget elementor-widget-text-editor\" data-id=\"e0def31\" data-element_type=\"widget\" data-e-type=\"widget\" data-widget_type=\"text-editor.default\">\n\t\t\t\t<div class=\"elementor-widget-container\">\n\t\t\t\t\t\t\t\t\t<p>It can be said of a vineyard that it is lush, that it is new, ancient, that it has a terroir, that it gives wines unique characteristics or it can be summed up to: Falua has one of the most beautiful vineyards in Portugal.<\/p><p>Most of the Falua vineyards are located in Charneca, the rest are located in Campo \/ Lez\u00edria.<\/p>\t\t\t\t\t\t\t\t<\/div>\n\t\t\t\t<\/div>\n\t\t\t\t<div class=\"elementor-element elementor-element-6e78313 elementor-widget elementor-widget-button\" data-id=\"6e78313\" data-element_type=\"widget\" data-e-type=\"widget\" data-widget_type=\"button.default\">\n\t\t\t\t<div class=\"elementor-widget-container\">\n\t\t\t\t\t\t\t\t\t<div class=\"elementor-button-wrapper\">\n\t\t\t\t\t<a class=\"elementor-button elementor-button-link elementor-size-sm\" href=\"\/en\/tejo\/\">\n\t\t\t\t\t\t<span class=\"elementor-button-content-wrapper\">\n\t\t\t\t\t\t\t\t\t<span class=\"elementor-button-text\">Discover the region<\/span>\n\t\t\t\t\t<\/span>\n\t\t\t\t\t<\/a>\n\t\t\t\t<\/div>\n\t\t\t\t\t\t\t\t<\/div>\n\t\t\t\t<\/div>\n\t\t\t\t\t<\/div>\n\t\t<\/div>\n\t\t\t\t<div class=\"elementor-column elementor-col-33 elementor-top-column elementor-element elementor-element-93cade3\" data-id=\"93cade3\" data-element_type=\"column\" data-e-type=\"column\" data-settings=\"{&quot;motion_fx_motion_fx_scrolling&quot;:&quot;yes&quot;,&quot;motion_fx_translateY_effect&quot;:&quot;yes&quot;,&quot;motion_fx_translateY_affectedRange&quot;:{&quot;unit&quot;:&quot;%&quot;,&quot;size&quot;:&quot;&quot;,&quot;sizes&quot;:{&quot;start&quot;:50,&quot;end&quot;:100}},&quot;motion_fx_devices&quot;:[&quot;desktop&quot;,&quot;tablet&quot;],&quot;motion_fx_translateY_speed&quot;:{&quot;unit&quot;:&quot;px&quot;,&quot;size&quot;:4,&quot;sizes&quot;:[]}}\">\n\t\t\t<div class=\"elementor-widget-wrap elementor-element-populated\">\n\t\t\t\t\t\t<div class=\"elementor-element elementor-element-d0e8f05 imgbox-titulo-subtitulo small elementor-position-top elementor-widget elementor-widget-image-box\" data-id=\"d0e8f05\" data-element_type=\"widget\" data-e-type=\"widget\" data-widget_type=\"image-box.default\">\n\t\t\t\t<div class=\"elementor-widget-container\">\n\t\t\t\t\t<div class=\"elementor-image-box-wrapper\"><figure class=\"elementor-image-box-img\"><a href=\"\/en\/vinhos-verdes\/\" tabindex=\"-1\"><img decoding=\"async\" width=\"1040\" height=\"1040\" src=\"https:\/\/www.falua.pt\/wp-content\/uploads\/2021\/07\/regiaovinhosverdes.jpg\" class=\"attachment-full size-full wp-image-3410\" alt=\"\" srcset=\"https:\/\/www.falua.pt\/wp-content\/uploads\/2021\/07\/regiaovinhosverdes.jpg 1040w, https:\/\/www.falua.pt\/wp-content\/uploads\/2021\/07\/regiaovinhosverdes-300x300.jpg 300w, https:\/\/www.falua.pt\/wp-content\/uploads\/2021\/07\/regiaovinhosverdes-1024x1024.jpg 1024w, https:\/\/www.falua.pt\/wp-content\/uploads\/2021\/07\/regiaovinhosverdes-150x150.jpg 150w, https:\/\/www.falua.pt\/wp-content\/uploads\/2021\/07\/regiaovinhosverdes-768x768.jpg 768w\" sizes=\"(max-width: 1040px) 100vw, 1040px\" \/><\/a><\/figure><div class=\"elementor-image-box-content\"><h3 class=\"elementor-image-box-title\"><a href=\"\/en\/vinhos-verdes\/\">Vinhos Verdes<\/a><\/h3><p class=\"elementor-image-box-description\">The roots of hospitality<\/p><\/div><\/div>\t\t\t\t<\/div>\n\t\t\t\t<\/div>\n\t\t\t\t<div class=\"elementor-element elementor-element-73fcda6 elementor-widget elementor-widget-text-editor\" data-id=\"73fcda6\" data-element_type=\"widget\" data-e-type=\"widget\" data-widget_type=\"text-editor.default\">\n\t\t\t\t<div class=\"elementor-widget-container\">\n\t\t\t\t\t\t\t\t\t<p>It is believed that the origin of this \u201cQuinta\u201d dates back to the 12th century, a period in history when the mother of D. Afonso Henriques (King of Portugal) &#8211; D. Teresa &#8211; donated the land to the Hospital Order.<\/p><p>In the Middle Ages, hospitals were designed to welcome and give hospitality to travellers.<\/p><p>Quinta do Hospital is a fully walled property in Mon\u00e7\u00e3o and Melga\u00e7o, sub-region of the Vinhos Verdes region.<\/p>\t\t\t\t\t\t\t\t<\/div>\n\t\t\t\t<\/div>\n\t\t\t\t<div class=\"elementor-element elementor-element-6d9ebf9 elementor-widget elementor-widget-button\" data-id=\"6d9ebf9\" data-element_type=\"widget\" data-e-type=\"widget\" data-widget_type=\"button.default\">\n\t\t\t\t<div class=\"elementor-widget-container\">\n\t\t\t\t\t\t\t\t\t<div class=\"elementor-button-wrapper\">\n\t\t\t\t\t<a class=\"elementor-button elementor-button-link elementor-size-sm\" href=\"\/en\/vinhos-verdes\/\">\n\t\t\t\t\t\t<span class=\"elementor-button-content-wrapper\">\n\t\t\t\t\t\t\t\t\t<span class=\"elementor-button-text\">discover the region<\/span>\n\t\t\t\t\t<\/span>\n\t\t\t\t\t<\/a>\n\t\t\t\t<\/div>\n\t\t\t\t\t\t\t\t<\/div>\n\t\t\t\t<\/div>\n\t\t\t\t\t<\/div>\n\t\t<\/div>\n\t\t\t\t<div class=\"elementor-column elementor-col-33 elementor-top-column elementor-element elementor-element-b265e29\" data-id=\"b265e29\" data-element_type=\"column\" data-e-type=\"column\" data-settings=\"{&quot;motion_fx_motion_fx_scrolling&quot;:&quot;yes&quot;,&quot;motion_fx_translateY_effect&quot;:&quot;yes&quot;,&quot;motion_fx_translateY_affectedRange&quot;:{&quot;unit&quot;:&quot;%&quot;,&quot;size&quot;:&quot;&quot;,&quot;sizes&quot;:{&quot;start&quot;:50,&quot;end&quot;:100}},&quot;motion_fx_devices&quot;:[&quot;desktop&quot;,&quot;tablet&quot;],&quot;motion_fx_translateY_speed&quot;:{&quot;unit&quot;:&quot;px&quot;,&quot;size&quot;:2,&quot;sizes&quot;:[]}}\">\n\t\t\t<div class=\"elementor-widget-wrap elementor-element-populated\">\n\t\t\t\t\t\t<div class=\"elementor-element elementor-element-b2de5b1 imgbox-titulo-subtitulo small elementor-position-top elementor-widget elementor-widget-image-box\" data-id=\"b2de5b1\" data-element_type=\"widget\" data-e-type=\"widget\" data-widget_type=\"image-box.default\">\n\t\t\t\t<div class=\"elementor-widget-container\">\n\t\t\t\t\t<div class=\"elementor-image-box-wrapper\"><figure class=\"elementor-image-box-img\"><a href=\"\/en\/douro\/\" tabindex=\"-1\"><img decoding=\"async\" width=\"1040\" height=\"1040\" src=\"https:\/\/www.falua.pt\/wp-content\/uploads\/2023\/09\/Site_imagem_destaque-nas-regioes.png\" class=\"attachment-full size-full wp-image-4935\" alt=\"\" srcset=\"https:\/\/www.falua.pt\/wp-content\/uploads\/2023\/09\/Site_imagem_destaque-nas-regioes.png 1040w, https:\/\/www.falua.pt\/wp-content\/uploads\/2023\/09\/Site_imagem_destaque-nas-regioes-300x300.png 300w, https:\/\/www.falua.pt\/wp-content\/uploads\/2023\/09\/Site_imagem_destaque-nas-regioes-1024x1024.png 1024w, https:\/\/www.falua.pt\/wp-content\/uploads\/2023\/09\/Site_imagem_destaque-nas-regioes-150x150.png 150w, https:\/\/www.falua.pt\/wp-content\/uploads\/2023\/09\/Site_imagem_destaque-nas-regioes-768x768.png 768w\" sizes=\"(max-width: 1040px) 100vw, 1040px\" \/><\/a><\/figure><div class=\"elementor-image-box-content\"><h3 class=\"elementor-image-box-title\"><a href=\"\/en\/douro\/\">Douro<\/a><\/h3><p class=\"elementor-image-box-description\">A geological poem<\/p><\/div><\/div>\t\t\t\t<\/div>\n\t\t\t\t<\/div>\n\t\t\t\t<div class=\"elementor-element elementor-element-3ff7f67 elementor-widget elementor-widget-text-editor\" data-id=\"3ff7f67\" data-element_type=\"widget\" data-e-type=\"widget\" data-widget_type=\"text-editor.default\">\n\t\t\t\t<div class=\"elementor-widget-container\">\n\t\t\t\t\t\t\t\t\t<p>The monumentality of the Alto Douro Vinhateiro landscape has universal value. In 2001, it was inscribed on the UNESCO World Heritage List.\u00a0<\/p><p><span class=\"ui-provider ec bow box boy boz bpa bpb bpc bpd bpe bpf bpg bph bpi bpj bpk bpl bpm bpn bpo bpp bpq bpr bps bpt bpu bpv bpw bpx bpy bpz bqa bqb bqc bqd\" dir=\"ltr\">With its challenging mountain viticulture where the vineyards cover the slopes, creating an immense staircase of terraces and plateaus, this is a unique region where exceptional quality wines are produced.<\/span><\/p>\t\t\t\t\t\t\t\t<\/div>\n\t\t\t\t<\/div>\n\t\t\t\t<div class=\"elementor-element elementor-element-ee6ca9f elementor-widget elementor-widget-button\" data-id=\"ee6ca9f\" data-element_type=\"widget\" data-e-type=\"widget\" data-widget_type=\"button.default\">\n\t\t\t\t<div class=\"elementor-widget-container\">\n\t\t\t\t\t\t\t\t\t<div class=\"elementor-button-wrapper\">\n\t\t\t\t\t<a class=\"elementor-button elementor-button-link elementor-size-sm\" href=\"\/en\/douro\/\">\n\t\t\t\t\t\t<span class=\"elementor-button-content-wrapper\">\n\t\t\t\t\t\t\t\t\t<span class=\"elementor-button-text\">discover the region<\/span>\n\t\t\t\t\t<\/span>\n\t\t\t\t\t<\/a>\n\t\t\t\t<\/div>\n\t\t\t\t\t\t\t\t<\/div>\n\t\t\t\t<\/div>\n\t\t\t\t\t<\/div>\n\t\t<\/div>\n\t\t\t\t\t<\/div>\n\t\t<\/section>\n\t\t\t\t<\/div>\n\t\t","protected":false},"excerpt":{"rendered":"<p>Regions Multi-Regions Historically, Falua\u2019s portfolio originates in different Regions. Currently Falua has its own vineyards and wineries in the Tejo and Vinho Verde Regions. Tejo A unique terroir It can be said of a vineyard that it is lush, that it is new, ancient, that it has a terroir, that it gives wines unique characteristics [&hellip;]<\/p>\n","protected":false},"author":1,"featured_media":0,"parent":0,"menu_order":0,"comment_status":"closed","ping_status":"closed","template":"","meta":{"_acf_changed":false,"site-sidebar-layout":"no-sidebar","site-content-layout":"page-builder","ast-site-content-layout":"default","site-content-style":"default","site-sidebar-style":"default","ast-global-header-display":"","ast-banner-title-visibility":"","ast-main-header-display":"","ast-hfb-above-header-display":"","ast-hfb-below-header-display":"","ast-hfb-mobile-header-display":"","site-post-title":"disabled","ast-breadcrumbs-content":"","ast-featured-img":"disabled","footer-sml-layout":"","ast-disable-related-posts":"","theme-transparent-header-meta":"","adv-header-id-meta":"","stick-header-meta":"","header-above-stick-meta":"","header-main-stick-meta":"","header-below-stick-meta":"","astra-migrate-meta-layouts":"default","ast-page-background-enabled":"default","ast-page-background-meta":{"desktop":{"background-color":"","background-image":"","background-repeat":"repeat","background-position":"center center","background-size":"auto","background-attachment":"scroll","background-type":"","background-media":"","overlay-type":"","overlay-color":"","overlay-opacity":"","overlay-gradient":""},"tablet":{"background-color":"","background-image":"","background-repeat":"repeat","background-position":"center center","background-size":"auto","background-attachment":"scroll","background-type":"","background-media":"","overlay-type":"","overlay-color":"","overlay-opacity":"","overlay-gradient":""},"mobile":{"background-color":"","background-image":"","background-repeat":"repeat","background-position":"center center","background-size":"auto","background-attachment":"scroll","background-type":"","background-media":"","overlay-type":"","overlay-color":"","overlay-opacity":"","overlay-gradient":""}},"ast-content-background-meta":{"desktop":{"background-color":"var(--ast-global-color-5)","background-image":"","background-repeat":"repeat","background-position":"center center","background-size":"auto","background-attachment":"scroll","background-type":"","background-media":"","overlay-type":"","overlay-color":"","overlay-opacity":"","overlay-gradient":""},"tablet":{"background-color":"var(--ast-global-color-5)","background-image":"","background-repeat":"repeat","background-position":"center center","background-size":"auto","background-attachment":"scroll","background-type":"","background-media":"","overlay-type":"","overlay-color":"","overlay-opacity":"","overlay-gradient":""},"mobile":{"background-color":"var(--ast-global-color-5)","background-image":"","background-repeat":"repeat","background-position":"center center","background-size":"auto","background-attachment":"scroll","background-type":"","background-media":"","overlay-type":"","overlay-color":"","overlay-opacity":"","overlay-gradient":""}},"footnotes":""},"class_list":["post-1599","page","type-page","status-publish","hentry"],"acf":[],"_links":{"self":[{"href":"https:\/\/www.falua.pt\/en\/wp-json\/wp\/v2\/pages\/1599","targetHints":{"allow":["GET"]}}],"collection":[{"href":"https:\/\/www.falua.pt\/en\/wp-json\/wp\/v2\/pages"}],"about":[{"href":"https:\/\/www.falua.pt\/en\/wp-json\/wp\/v2\/types\/page"}],"author":[{"embeddable":true,"href":"https:\/\/www.falua.pt\/en\/wp-json\/wp\/v2\/users\/1"}],"replies":[{"embeddable":true,"href":"https:\/\/www.falua.pt\/en\/wp-json\/wp\/v2\/comments?post=1599"}],"version-history":[{"count":44,"href":"https:\/\/www.falua.pt\/en\/wp-json\/wp\/v2\/pages\/1599\/revisions"}],"predecessor-version":[{"id":5079,"href":"https:\/\/www.falua.pt\/en\/wp-json\/wp\/v2\/pages\/1599\/revisions\/5079"}],"wp:attachment":[{"href":"https:\/\/www.falua.pt\/en\/wp-json\/wp\/v2\/media?parent=1599"}],"curies":[{"name":"wp","href":"https:\/\/api.w.org\/{rel}","templated":true}]}}