{"id":1587,"date":"2021-03-30T15:32:41","date_gmt":"2021-03-30T15:32:41","guid":{"rendered":"https:\/\/www.falua.pt\/vinhos-verdes\/"},"modified":"2023-09-15T12:14:47","modified_gmt":"2023-09-15T11:14:47","slug":"vinhos-verdes","status":"publish","type":"page","link":"https:\/\/www.falua.pt\/en\/vinhos-verdes\/","title":{"rendered":"Vinhos Verdes"},"content":{"rendered":"\t\t<div data-elementor-type=\"wp-page\" data-elementor-id=\"1587\" class=\"elementor elementor-1587 elementor-474\" data-elementor-post-type=\"page\">\n\t\t\t\t\t\t<section class=\"elementor-section elementor-top-section elementor-element elementor-element-9240fec firstsection elementor-reverse-mobile elementor-section-boxed elementor-section-height-default elementor-section-height-default\" data-id=\"9240fec\" data-element_type=\"section\" data-e-type=\"section\">\n\t\t\t\t\t\t<div class=\"elementor-container elementor-column-gap-default\">\n\t\t\t\t\t<div class=\"elementor-column elementor-col-33 elementor-top-column elementor-element elementor-element-647f362 intro\" data-id=\"647f362\" data-element_type=\"column\" data-e-type=\"column\">\n\t\t\t<div class=\"elementor-widget-wrap elementor-element-populated\">\n\t\t\t\t\t\t<div class=\"elementor-element elementor-element-6c35173 header imgbox-titulo-subtitulo elementor-widget elementor-widget-image-box\" data-id=\"6c35173\" data-element_type=\"widget\" data-e-type=\"widget\" data-widget_type=\"image-box.default\">\n\t\t\t\t<div class=\"elementor-widget-container\">\n\t\t\t\t\t<div class=\"elementor-image-box-wrapper\"><div class=\"elementor-image-box-content\"><h1 class=\"elementor-image-box-title\">Vinhos Verdes<\/h1><p class=\"elementor-image-box-description\">The sub-region of Mon\u00e7\u00e3o and Melga\u00e7o, the birthplace of the Alvarinho grape variety \u200b\u200b<\/p><\/div><\/div>\t\t\t\t<\/div>\n\t\t\t\t<\/div>\n\t\t\t\t<div class=\"elementor-element elementor-element-6885c0a elementor-widget elementor-widget-text-editor\" data-id=\"6885c0a\" data-element_type=\"widget\" data-e-type=\"widget\" data-widget_type=\"text-editor.default\">\n\t\t\t\t<div class=\"elementor-widget-container\">\n\t\t\t\t\t\t\t\t\t<p>The Demarcated Region of Vinhos Verdes area extends throughout the northwest of Portugal.&nbsp;<\/p><p><span style=\"font-style: inherit; font-weight: inherit;\">In terms of geographical area, it is the largest Demarcated Region in Portugal, and one of the largest in Europe.<\/span><br><\/p><p><span style=\"font-style: inherit; font-weight: inherit;\">In 1908, in order to defend the genuineness and quality of the wine from this region, the Mon\u00e7\u00e3o and Melga\u00e7o sub-region was created when the Demarcated Region of Vinhos Verdes was defined (Law Letter of 1908 of 18 September), the wines of the Alvarinho variety being its worldwide renowned product.<\/span><br><\/p><p><span style=\"font-style: inherit; font-weight: inherit;\">In this sub-region, granite soils predominate. However, in the northwest, there are large amounts of sediments (clay and pebbles), as well as the existence of a schist strip in the central part of the region. Another determining factor of Mon\u00e7\u00e3o and Melga\u00e7o Terroir is the climate, conditioned by the existing terrain in the region. The fact that this region is cut to the south by the \u201cVale do Minho\u201d mountain range, means that it does not suffer the typical Atlantic influence of the Vinhos Verdes Region. Together with the mountainous alignments of the Serra da Galiza to the north &#8211; which reach considerable proportions very close to the river Minho \u2013 it forms a mountainous belt responsible for the existence of a unique microclimate.<\/span><br><\/p><p>This microclimate is characterized by being a temperate Atlantic type climate of continental influence, with cold and rainy winters and a hot and dry summer. The presence of a significant set of water surfaces (rio Minho and main tributaries) induces a regulation of temperatures, which makes the thermal amplitudes suitable for the production of the Alvarinho wine from Mon\u00e7\u00e3o and Melga\u00e7o, a unique product in the world.<\/p>\t\t\t\t\t\t\t\t<\/div>\n\t\t\t\t<\/div>\n\t\t\t\t\t<\/div>\n\t\t<\/div>\n\t\t\t\t<div class=\"elementor-column elementor-col-66 elementor-top-column elementor-element elementor-element-54a9fcb\" data-id=\"54a9fcb\" data-element_type=\"column\" data-e-type=\"column\" data-settings=\"{&quot;background_background&quot;:&quot;classic&quot;}\">\n\t\t\t<div class=\"elementor-widget-wrap elementor-element-populated\">\n\t\t\t\t\t\t<div class=\"elementor-element elementor-element-f717ca6 firstsection-img elementor-widget elementor-widget-image\" data-id=\"f717ca6\" data-element_type=\"widget\" data-e-type=\"widget\" data-widget_type=\"image.default\">\n\t\t\t\t<div class=\"elementor-widget-container\">\n\t\t\t\t\t\t\t\t\t\t\t\t\t\t\t<img fetchpriority=\"high\" decoding=\"async\" width=\"856\" height=\"600\" src=\"https:\/\/www.falua.pt\/wp-content\/uploads\/2021\/07\/falua-em-moncao.png\" class=\"attachment-full size-full wp-image-3406\" alt=\"\" srcset=\"https:\/\/www.falua.pt\/wp-content\/uploads\/2021\/07\/falua-em-moncao.png 856w, https:\/\/www.falua.pt\/wp-content\/uploads\/2021\/07\/falua-em-moncao-300x210.png 300w, https:\/\/www.falua.pt\/wp-content\/uploads\/2021\/07\/falua-em-moncao-768x538.png 768w\" sizes=\"(max-width: 856px) 100vw, 856px\" \/>\t\t\t\t\t\t\t\t\t\t\t\t\t\t\t<\/div>\n\t\t\t\t<\/div>\n\t\t\t\t\t<\/div>\n\t\t<\/div>\n\t\t\t\t\t<\/div>\n\t\t<\/section>\n\t\t\t\t<section class=\"elementor-section elementor-top-section elementor-element elementor-element-5dbf6c3 img-left-text-center elementor-section-boxed elementor-section-height-default elementor-section-height-default\" data-id=\"5dbf6c3\" data-element_type=\"section\" data-e-type=\"section\">\n\t\t\t\t\t\t<div class=\"elementor-container elementor-column-gap-default\">\n\t\t\t\t\t<div class=\"elementor-column elementor-col-100 elementor-top-column elementor-element elementor-element-916007d\" data-id=\"916007d\" data-element_type=\"column\" data-e-type=\"column\">\n\t\t\t<div class=\"elementor-widget-wrap elementor-element-populated\">\n\t\t\t\t\t\t<div class=\"elementor-element elementor-element-a8b3349 imgbox-titulo-subtitulo small elementor-position-top elementor-widget elementor-widget-image-box\" data-id=\"a8b3349\" data-element_type=\"widget\" data-e-type=\"widget\" data-settings=\"{&quot;motion_fx_motion_fx_scrolling&quot;:&quot;yes&quot;,&quot;motion_fx_translateX_effect&quot;:&quot;yes&quot;,&quot;motion_fx_translateX_direction&quot;:&quot;negative&quot;,&quot;motion_fx_translateX_speed&quot;:{&quot;unit&quot;:&quot;px&quot;,&quot;size&quot;:1,&quot;sizes&quot;:[]},&quot;motion_fx_translateX_affectedRange&quot;:{&quot;unit&quot;:&quot;%&quot;,&quot;size&quot;:&quot;&quot;,&quot;sizes&quot;:{&quot;start&quot;:0,&quot;end&quot;:50}},&quot;motion_fx_devices&quot;:[&quot;desktop&quot;,&quot;tablet&quot;]}\" data-widget_type=\"image-box.default\">\n\t\t\t\t<div class=\"elementor-widget-container\">\n\t\t\t\t\t<div class=\"elementor-image-box-wrapper\"><figure class=\"elementor-image-box-img\"><img decoding=\"async\" src=\"https:\/\/www.falua.pt\/wp-content\/uploads\/elementor\/thumbs\/DRONE-MONCAO-DJI_0086-HD-qec8a298nj61zictweq6v9qt0rle9bfgmfauy47m3k.png\" title=\"DRONE-MONCAO-DJI_0086-HD\" alt=\"DRONE-MONCAO-DJI_0086-HD\" loading=\"lazy\" \/><\/figure><\/div>\t\t\t\t<\/div>\n\t\t\t\t<\/div>\n\t\t\t\t\t<\/div>\n\t\t<\/div>\n\t\t\t\t\t<\/div>\n\t\t<\/section>\n\t\t\t\t<section class=\"elementor-section elementor-top-section elementor-element elementor-element-995f1e0 elementor-section-content-top text-left-img-right elementor-reverse-mobile elementor-section-boxed elementor-section-height-default elementor-section-height-default\" data-id=\"995f1e0\" data-element_type=\"section\" data-e-type=\"section\">\n\t\t\t\t\t\t<div class=\"elementor-container elementor-column-gap-default\">\n\t\t\t\t\t<div class=\"elementor-column elementor-col-50 elementor-top-column elementor-element elementor-element-88eb460\" data-id=\"88eb460\" data-element_type=\"column\" data-e-type=\"column\">\n\t\t\t<div class=\"elementor-widget-wrap elementor-element-populated\">\n\t\t\t\t\t\t<div class=\"elementor-element elementor-element-faeec3d imgbox-titulo-subtitulo small elementor-widget elementor-widget-image-box\" data-id=\"faeec3d\" data-element_type=\"widget\" data-e-type=\"widget\" data-widget_type=\"image-box.default\">\n\t\t\t\t<div class=\"elementor-widget-container\">\n\t\t\t\t\t<div class=\"elementor-image-box-wrapper\"><div class=\"elementor-image-box-content\"><h3 class=\"elementor-image-box-title\">FALUA IN THE VINHO VERDE REGION<\/h3><p class=\"elementor-image-box-description\">Originated in the 12th century.\u200b<\/p><\/div><\/div>\t\t\t\t<\/div>\n\t\t\t\t<\/div>\n\t\t\t\t<div class=\"elementor-element elementor-element-d901315 elementor-widget elementor-widget-text-editor\" data-id=\"d901315\" data-element_type=\"widget\" data-e-type=\"widget\" data-widget_type=\"text-editor.default\">\n\t\t\t\t<div class=\"elementor-widget-container\">\n\t\t\t\t\t\t\t\t\t<p>Quinta do Hospital is a fully walled property in Mon\u00e7\u00e3o and Melga\u00e7o, sub-region of the Vinhos Verdes region.<\/p><p>It is believed that the land where the Quinta is located was donated by the mother of Dom Afonso Henriques &#8211; Countess Dona Teresa de Le\u00e3o &#8211; to the Hospital Order of S\u00e3o Jo\u00e3o de Jerusalem or Order of the Hospital, and was part of the invitation to these \u201cHospitallers \u201d if they settled in the \u201cPortucalense\u201d County. The Order of the Hospital was one of the main international institutions of the time and its implantation implied prestige and a strategy to establish an important ally for the autonomic policy that was being developed, contributing to the process of affirmation of the County and its subsequent independence, leading to the formation of Portugal.<\/p>\t\t\t\t\t\t\t\t<\/div>\n\t\t\t\t<\/div>\n\t\t\t\t\t<\/div>\n\t\t<\/div>\n\t\t\t\t<div class=\"elementor-column elementor-col-50 elementor-top-column elementor-element elementor-element-e3fdd07\" data-id=\"e3fdd07\" data-element_type=\"column\" data-e-type=\"column\">\n\t\t\t<div class=\"elementor-widget-wrap elementor-element-populated\">\n\t\t\t\t\t\t<div class=\"elementor-element elementor-element-68538c4 elementor-widget elementor-widget-image\" data-id=\"68538c4\" data-element_type=\"widget\" data-e-type=\"widget\" data-settings=\"{&quot;motion_fx_motion_fx_scrolling&quot;:&quot;yes&quot;,&quot;motion_fx_translateX_effect&quot;:&quot;yes&quot;,&quot;motion_fx_translateX_speed&quot;:{&quot;unit&quot;:&quot;px&quot;,&quot;size&quot;:1,&quot;sizes&quot;:[]},&quot;motion_fx_devices&quot;:[&quot;desktop&quot;,&quot;tablet&quot;],&quot;motion_fx_translateX_affectedRange&quot;:{&quot;unit&quot;:&quot;%&quot;,&quot;size&quot;:&quot;&quot;,&quot;sizes&quot;:{&quot;start&quot;:0,&quot;end&quot;:100}}}\" data-widget_type=\"image.default\">\n\t\t\t\t<div class=\"elementor-widget-container\">\n\t\t\t\t\t\t\t\t\t\t\t\t\t\t\t<img decoding=\"async\" src=\"https:\/\/www.falua.pt\/wp-content\/uploads\/elementor\/thumbs\/DRONE-MONCAO-DJI_0126-HD-qec8a29bp65zperlfswsy4lq6vsrtjfj850jd274qo.png\" title=\"DRONE-MONCAO-DJI_0126-HD\" alt=\"DRONE-MONCAO-DJI_0126-HD\" loading=\"lazy\" \/>\t\t\t\t\t\t\t\t\t\t\t\t\t\t\t<\/div>\n\t\t\t\t<\/div>\n\t\t\t\t\t<\/div>\n\t\t<\/div>\n\t\t\t\t\t<\/div>\n\t\t<\/section>\n\t\t\t\t<section class=\"elementor-section elementor-top-section elementor-element elementor-element-a706ca5 small-row col-1 elementor-section-boxed elementor-section-height-default elementor-section-height-default\" data-id=\"a706ca5\" data-element_type=\"section\" data-e-type=\"section\">\n\t\t\t\t\t\t<div class=\"elementor-container elementor-column-gap-default\">\n\t\t\t\t\t<div class=\"elementor-column elementor-col-100 elementor-top-column elementor-element elementor-element-c80f52c\" data-id=\"c80f52c\" data-element_type=\"column\" data-e-type=\"column\">\n\t\t\t<div class=\"elementor-widget-wrap elementor-element-populated\">\n\t\t\t\t\t\t<div class=\"elementor-element elementor-element-0ef1bf4 imgbox-titulo-subtitulo small elementor-position-top elementor-widget elementor-widget-image-box\" data-id=\"0ef1bf4\" data-element_type=\"widget\" data-e-type=\"widget\" data-widget_type=\"image-box.default\">\n\t\t\t\t<div class=\"elementor-widget-container\">\n\t\t\t\t\t<div class=\"elementor-image-box-wrapper\"><figure class=\"elementor-image-box-img\"><img decoding=\"async\" width=\"1590\" height=\"1060\" src=\"https:\/\/www.falua.pt\/wp-content\/uploads\/2021\/07\/MONCAO-EPA00528-HD.png\" class=\"attachment-full size-full wp-image-3386\" alt=\"\" srcset=\"https:\/\/www.falua.pt\/wp-content\/uploads\/2021\/07\/MONCAO-EPA00528-HD.png 1590w, https:\/\/www.falua.pt\/wp-content\/uploads\/2021\/07\/MONCAO-EPA00528-HD-300x200.png 300w, https:\/\/www.falua.pt\/wp-content\/uploads\/2021\/07\/MONCAO-EPA00528-HD-1024x683.png 1024w, https:\/\/www.falua.pt\/wp-content\/uploads\/2021\/07\/MONCAO-EPA00528-HD-768x512.png 768w, https:\/\/www.falua.pt\/wp-content\/uploads\/2021\/07\/MONCAO-EPA00528-HD-1536x1024.png 1536w\" sizes=\"(max-width: 1590px) 100vw, 1590px\" \/><\/figure><div class=\"elementor-image-box-content\"><h3 class=\"elementor-image-box-title\">Vinha da quinta do hospital<\/h3><p class=\"elementor-image-box-description\">In one of the largest and most impressive valleys of the Minho<\/p><\/div><\/div>\t\t\t\t<\/div>\n\t\t\t\t<\/div>\n\t\t\t\t<div class=\"elementor-element elementor-element-d93076e elementor-widget elementor-widget-text-editor\" data-id=\"d93076e\" data-element_type=\"widget\" data-e-type=\"widget\" data-widget_type=\"text-editor.default\">\n\t\t\t\t<div class=\"elementor-widget-container\">\n\t\t\t\t\t\t\t\t\t<p><span style=\"white-space: pre-wrap;\">Quinta do Hospital is currently a notable Minho farm, formed by an agro-forest area of 25 hectares, on the left bank of the river Minho, a little upstream from the mouth of its beautiful tributary \u2013 the river Mouro.<br \/><br \/><\/span><\/p><p><span style=\"white-space: pre-wrap;\">The vineyard is located in one of the largest and most striking valleys of the Minho.<br \/><br \/><\/span><\/p><div>\u00a0<\/div>\t\t\t\t\t\t\t\t<\/div>\n\t\t\t\t<\/div>\n\t\t\t\t\t<\/div>\n\t\t<\/div>\n\t\t\t\t\t<\/div>\n\t\t<\/section>\n\t\t\t\t<section class=\"elementor-section elementor-top-section elementor-element elementor-element-0ce2f5c img-right-text-center elementor-section-boxed elementor-section-height-default elementor-section-height-default\" data-id=\"0ce2f5c\" data-element_type=\"section\" data-e-type=\"section\">\n\t\t\t\t\t\t<div class=\"elementor-container elementor-column-gap-default\">\n\t\t\t\t\t<div class=\"elementor-column elementor-col-100 elementor-top-column elementor-element elementor-element-b8777a4\" data-id=\"b8777a4\" data-element_type=\"column\" data-e-type=\"column\">\n\t\t\t<div class=\"elementor-widget-wrap elementor-element-populated\">\n\t\t\t\t\t\t<div class=\"elementor-element elementor-element-1c7b7ce img-desktop-66 elementor-hidden-phone elementor-widget elementor-widget-image\" data-id=\"1c7b7ce\" data-element_type=\"widget\" data-e-type=\"widget\" data-settings=\"{&quot;motion_fx_motion_fx_scrolling&quot;:&quot;yes&quot;,&quot;motion_fx_translateX_effect&quot;:&quot;yes&quot;,&quot;motion_fx_translateX_direction&quot;:&quot;negative&quot;,&quot;motion_fx_translateX_speed&quot;:{&quot;unit&quot;:&quot;px&quot;,&quot;size&quot;:1,&quot;sizes&quot;:[]},&quot;motion_fx_devices&quot;:[&quot;desktop&quot;,&quot;tablet&quot;],&quot;motion_fx_translateX_affectedRange&quot;:{&quot;unit&quot;:&quot;%&quot;,&quot;size&quot;:&quot;&quot;,&quot;sizes&quot;:{&quot;start&quot;:0,&quot;end&quot;:100}}}\" data-widget_type=\"image.default\">\n\t\t\t\t<div class=\"elementor-widget-container\">\n\t\t\t\t\t\t\t\t\t\t\t\t\t\t\t<img decoding=\"async\" src=\"https:\/\/www.falua.pt\/wp-content\/uploads\/elementor\/thumbs\/MONCAO-EPA24115-HD-e1626363532131-qec8a29bdrmymgqa0fwk82px9my8h5dls4d4lzl85k.jpg\" title=\"MONCAO-EPA24115-HD\" alt=\"MONCAO-EPA24115-HD\" loading=\"lazy\" \/>\t\t\t\t\t\t\t\t\t\t\t\t\t\t\t<\/div>\n\t\t\t\t<\/div>\n\t\t\t\t<div class=\"elementor-element elementor-element-dc0574d imgbox-titulo-subtitulo small elementor-position-top elementor-widget elementor-widget-image-box\" data-id=\"dc0574d\" data-element_type=\"widget\" data-e-type=\"widget\" data-settings=\"{&quot;motion_fx_motion_fx_scrolling&quot;:&quot;yes&quot;,&quot;motion_fx_translateX_effect&quot;:&quot;yes&quot;,&quot;motion_fx_translateX_speed&quot;:{&quot;unit&quot;:&quot;px&quot;,&quot;size&quot;:1,&quot;sizes&quot;:[]},&quot;motion_fx_translateX_affectedRange&quot;:{&quot;unit&quot;:&quot;%&quot;,&quot;size&quot;:&quot;&quot;,&quot;sizes&quot;:{&quot;start&quot;:0,&quot;end&quot;:50}},&quot;motion_fx_devices&quot;:[&quot;desktop&quot;,&quot;tablet&quot;]}\" data-widget_type=\"image-box.default\">\n\t\t\t\t<div class=\"elementor-widget-container\">\n\t\t\t\t\t<div class=\"elementor-image-box-wrapper\"><figure class=\"elementor-image-box-img\"><img decoding=\"async\" width=\"1068\" height=\"489\" src=\"https:\/\/www.falua.pt\/wp-content\/uploads\/2021\/07\/MONCAO-EPA23963-HD_2-1.png\" class=\"attachment-full size-full wp-image-3400\" alt=\"\" srcset=\"https:\/\/www.falua.pt\/wp-content\/uploads\/2021\/07\/MONCAO-EPA23963-HD_2-1.png 1068w, https:\/\/www.falua.pt\/wp-content\/uploads\/2021\/07\/MONCAO-EPA23963-HD_2-1-300x137.png 300w, https:\/\/www.falua.pt\/wp-content\/uploads\/2021\/07\/MONCAO-EPA23963-HD_2-1-1024x469.png 1024w, https:\/\/www.falua.pt\/wp-content\/uploads\/2021\/07\/MONCAO-EPA23963-HD_2-1-768x352.png 768w\" sizes=\"(max-width: 1068px) 100vw, 1068px\" \/><\/figure><div class=\"elementor-image-box-content\"><h3 class=\"elementor-image-box-title\">the winery<\/h3><p class=\"elementor-image-box-description\">Exceptional conditions for creating wines that tell the story of a region<\/p><\/div><\/div>\t\t\t\t<\/div>\n\t\t\t\t<\/div>\n\t\t\t\t<div class=\"elementor-element elementor-element-76c8e22 elementor-widget elementor-widget-text-editor\" data-id=\"76c8e22\" data-element_type=\"widget\" data-e-type=\"widget\" data-widget_type=\"text-editor.default\">\n\t\t\t\t<div class=\"elementor-widget-container\">\n\t\t\t\t\t\t\t\t\t<p>A modern winery, created from scratch, designed in every detail to meet the demands of high-quality production.<\/p>\t\t\t\t\t\t\t\t<\/div>\n\t\t\t\t<\/div>\n\t\t\t\t\t<\/div>\n\t\t<\/div>\n\t\t\t\t\t<\/div>\n\t\t<\/section>\n\t\t\t\t<section class=\"elementor-section elementor-top-section elementor-element elementor-element-a3c74f7 elementor-section-boxed elementor-section-height-default elementor-section-height-default\" data-id=\"a3c74f7\" data-element_type=\"section\" data-e-type=\"section\">\n\t\t\t\t\t\t<div class=\"elementor-container elementor-column-gap-default\">\n\t\t\t\t\t<div class=\"elementor-column elementor-col-100 elementor-top-column elementor-element elementor-element-13fc701\" data-id=\"13fc701\" data-element_type=\"column\" data-e-type=\"column\">\n\t\t\t<div class=\"elementor-widget-wrap elementor-element-populated\">\n\t\t\t\t\t\t<div class=\"elementor-element elementor-element-9a7d4c5 imgbox-titulo-subtitulo elementor-widget elementor-widget-image-box\" data-id=\"9a7d4c5\" data-element_type=\"widget\" data-e-type=\"widget\" data-widget_type=\"image-box.default\">\n\t\t\t\t<div class=\"elementor-widget-container\">\n\t\t\t\t\t<div class=\"elementor-image-box-wrapper\"><div class=\"elementor-image-box-content\"><h3 class=\"elementor-image-box-title\">vinhos verdes<\/h3><p class=\"elementor-image-box-description\">Pieces of a history that reveals\nitself in each bottle<\/p><\/div><\/div>\t\t\t\t<\/div>\n\t\t\t\t<\/div>\n\t\t\t\t\t<\/div>\n\t\t<\/div>\n\t\t\t\t\t<\/div>\n\t\t<\/section>\n\t\t\t\t<section class=\"elementor-section elementor-top-section elementor-element elementor-element-1412573 miniaturas-marcas elementor-section-boxed elementor-section-height-default elementor-section-height-default\" data-id=\"1412573\" data-element_type=\"section\" data-e-type=\"section\">\n\t\t\t\t\t\t<div class=\"elementor-container elementor-column-gap-default\">\n\t\t\t\t\t<div class=\"elementor-column elementor-col-33 elementor-top-column elementor-element elementor-element-3214467\" data-id=\"3214467\" data-element_type=\"column\" data-e-type=\"column\">\n\t\t\t<div class=\"elementor-widget-wrap elementor-element-populated\">\n\t\t\t\t\t\t<div class=\"elementor-element elementor-element-05de124 imgbox-titulo-subtitulo small elementor-position-top elementor-widget elementor-widget-image-box\" data-id=\"05de124\" data-element_type=\"widget\" data-e-type=\"widget\" data-widget_type=\"image-box.default\">\n\t\t\t\t<div class=\"elementor-widget-container\">\n\t\t\t\t\t<div class=\"elementor-image-box-wrapper\"><figure class=\"elementor-image-box-img\"><a href=\"\/en\/marca\/barao-do-hospital-en-2\/\" tabindex=\"-1\"><img loading=\"lazy\" decoding=\"async\" width=\"816\" height=\"816\" src=\"https:\/\/www.falua.pt\/wp-content\/uploads\/2021\/03\/marcas-baraodohospital.jpg\" class=\"attachment-full size-full wp-image-1317\" alt=\"\" \/><\/a><\/figure><div class=\"elementor-image-box-content\"><h3 class=\"elementor-image-box-title\"><a href=\"\/en\/marca\/barao-do-hospital-en-2\/\">Bar\u00e3o do Hospital<\/a><\/h3><p class=\"elementor-image-box-description\">The roots of hospitality<\/p><\/div><\/div>\t\t\t\t<\/div>\n\t\t\t\t<\/div>\n\t\t\t\t<div class=\"elementor-element elementor-element-4e8f10f elementor-widget elementor-widget-text-editor\" data-id=\"4e8f10f\" data-element_type=\"widget\" data-e-type=\"widget\" data-widget_type=\"text-editor.default\">\n\t\t\t\t<div class=\"elementor-widget-container\">\n\t\t\t\t\t\t\t\t\t<p>The title \u201cBar\u00e3o do Hospital\u201d was awarded to one of the previous owners of Quinta do Hospital.<\/p><p><br \/>In the Middle Ages, hospitals were spaces created in the spirit of helping others, designed to welcome and give \u201chospitality\u201d to travelers.<\/p><p>\u00a0<\/p>\t\t\t\t\t\t\t\t<\/div>\n\t\t\t\t<\/div>\n\t\t\t\t<div class=\"elementor-element elementor-element-90ad89b elementor-widget elementor-widget-button\" data-id=\"90ad89b\" data-element_type=\"widget\" data-e-type=\"widget\" data-widget_type=\"button.default\">\n\t\t\t\t<div class=\"elementor-widget-container\">\n\t\t\t\t\t\t\t\t\t<div class=\"elementor-button-wrapper\">\n\t\t\t\t\t<a class=\"elementor-button elementor-button-link elementor-size-sm\" href=\"\/en\/marca\/barao-do-hospital-en-2\/\">\n\t\t\t\t\t\t<span class=\"elementor-button-content-wrapper\">\n\t\t\t\t\t\t\t\t\t<span class=\"elementor-button-text\">discover the wines<\/span>\n\t\t\t\t\t<\/span>\n\t\t\t\t\t<\/a>\n\t\t\t\t<\/div>\n\t\t\t\t\t\t\t\t<\/div>\n\t\t\t\t<\/div>\n\t\t\t\t\t<\/div>\n\t\t<\/div>\n\t\t\t\t<div class=\"elementor-column elementor-col-33 elementor-top-column elementor-element elementor-element-b5dfaad\" data-id=\"b5dfaad\" data-element_type=\"column\" data-e-type=\"column\">\n\t\t\t<div class=\"elementor-widget-wrap\">\n\t\t\t\t\t\t\t<\/div>\n\t\t<\/div>\n\t\t\t\t<div class=\"elementor-column elementor-col-33 elementor-top-column elementor-element elementor-element-f0b00ba\" data-id=\"f0b00ba\" data-element_type=\"column\" data-e-type=\"column\">\n\t\t\t<div class=\"elementor-widget-wrap\">\n\t\t\t\t\t\t\t<\/div>\n\t\t<\/div>\n\t\t\t\t\t<\/div>\n\t\t<\/section>\n\t\t\t\t<\/div>\n\t\t","protected":false},"excerpt":{"rendered":"<p>Vinhos Verdes The sub-region of Mon\u00e7\u00e3o and Melga\u00e7o, the birthplace of the Alvarinho grape variety \u200b\u200b The Demarcated Region of Vinhos Verdes area extends throughout the northwest of Portugal.&nbsp; In terms of geographical area, it is the largest Demarcated Region in Portugal, and one of the largest in Europe. In 1908, in order to defend [&hellip;]<\/p>\n","protected":false},"author":1,"featured_media":0,"parent":0,"menu_order":0,"comment_status":"closed","ping_status":"closed","template":"","meta":{"_acf_changed":false,"site-sidebar-layout":"no-sidebar","site-content-layout":"page-builder","ast-site-content-layout":"default","site-content-style":"default","site-sidebar-style":"default","ast-global-header-display":"","ast-banner-title-visibility":"","ast-main-header-display":"","ast-hfb-above-header-display":"","ast-hfb-below-header-display":"","ast-hfb-mobile-header-display":"","site-post-title":"disabled","ast-breadcrumbs-content":"","ast-featured-img":"disabled","footer-sml-layout":"","ast-disable-related-posts":"","theme-transparent-header-meta":"default","adv-header-id-meta":"","stick-header-meta":"","header-above-stick-meta":"","header-main-stick-meta":"","header-below-stick-meta":"","astra-migrate-meta-layouts":"default","ast-page-background-enabled":"default","ast-page-background-meta":{"desktop":{"background-color":"","background-image":"","background-repeat":"repeat","background-position":"center center","background-size":"auto","background-attachment":"scroll","background-type":"","background-media":"","overlay-type":"","overlay-color":"","overlay-opacity":"","overlay-gradient":""},"tablet":{"background-color":"","background-image":"","background-repeat":"repeat","background-position":"center center","background-size":"auto","background-attachment":"scroll","background-type":"","background-media":"","overlay-type":"","overlay-color":"","overlay-opacity":"","overlay-gradient":""},"mobile":{"background-color":"","background-image":"","background-repeat":"repeat","background-position":"center center","background-size":"auto","background-attachment":"scroll","background-type":"","background-media":"","overlay-type":"","overlay-color":"","overlay-opacity":"","overlay-gradient":""}},"ast-content-background-meta":{"desktop":{"background-color":"var(--ast-global-color-5)","background-image":"","background-repeat":"repeat","background-position":"center center","background-size":"auto","background-attachment":"scroll","background-type":"","background-media":"","overlay-type":"","overlay-color":"","overlay-opacity":"","overlay-gradient":""},"tablet":{"background-color":"var(--ast-global-color-5)","background-image":"","background-repeat":"repeat","background-position":"center center","background-size":"auto","background-attachment":"scroll","background-type":"","background-media":"","overlay-type":"","overlay-color":"","overlay-opacity":"","overlay-gradient":""},"mobile":{"background-color":"var(--ast-global-color-5)","background-image":"","background-repeat":"repeat","background-position":"center center","background-size":"auto","background-attachment":"scroll","background-type":"","background-media":"","overlay-type":"","overlay-color":"","overlay-opacity":"","overlay-gradient":""}},"footnotes":""},"class_list":["post-1587","page","type-page","status-publish","hentry"],"acf":[],"_links":{"self":[{"href":"https:\/\/www.falua.pt\/en\/wp-json\/wp\/v2\/pages\/1587","targetHints":{"allow":["GET"]}}],"collection":[{"href":"https:\/\/www.falua.pt\/en\/wp-json\/wp\/v2\/pages"}],"about":[{"href":"https:\/\/www.falua.pt\/en\/wp-json\/wp\/v2\/types\/page"}],"author":[{"embeddable":true,"href":"https:\/\/www.falua.pt\/en\/wp-json\/wp\/v2\/users\/1"}],"replies":[{"embeddable":true,"href":"https:\/\/www.falua.pt\/en\/wp-json\/wp\/v2\/comments?post=1587"}],"version-history":[{"count":30,"href":"https:\/\/www.falua.pt\/en\/wp-json\/wp\/v2\/pages\/1587\/revisions"}],"predecessor-version":[{"id":4895,"href":"https:\/\/www.falua.pt\/en\/wp-json\/wp\/v2\/pages\/1587\/revisions\/4895"}],"wp:attachment":[{"href":"https:\/\/www.falua.pt\/en\/wp-json\/wp\/v2\/media?parent=1587"}],"curies":[{"name":"wp","href":"https:\/\/api.w.org\/{rel}","templated":true}]}}